{"id":1907481,"date":"2025-07-27T13:54:06","date_gmt":"2025-07-27T11:54:06","guid":{"rendered":"https:\/\/liquidmaster.pl\/swag-basic-glass-cleaner-easy-500ml-plyn-do-mycia-powierzchni-szklanych\/"},"modified":"2026-04-20T08:30:37","modified_gmt":"2026-04-20T06:30:37","slug":"swag-basic-glass-cleaner-easy-500ml-plyn-do-mycia-powierzchni-szklanych","status":"publish","type":"product","link":"https:\/\/liquidmaster.pl\/en\/swag-basic-glass-cleaner-easy-500ml-plyn-do-mycia-powierzchni-szklanych\/","title":{"rendered":"Swag BASIC GLASS CLEANER EASY 500ml \u2013 glass cleaning liquid"},"content":{"rendered":"<p>Swag BASIC GLASS CLEANER EASY is a glass and glass surface cleaner designed for hobbyists looking for a comprehensive and effective solution for car glass care. It&#039;s ideal for both the exterior and interior of the vehicle \u2013 from windows and mirrors to critical interior elements like air vents, screens, gauges, and decorative moldings.<\/p>\n<p>Swag BASIC GLASS CLEANER EASY has a degreasing formula that instantly removes stubborn dirt from surfaces. Thanks to its optimal composition of active ingredients, the product evaporates instantly, leaving no streaks, leaving a perfectly clean, crystal-clear glass surface.<\/p>\n<p>Swag BASIC GLASS CLEANER EASY has antistatic properties, preventing dust and dirt from accumulating quickly. It&#039;s highly efficient, fast-acting, safe for cleaned surfaces, and has a fresh, fruity aroma that makes cleaning more enjoyable.<\/p>\n<p>PROPERTIES\u00a0<\/p>\n<ul>\n<li>For windows, mirrors and plastics<\/li>\n<li>Degreasing formula\u00a0<\/li>\n<li>Cleans effectively\u00a0<\/li>\n<li>Cockpit, screens and interior trim<\/li>\n<li>Streak-free finish\u00a0<\/li>\n<li>Crystalline effect<\/li>\n<li>Fast evaporation<\/li>\n<li>Safe for surfaces<\/li>\n<li>High performance<\/li>\n<li>Fruity scent<\/li>\n<li>For Hobbyists\u00a0<\/li>\n<\/ul>\n<p>HOW TO USE<\/p>\n<ul>\n<li>Use SBGCE in a shaded place on a cool surface.<\/li>\n<li>Shake the bottle before application.<\/li>\n<\/ul>\n<p>GLASS AND SMOOTH PLASTIC\u00a0<\/p>\n<li>Apply SBGCE to a microfiber cloth dedicated to glass care.<\/li>\n<li>Wipe the surface to be cleaned.<\/li>\n<li>Wipe dry with a second microfiber cloth.<\/li>\n<li>In case of stubborn dirt, repeat the process.<\/li>\n<p>COCKPIT<\/p>\n<li>Apply SBGCE to the microfiber.<\/li>\n<li>Wipe the surface to remove any dirt.<\/li>\n<li>In the case of hard-to-reach places, e.g. crevices, spray the work area with a mist, then loosen the dirt with a soft brush.<\/li>\n<li>Use compressed air to accelerate the evaporation of the SBGCE.<\/li>\n<p>ADDITIONAL RECOMMENDATIONS\u00a0<\/p>\n<ul>\n<li>Do not freeze.<\/li>\n<li>Shake before use.<\/li>\n<li>Protect from sunlight.<\/li>\n<li>Store in a cool and dry place.<\/li>\n<\/ul>\n<p>Capacity 500 ml<\/p>","protected":false},"excerpt":{"rendered":"<p>Swag BASIC GLASS CLEANER EASY to \u015brodek do czyszczenia szyb i powierzchni szklanych, stworzony z my\u015bl\u0105 o Hobbystach poszukuj\u0105cych kompleksowego i skutecznego rozwi\u0105zania do piel\u0119gnacji powierzchni szklanych w samochodzie. Idealnie sprawdza si\u0119 zar\u00f3wno na zewn\u0105trz, jak i wewn\u0105trz pojazdu \u2013 od szyb i lusterek a\u017c po newralgiczne elementy wn\u0119trza, takie jak kratki nawiew\u00f3w, ekrany, liczniki&hellip;&nbsp;<a href=\"https:\/\/liquidmaster.pl\/en\/swag-basic-glass-cleaner-easy-500ml-plyn-do-mycia-powierzchni-szklanych\/\" rel=\"bookmark\">Read More \u00bb<span class=\"screen-reader-text\">Swag BASIC GLASS CLEANER EASY 500ml \u2013 glass cleaning liquid<\/span><\/a><\/p>","protected":false},"featured_media":1907483,"comment_status":"open","ping_status":"open","template":"","meta":{"neve_meta_sidebar":"","neve_meta_container":"","neve_meta_enable_content_width":"","neve_meta_content_width":0,"neve_meta_title_alignment":"","neve_meta_author_avatar":"","neve_post_elements_order":"","neve_meta_disable_header":"","neve_meta_disable_footer":"","neve_meta_disable_title":"","_themeisle_gutenberg_block_has_review":false},"product_brand":[],"product_cat":[733,774,773],"product_tag":[],"class_list":{"0":"post-1907481","1":"product","2":"type-product","3":"status-publish","4":"has-post-thumbnail","6":"product_cat-na-zewnatrz","7":"product_cat-plyny-do-szyb","8":"product_cat-szyby","10":"first","11":"instock","12":"taxable","13":"shipping-taxable","14":"purchasable","15":"product-type-simple"},"_links":{"self":[{"href":"https:\/\/liquidmaster.pl\/en\/wp-json\/wp\/v2\/product\/1907481","targetHints":{"allow":["GET"]}}],"collection":[{"href":"https:\/\/liquidmaster.pl\/en\/wp-json\/wp\/v2\/product"}],"about":[{"href":"https:\/\/liquidmaster.pl\/en\/wp-json\/wp\/v2\/types\/product"}],"replies":[{"embeddable":true,"href":"https:\/\/liquidmaster.pl\/en\/wp-json\/wp\/v2\/comments?post=1907481"}],"wp:featuredmedia":[{"embeddable":true,"href":"https:\/\/liquidmaster.pl\/en\/wp-json\/wp\/v2\/media\/1907483"}],"wp:attachment":[{"href":"https:\/\/liquidmaster.pl\/en\/wp-json\/wp\/v2\/media?parent=1907481"}],"wp:term":[{"taxonomy":"product_brand","embeddable":true,"href":"https:\/\/liquidmaster.pl\/en\/wp-json\/wp\/v2\/product_brand?post=1907481"},{"taxonomy":"product_cat","embeddable":true,"href":"https:\/\/liquidmaster.pl\/en\/wp-json\/wp\/v2\/product_cat?post=1907481"},{"taxonomy":"product_tag","embeddable":true,"href":"https:\/\/liquidmaster.pl\/en\/wp-json\/wp\/v2\/product_tag?post=1907481"}],"curies":[{"name":"wp","href":"https:\/\/api.w.org\/{rel}","templated":true}]}}