{"id":1907478,"date":"2025-07-27T13:52:06","date_gmt":"2025-07-27T11:52:06","guid":{"rendered":"https:\/\/liquidmaster.pl\/swag-basic-deiron-red-wheel-cleaner-500ml-deironizer-do-felg-i-lakieru\/"},"modified":"2026-04-20T08:30:36","modified_gmt":"2026-04-20T06:30:36","slug":"swag-basic-deiron-red-wheel-cleaner-500ml-deironizer-do-felg-i-lakieru","status":"publish","type":"product","link":"https:\/\/liquidmaster.pl\/en\/swag-basic-deiron-red-wheel-cleaner-500ml-deironizer-do-felg-i-lakieru\/","title":{"rendered":"Swag BASIC DEIRON RED WHEEL CLEANER 500ml \u2013 deironizer for rims and paint"},"content":{"rendered":"<p>Swag BASIC DEIRON RED WHEEL CLEANER is a ready-to-use, pH-balanced, &#039;bleeding&#039; Deironizer. Designed for hobbyists seeking an effective and safe solution for cleaning brake dust and rust from wheels and bodywork.<\/p>\n<p>Swag BASIC DEIRON RED WHEEL CLEANER features an effective, efficient, and easy-to-apply formula that delivers fast action and effective removal of stubborn contaminants. Upon contact with metallic deposits, it chemically reacts, turning purple\u2014providing a distinctive &quot;bleeding&quot; effect on the surface and visually confirming the product&#039;s effectiveness.<\/p>\n<p>Swag BASIC DEIRON RED WHEEL CLEANER is safe for painted steel and aluminum rims, has a pleasant fruity scent that makes work more pleasant and eliminates the characteristic odor of Deironizers.\u00a0<\/p>\n<p>PROPERTIES\u00a0<\/p>\n<ul>\n<li>Paint Decontamination<\/li>\n<li>Removes brake dust<\/li>\n<li>Metallic deposits | Volatile rust\u00a0<\/li>\n<li>Bleed effect<\/li>\n<li>High efficiency<\/li>\n<li>Quick application\u00a0<\/li>\n<li>Balanced PH<\/li>\n<li>Immediate action<\/li>\n<li>Supports ongoing care<\/li>\n<li>Versatile use<\/li>\n<li>Fruity scent\u00a0<\/li>\n<li>For Hobbyists\u00a0<\/li>\n<\/ul>\n<p>HOW TO USE<\/p>\n<ul>\n<li>Use SBDRWC in a shaded place on a cool surface.<\/li>\n<li>Do not allow the product to dry out.<\/li>\n<\/ul>\n<p>CLEANING THE RIMS<\/p>\n<li>Apply the agent to the surface using a sprayer.<\/li>\n<li>Wait a few minutes, after a while a &#039;bleeding&#039; effect will appear.<\/li>\n<li>Pre-rinse the rims to remove any loose dirt, this will reduce the risk of scratching the surface.<\/li>\n<li>Repeat the SBDRWC application process.<\/li>\n<li>Brush the rims for a final clean.<\/li>\n<li>Rinse the rim surface thoroughly.<\/li>\n<li>Dry the wheels using a microfiber cloth or blower.<\/li>\n<li>To protect the surface, use e.g. SWAG WHEEL HYDRO PROTECT.<\/li>\n<p>PAINT DEIRONIZATION | removal of metallic filings<\/p>\n<li>Spray the entire vehicle body using a hand sprayer.<\/li>\n<li>Wait up to 10 minutes for the metallic deposit to separate.<\/li>\n<li>Rinse the entire surface of the vehicle.<\/li>\n<li>The varnish prepared in this way is ready for the next stage of decontamination.<\/li>\n<p>ADDITIONAL RECOMMENDATIONS<\/p>\n<ul>\n<li>Do not freeze.<\/li>\n<li>Shake before use.<\/li>\n<li>Protect from sunlight.<\/li>\n<li>Store in a cool and dry place.<\/li>\n<\/ul>\n<p>Capacity 500 ml<\/p>","protected":false},"excerpt":{"rendered":"<p>Swag BASIC DEIRON RED WHEEL CLEANER jest to 'krwawi\u0105cy&#8217; Deironizer o zbalansowanym pH w gotowej do u\u017cycia formie. Zosta\u0142 stworzony my\u015bl\u0105 o Hobbystach, kt\u00f3rzy poszukuj\u0105 skutecznego i bezpiecznego rozwi\u0105zania do czyszczenia felg oraz karoserii z py\u0142u hamulcowego i \u015blad\u00f3w lotnej rdzy. Swag BASIC DEIRON RED WHEEL CLEANER opiera si\u0119 na skutecznej, wydajnej i \u0142atwej w&hellip;&nbsp;<a href=\"https:\/\/liquidmaster.pl\/en\/swag-basic-deiron-red-wheel-cleaner-500ml-deironizer-do-felg-i-lakieru\/\" rel=\"bookmark\">Read More \u00bb<span class=\"screen-reader-text\">Swag BASIC DEIRON RED WHEEL CLEANER 500ml \u2013 deironizer for rims and paint<\/span><\/a><\/p>","protected":false},"featured_media":1907480,"comment_status":"open","ping_status":"open","template":"","meta":{"neve_meta_sidebar":"","neve_meta_container":"","neve_meta_enable_content_width":"","neve_meta_content_width":0,"neve_meta_title_alignment":"","neve_meta_author_avatar":"","neve_post_elements_order":"","neve_meta_disable_header":"","neve_meta_disable_footer":"","neve_meta_disable_title":"","_themeisle_gutenberg_block_has_review":false},"product_brand":[],"product_cat":[744,743,733],"product_tag":[],"class_list":{"0":"post-1907478","1":"product","2":"type-product","3":"status-publish","4":"has-post-thumbnail","6":"product_cat-deironizacja","7":"product_cat-dekontaminacja","8":"product_cat-na-zewnatrz","10":"first","11":"instock","12":"taxable","13":"shipping-taxable","14":"purchasable","15":"product-type-simple"},"_links":{"self":[{"href":"https:\/\/liquidmaster.pl\/en\/wp-json\/wp\/v2\/product\/1907478","targetHints":{"allow":["GET"]}}],"collection":[{"href":"https:\/\/liquidmaster.pl\/en\/wp-json\/wp\/v2\/product"}],"about":[{"href":"https:\/\/liquidmaster.pl\/en\/wp-json\/wp\/v2\/types\/product"}],"replies":[{"embeddable":true,"href":"https:\/\/liquidmaster.pl\/en\/wp-json\/wp\/v2\/comments?post=1907478"}],"wp:featuredmedia":[{"embeddable":true,"href":"https:\/\/liquidmaster.pl\/en\/wp-json\/wp\/v2\/media\/1907480"}],"wp:attachment":[{"href":"https:\/\/liquidmaster.pl\/en\/wp-json\/wp\/v2\/media?parent=1907478"}],"wp:term":[{"taxonomy":"product_brand","embeddable":true,"href":"https:\/\/liquidmaster.pl\/en\/wp-json\/wp\/v2\/product_brand?post=1907478"},{"taxonomy":"product_cat","embeddable":true,"href":"https:\/\/liquidmaster.pl\/en\/wp-json\/wp\/v2\/product_cat?post=1907478"},{"taxonomy":"product_tag","embeddable":true,"href":"https:\/\/liquidmaster.pl\/en\/wp-json\/wp\/v2\/product_tag?post=1907478"}],"curies":[{"name":"wp","href":"https:\/\/api.w.org\/{rel}","templated":true}]}}