{"id":1907466,"date":"2025-07-27T13:48:06","date_gmt":"2025-07-27T11:48:06","guid":{"rendered":"https:\/\/liquidmaster.pl\/swag-apc-rtu-500ml-wielozadaniowy-srodek-czyszczacy-o-zbalansowanym-ph\/"},"modified":"2026-04-18T04:49:28","modified_gmt":"2026-04-18T02:49:28","slug":"swag-apc-rtu-500ml-wielozadaniowy-srodek-czyszczacy-o-zbalansowanym-ph","status":"publish","type":"product","link":"https:\/\/liquidmaster.pl\/en\/swag-apc-rtu-500ml-wielozadaniowy-srodek-czyszczacy-o-zbalansowanym-ph\/","title":{"rendered":"Swag APC RTU 500ml \u2013 pH-balanced multi-purpose cleaner"},"content":{"rendered":"<p>Swag APC ALL PURPOSE CLEANER RTU jest to profesjonalny, wielozadaniowy \u015brodek czyszcz\u0105cy o zbalansowanym pH. Zosta\u0142 stworzony dla Studi\u00f3w Detailingowych i Entuzjast\u00f3w autokosmetyki, kt\u00f3rzy poszukuj\u0105 skutecznego i bezpiecznego produktu do czyszczenia min. wn\u0119trza pojazdu.<\/p>\n<p>Swag APC ALL PURPOSE CLEANER RTU posiada skoncentrowan\u0105 formu\u0142\u0119 opart\u0105 o wyselekcjonowane sk\u0142adniki aktywne, kt\u00f3re zapewniaj\u0105 optymaln\u0105 form\u0119 czyszcz\u0105c\u0105. Produkt usuwa uci\u0105\u017cliwe zabrudzenia z element\u00f3w wn\u0119trza i nadwozia pojazd\u00f3w tj.: plastikowe kokpity, listwy i uszczelki gumowe, elementy pokryte sk\u00f3r\u0105 syntetyczn\u0105 b\u0105d\u017a tekstyliami.<\/p>\n<p>Swag APC ALL PURPOSE CLEANER RTU posiada wszystkie atrybuty profesjonalnego APC tj.: wysoka si\u0142a czyszcz\u0105ca, wszechstronne dzia\u0142anie, bezpiecze\u0144stwo w stosunku do czyszczonych powierzchni i owocowy zapach umilaj\u0105cy prac\u0119.\u00a0<\/p>\n<p>PROPERTIES<\/p>\n<ul>\n<li>Gentle formula<\/li>\n<li>Safe pH<\/li>\n<li>Cleaning plastic and rubber<\/li>\n<li>Inside and outside\u00a0<\/li>\n<li>\u015alady po owadach\u00a0<\/li>\n<li>Versatile action<\/li>\n<li>High cleaning power\u00a0<\/li>\n<li>Interior care<\/li>\n<li>Rich cleansing foam<\/li>\n<li>Perfect for SWAG FOAMER<\/li>\n<li>Fruity scent<\/li>\n<li>Washing exterior elements<\/li>\n<li>For AD Studios and Enthusiasts\u00a0<\/li>\n<\/ul>\n<p>HOW TO USE<\/p>\n<li>SAPC RTU u\u017cywaj w zacienionym miejscu na ch\u0142odnej powierzchni.<\/li>\n<li>Do not allow the product to dry out.<\/li>\n<li>Shake the bottle before use.<\/li>\n<li>WN\u0118TRZE AUTA &#8211; aplikuj SAPC RTU w postaci pianki na p\u0119dzel b\u0105d\u017a szczoteczk\u0119.<\/li>\n<li>ZEWN\u0104TRZ AUTA &#8211; aplikuj SAPC RTU za pomoc\u0105 opryskiwacza.<\/li>\n<li>Distribute SAPC RTU on the work area.<\/li>\n<li>Odczekaj do 1 min., aby SAPC RTU wst\u0119pnie odseparowa\u0142o zabrudzenia.<\/li>\n<li>Clean the surface with a brush and wipe the element dry with a microfiber cloth.<\/li>\n<li>Zakonserwuj powierzchnie produktem dedykowanym np. SWAG INTERIOR DRESSING CREAM SATINE+.<\/li>\n<p>ADDITIONAL RECOMMENDATIONS<\/p>\n<ul>\n<li>Do not freeze.<\/li>\n<li>Shake before use.<\/li>\n<li>Protect from sunlight.<\/li>\n<li>Store in a cool and dry place.<\/li>\n<\/ul>\n<p>Capacity 500 ml<\/p>","protected":false},"excerpt":{"rendered":"<p>Swag APC ALL PURPOSE CLEANER RTU jest to profesjonalny, wielozadaniowy \u015brodek czyszcz\u0105cy o zbalansowanym pH. Zosta\u0142 stworzony dla Studi\u00f3w Detailingowych i Entuzjast\u00f3w autokosmetyki, kt\u00f3rzy poszukuj\u0105 skutecznego i bezpiecznego produktu do czyszczenia min. wn\u0119trza pojazdu. Swag APC ALL PURPOSE CLEANER RTU posiada skoncentrowan\u0105 formu\u0142\u0119 opart\u0105 o wyselekcjonowane sk\u0142adniki aktywne, kt\u00f3re zapewniaj\u0105 optymaln\u0105 form\u0119 czyszcz\u0105c\u0105. Produkt usuwa&hellip;&nbsp;<a href=\"https:\/\/liquidmaster.pl\/en\/swag-apc-rtu-500ml-wielozadaniowy-srodek-czyszczacy-o-zbalansowanym-ph\/\" rel=\"bookmark\">Read More \u00bb<span class=\"screen-reader-text\">Swag APC RTU 500ml \u2013 pH-balanced multi-purpose cleaner<\/span><\/a><\/p>","protected":false},"featured_media":1907468,"comment_status":"open","ping_status":"open","template":"","meta":{"neve_meta_sidebar":"","neve_meta_container":"","neve_meta_enable_content_width":"","neve_meta_content_width":0,"neve_meta_title_alignment":"","neve_meta_author_avatar":"","neve_post_elements_order":"","neve_meta_disable_header":"","neve_meta_disable_footer":"","neve_meta_disable_title":"","_themeisle_gutenberg_block_has_review":false},"product_brand":[],"product_cat":[742,734,733],"product_tag":[],"class_list":{"0":"post-1907466","1":"product","2":"type-product","3":"status-publish","4":"has-post-thumbnail","6":"product_cat-apc-mycie-i-osuszanie","7":"product_cat-mycie-i-osuszanie","8":"product_cat-na-zewnatrz","9":"pa_promocja-promocje","11":"first","12":"instock","13":"taxable","14":"shipping-taxable","15":"purchasable","16":"product-type-simple"},"_links":{"self":[{"href":"https:\/\/liquidmaster.pl\/en\/wp-json\/wp\/v2\/product\/1907466","targetHints":{"allow":["GET"]}}],"collection":[{"href":"https:\/\/liquidmaster.pl\/en\/wp-json\/wp\/v2\/product"}],"about":[{"href":"https:\/\/liquidmaster.pl\/en\/wp-json\/wp\/v2\/types\/product"}],"replies":[{"embeddable":true,"href":"https:\/\/liquidmaster.pl\/en\/wp-json\/wp\/v2\/comments?post=1907466"}],"wp:featuredmedia":[{"embeddable":true,"href":"https:\/\/liquidmaster.pl\/en\/wp-json\/wp\/v2\/media\/1907468"}],"wp:attachment":[{"href":"https:\/\/liquidmaster.pl\/en\/wp-json\/wp\/v2\/media?parent=1907466"}],"wp:term":[{"taxonomy":"product_brand","embeddable":true,"href":"https:\/\/liquidmaster.pl\/en\/wp-json\/wp\/v2\/product_brand?post=1907466"},{"taxonomy":"product_cat","embeddable":true,"href":"https:\/\/liquidmaster.pl\/en\/wp-json\/wp\/v2\/product_cat?post=1907466"},{"taxonomy":"product_tag","embeddable":true,"href":"https:\/\/liquidmaster.pl\/en\/wp-json\/wp\/v2\/product_tag?post=1907466"}],"curies":[{"name":"wp","href":"https:\/\/api.w.org\/{rel}","templated":true}]}}