{"id":1907463,"date":"2025-07-27T13:46:10","date_gmt":"2025-07-27T11:46:10","guid":{"rendered":"https:\/\/liquidmaster.pl\/swag-apc-concentr-gel-v2-5l-zelowy-uniwersalny-srodek-czyszczacy\/"},"modified":"2026-04-18T04:49:27","modified_gmt":"2026-04-18T02:49:27","slug":"swag-apc-concentr-gel-v2-5l-zelowy-uniwersalny-srodek-czyszczacy","status":"publish","type":"product","link":"https:\/\/liquidmaster.pl\/en\/swag-apc-concentr-gel-v2-5l-zelowy-uniwersalny-srodek-czyszczacy\/","title":{"rendered":"Swag APC CONCENTR. GEL V2 5L \u2013 gel, universal cleaner"},"content":{"rendered":"<p>Swag APC CONCENTR. GEL+ V.2 is a professional, multi-purpose, pH-balanced cleaner. Created for detailing studios and car care enthusiasts looking for an effective and safe product for cleaning vehicle interiors and more.<\/p>\n<p>Swag APC CONCENTR. GEL+ V.2 has a concentrated gel formula based on selected active ingredients that provide optimal cleaning performance. The product removes stubborn dirt from vehicle interior and exterior components, such as plastic dashboards, rubber moldings and seals, and elements covered with synthetic leather or textiles.<\/p>\n<p>Swag APC CONCENTR. GEL+ V.2 has all the attributes of a professional APC: high concentration, optimal strength, versatile performance, safety for cleaned surfaces, and a fruity fragrance that makes work more pleasant. Thanks to the high concentration of Swag APC CONCENTR. GEL+ V.2, you can individually choose the type of agent. After selecting the concentration, test the product in an inconspicuous area.<\/p>\n<p>PROPERTIES<\/p>\n<ul>\n<li>Gentle formula<\/li>\n<li>Safe pH<\/li>\n<li>Multi-tasking\u00a0<\/li>\n<li>Outside and inside\u00a0<\/li>\n<li>Versatile action<\/li>\n<li>Individual strength selection<\/li>\n<li>High concentration<\/li>\n<li>Interior care<\/li>\n<li>Rich cleansing foam<\/li>\n<li>Perfect for SWAG FOAMER<\/li>\n<li>Fruity scent<\/li>\n<li>Washing exterior elements<\/li>\n<li>For AD Studios and Enthusiasts\u00a0<\/li>\n<\/ul>\n<p>PROPORTIONS\u00a0<\/p>\n<ul>\n<li>Ongoing care \u2013 1:33 (30ml SA per 1l of water)\u00a0<\/li>\n<li>Cleaning heavily soiled elements \u2013 from 1:10 to 1:20 (from 100ml to 50ml SA per 1 liter of water)\u00a0<\/li>\n<\/ul>\n<p>HOW TO USE<\/p>\n<li>Use SAPCC GEL+ in a shaded place on a cool surface.<\/li>\n<li>Do not allow the product to dry out.<\/li>\n<li>Shake the bottle before use.<\/li>\n<li>Select the nature of the agent, preferred strength and density of the cleaning foam.<\/li>\n<li>Prepare the solution according to the proportions on the label.<\/li>\n<li>To prepare the finished product, use warm water.<\/li>\n<li>CAR INTERIOR \u2013 apply SAPCC in the form of foam on a brush or toothbrush.<\/li>\n<li>OUTSIDE THE CAR \u2013 apply SAPCC using a sprayer.<\/li>\n<li>Spread SA over the work area.<\/li>\n<li>Wait up to 1 minute for SAPCC to initially separate the dirt.<\/li>\n<li>Clean the surface with a brush and wipe the element dry with a microfiber cloth.<\/li>\n<li>Preserve the surface with a dedicated product, e.g. SWAG INTERIOR DRESSING CREAM SATINE+.<\/li>\n<p>ADDITIONAL RECOMMENDATIONS<\/p>\n<ul>\n<li>Do not freeze.<\/li>\n<li>Shake before use.<\/li>\n<li>Protect from sunlight.<\/li>\n<li>Store in a cool and dry place.<\/li>\n<\/ul>\n<p>Capacity 5 L<\/p>","protected":false},"excerpt":{"rendered":"<p>Swag APC CONCENTR. GEL+ V.2 jest to profesjonalny, wielozadaniowy \u015brodek czyszcz\u0105cy o zbalansowanym pH. Zosta\u0142 stworzony dla Studi\u00f3w Detailingowych i Entuzjast\u00f3w autokosmetyki, kt\u00f3rzy poszukuj\u0105 skutecznego i bezpiecznego produktu do czyszczenia min. wn\u0119trza pojazdu. Swag APC CONCENTR. GEL+ V.2 posiada skoncentrowan\u0105, \u017celow\u0105 formu\u0142\u0119 opart\u0105 o wyselekcjonowane sk\u0142adniki aktywne, kt\u00f3re zapewniaj\u0105 optymaln\u0105 form\u0119 czyszcz\u0105c\u0105. Produkt usuwa uci\u0105\u017cliwe&hellip;&nbsp;<a href=\"https:\/\/liquidmaster.pl\/en\/swag-apc-concentr-gel-v2-5l-zelowy-uniwersalny-srodek-czyszczacy\/\" rel=\"bookmark\">Read More \u00bb<span class=\"screen-reader-text\">Swag APC CONCENTR. GEL V2 5L \u2013 gel, universal cleaner<\/span><\/a><\/p>","protected":false},"featured_media":1907465,"comment_status":"open","ping_status":"open","template":"","meta":{"neve_meta_sidebar":"","neve_meta_container":"","neve_meta_enable_content_width":"","neve_meta_content_width":0,"neve_meta_title_alignment":"","neve_meta_author_avatar":"","neve_post_elements_order":"","neve_meta_disable_header":"","neve_meta_disable_footer":"","neve_meta_disable_title":"","_themeisle_gutenberg_block_has_review":false},"product_brand":[],"product_cat":[742,734,733],"product_tag":[],"class_list":{"0":"post-1907463","1":"product","2":"type-product","3":"status-publish","4":"has-post-thumbnail","6":"product_cat-apc-mycie-i-osuszanie","7":"product_cat-mycie-i-osuszanie","8":"product_cat-na-zewnatrz","9":"pa_promocja-promocje","11":"first","12":"instock","13":"taxable","14":"shipping-taxable","15":"purchasable","16":"product-type-simple"},"_links":{"self":[{"href":"https:\/\/liquidmaster.pl\/en\/wp-json\/wp\/v2\/product\/1907463","targetHints":{"allow":["GET"]}}],"collection":[{"href":"https:\/\/liquidmaster.pl\/en\/wp-json\/wp\/v2\/product"}],"about":[{"href":"https:\/\/liquidmaster.pl\/en\/wp-json\/wp\/v2\/types\/product"}],"replies":[{"embeddable":true,"href":"https:\/\/liquidmaster.pl\/en\/wp-json\/wp\/v2\/comments?post=1907463"}],"wp:featuredmedia":[{"embeddable":true,"href":"https:\/\/liquidmaster.pl\/en\/wp-json\/wp\/v2\/media\/1907465"}],"wp:attachment":[{"href":"https:\/\/liquidmaster.pl\/en\/wp-json\/wp\/v2\/media?parent=1907463"}],"wp:term":[{"taxonomy":"product_brand","embeddable":true,"href":"https:\/\/liquidmaster.pl\/en\/wp-json\/wp\/v2\/product_brand?post=1907463"},{"taxonomy":"product_cat","embeddable":true,"href":"https:\/\/liquidmaster.pl\/en\/wp-json\/wp\/v2\/product_cat?post=1907463"},{"taxonomy":"product_tag","embeddable":true,"href":"https:\/\/liquidmaster.pl\/en\/wp-json\/wp\/v2\/product_tag?post=1907463"}],"curies":[{"name":"wp","href":"https:\/\/api.w.org\/{rel}","templated":true}]}}