{"id":1907454,"date":"2025-07-27T13:42:06","date_gmt":"2025-07-27T11:42:06","guid":{"rendered":"https:\/\/liquidmaster.pl\/swag-alkaline-wheel-cleaner-concentr-gel-v2-500ml-zelowy-cleaner-o-zasadowym-ph\/"},"modified":"2026-04-20T08:30:31","modified_gmt":"2026-04-20T06:30:31","slug":"swag-alkaline-wheel-cleaner-concentr-gel-v2-500ml-zelowy-cleaner-o-zasadowym-ph","status":"publish","type":"product","link":"https:\/\/liquidmaster.pl\/en\/swag-alkaline-wheel-cleaner-concentr-gel-v2-500ml-zelowy-cleaner-o-zasadowym-ph\/","title":{"rendered":"Swag ALKALINE WHEEL CLEANER CONCENTR GEL V2 500ml \u2013 gel cleaner with an alkaline pH"},"content":{"rendered":"<p>Swag ALKALINE WHEEL CLEANER CONCENTRATE GEL+ V.2 is a professional cleaner with a high-potency, alkaline pH. It was created for detailing studios and car care enthusiasts looking for an effective and safe product to remove dirt from vehicle rims caused by everyday use.<\/p>\n<p>Swag ALKALINE WHEEL CLEANER CONCENTRATE GEL+ V.2 has a concentrated gel formula based on selected active ingredients that provide optimal cleaning performance. The product removes stubborn dirt from vehicle wheel rims. Its functionality lies somewhere between an acid cleaner, which removes long-standing dirt, and a PH-neutral &quot;bleeding&quot; agent, designed to remove metallic stains.<\/p>\n<p>Swag ALKALINE WHEEL CLEANER CONCENTRATE GEL+ V.2 is designed for cleaning painted steel and aluminum rims, as well as polished rims with a clear coat. The high concentration of SAWC allows for individual adjustments to the product&#039;s specific application. After selecting the concentration, test the product in an inconspicuous area.<\/p>\n<p>Swag ALKALINE WHEEL CLEANER CONCENTRATE GEL+ V.2 has all the attributes of a professional wheel cleaner: high concentration, optimal strength, versatile action, safety for cleaned surfaces, and a fruity scent that makes work more pleasant.<\/p>\n<p>PROPERTIES\u00a0<\/p>\n<ul>\n<li>Gel formula for dirty rims<\/li>\n<li>Highly concentrated\u00a0\u00a0<\/li>\n<li>Alkaline PH<\/li>\n<li>High cleaning power<\/li>\n<li>Removes brake dust<\/li>\n<li>Versatile use<\/li>\n<li>Supports ongoing care<\/li>\n<li>Individual selection of strength<\/li>\n<li>Speed of action<\/li>\n<li>AD Studios and Enthusiasts\u00a0<\/li>\n<\/ul>\n<p>DILUTION\u00a0<\/p>\n<ul>\n<li>Routine rim care \u2013 1:20 (50ml SAWC per 1l of water)\u00a0<\/li>\n<li>Cleaning heavily soiled rims \u2013 up to 1:10 (up to 100ml per 1l of water)\u00a0<\/li>\n<\/ul>\n<p>HOW TO USE<\/p>\n<li>Choose the nature and strength of the agent, prepare the solution according to the proportions on the label.<\/li>\n<li>Shake the bottle before use.<\/li>\n<li>Use SAWCC GEL+ V.2 in a shaded place on a cool surface.<\/li>\n<li>Do not allow the product to dry out.<\/li>\n<li>Apply SAWCC GEL+ V.2 by spraying or brushing onto the rim surface.<\/li>\n<li>Use the product only for cleaning painted rims, be careful with emblems.<\/li>\n<li>Wait up to 5 minutes for the dirt to separate.<\/li>\n<li>Pre-rinse the rims to remove any loose dirt.<\/li>\n<li>This way you will minimize the risk of scratching the paint while brushing.<\/li>\n<li>Repeat the SAWCC GEL+ V.2 application process.<\/li>\n<li>Brush the rims for a final clean.<\/li>\n<li>Rinse the rim surface thoroughly.<\/li>\n<li>Dry the wheels using a microfiber cloth or blower.<\/li>\n<li>For ongoing protection of rims, use e.g. SWAG CERAMIC RELOADER<\/li>\n<p>ADDITIONAL RECOMMENDATIONS<\/p>\n<ul>\n<li>Do not freeze.<\/li>\n<li>Shake before use.<\/li>\n<li>Protect from sunlight.<\/li>\n<li>Store in a cool and dry place.<\/li>\n<\/ul>\n<p>Capacity 500 ml<\/p>","protected":false},"excerpt":{"rendered":"<p>Swag ALKALINE WHEEL CLEANER CONCENTR. GEL+ V.2 jest to profesjonalny Cleaner o zasadowym pH i du\u017cej sile dzia\u0142ania. Zosta\u0142 stworzony dla Studi\u00f3w Detailingowych i Entuzjast\u00f3w autokosmetyki, kt\u00f3rzy poszukuj\u0105 skutecznego i bezpiecznego produktu do usuwanie zabrudze\u0144 felg pojazd\u00f3w spowodowanych bie\u017c\u0105c\u0105 eksploatacj\u0105. Swag ALKALINE WHEEL CLEANER CONCENTR. GEL+ V.2 posiada skoncentrowan\u0105, \u017celow\u0105 formu\u0142\u0119 opart\u0105 o wyselekcjonowane sk\u0142adniki&hellip;&nbsp;<a href=\"https:\/\/liquidmaster.pl\/en\/swag-alkaline-wheel-cleaner-concentr-gel-v2-500ml-zelowy-cleaner-o-zasadowym-ph\/\" rel=\"bookmark\">Read More \u00bb<span class=\"screen-reader-text\">Swag ALKALINE WHEEL CLEANER CONCENTR GEL V2 500ml \u2013 gel cleaner with an alkaline pH<\/span><\/a><\/p>","protected":false},"featured_media":1907456,"comment_status":"open","ping_status":"open","template":"","meta":{"neve_meta_sidebar":"","neve_meta_container":"","neve_meta_enable_content_width":"","neve_meta_content_width":0,"neve_meta_title_alignment":"","neve_meta_author_avatar":"","neve_post_elements_order":"","neve_meta_disable_header":"","neve_meta_disable_footer":"","neve_meta_disable_title":"","_themeisle_gutenberg_block_has_review":false},"product_brand":[],"product_cat":[746,745,733],"product_tag":[],"class_list":{"0":"post-1907454","1":"product","2":"type-product","3":"status-publish","4":"has-post-thumbnail","6":"product_cat-czyszczenie-felg","7":"product_cat-kola-i-opony","8":"product_cat-na-zewnatrz","10":"first","11":"instock","12":"taxable","13":"shipping-taxable","14":"purchasable","15":"product-type-simple"},"_links":{"self":[{"href":"https:\/\/liquidmaster.pl\/en\/wp-json\/wp\/v2\/product\/1907454","targetHints":{"allow":["GET"]}}],"collection":[{"href":"https:\/\/liquidmaster.pl\/en\/wp-json\/wp\/v2\/product"}],"about":[{"href":"https:\/\/liquidmaster.pl\/en\/wp-json\/wp\/v2\/types\/product"}],"replies":[{"embeddable":true,"href":"https:\/\/liquidmaster.pl\/en\/wp-json\/wp\/v2\/comments?post=1907454"}],"wp:featuredmedia":[{"embeddable":true,"href":"https:\/\/liquidmaster.pl\/en\/wp-json\/wp\/v2\/media\/1907456"}],"wp:attachment":[{"href":"https:\/\/liquidmaster.pl\/en\/wp-json\/wp\/v2\/media?parent=1907454"}],"wp:term":[{"taxonomy":"product_brand","embeddable":true,"href":"https:\/\/liquidmaster.pl\/en\/wp-json\/wp\/v2\/product_brand?post=1907454"},{"taxonomy":"product_cat","embeddable":true,"href":"https:\/\/liquidmaster.pl\/en\/wp-json\/wp\/v2\/product_cat?post=1907454"},{"taxonomy":"product_tag","embeddable":true,"href":"https:\/\/liquidmaster.pl\/en\/wp-json\/wp\/v2\/product_tag?post=1907454"}],"curies":[{"name":"wp","href":"https:\/\/api.w.org\/{rel}","templated":true}]}}