{"id":1907451,"date":"2025-07-27T13:40:14","date_gmt":"2025-07-27T11:40:14","guid":{"rendered":"https:\/\/liquidmaster.pl\/swag-alkaline-wheel-cleaner-fluo-gel-rtu-v2-500ml-cleaner-o-zasadowym-ph-i-zelowej-konsystencji\/"},"modified":"2026-04-18T04:49:25","modified_gmt":"2026-04-18T02:49:25","slug":"swag-alkaline-wheel-cleaner-fluo-gel-rtu-v2-500ml-cleaner-o-zasadowym-ph-i-zelowej-konsystencji","status":"publish","type":"product","link":"https:\/\/liquidmaster.pl\/en\/swag-alkaline-wheel-cleaner-fluo-gel-rtu-v2-500ml-cleaner-o-zasadowym-ph-i-zelowej-konsystencji\/","title":{"rendered":"Swag ALKALINE WHEEL CLEANER FLUO GEL RTU V2 500ml \u2013 cleaner with an alkaline pH and gel consistency"},"content":{"rendered":"<p>Swag ALKALINE WHEEL CLEANER FLUO GEL+ RTU V.2 jest to profesjonalny Cleaner o zasadowym pH i du\u017cej sile dzia\u0142ania. Zosta\u0142 stworzony dla Studi\u00f3w Detailingowych i Entuzjast\u00f3w autokosmetyki, kt\u00f3rzy poszukuj\u0105 skutecznego i bezpiecznego produktu do usuwania zabrudze\u0144 z felg pojazd\u00f3w spowodowanych bie\u017c\u0105c\u0105 eksploatacj\u0105.<\/p>\n<p>Swag ALKALINE WHEEL CLEANER FLUO GEL+ RTU V.2 posiada gotow\u0105 do u\u017cycia, now\u0105 formu\u0142\u0119, opart\u0105 o wyselekcjonowane sk\u0142adniki aktywne, kt\u00f3re zapewniaj\u0105 optymaln\u0105 form\u0119 czyszcz\u0105c\u0105. Produkt usuwa uci\u0105\u017cliwe zabrudzenia z obr\u0119czy k\u00f3\u0142 pojazd\u00f3w. Charakter u\u017cytkowy produktu znajduje si\u0119 pomi\u0119dzy Cleanerami kwasowymi, kt\u00f3re s\u0142u\u017c\u0105 do usuwania wieloletnich zabrudze\u0144, a \u015brodkami z efektem &#8221;krwawienia\u201d o neutralnym pH przeznaczonymi do usuwania zabrudze\u0144 metalicznych.\u00a0<\/p>\n<p>Swag ALKALINE WHEEL CLEANER FLUO GEL+ RTU V.2 posiada fluorescenycjny\/neonowy kolor kt\u00f3ry u\u0142atwia dok\u0142adne na\u0142o\u017cenie produktu.<\/p>\n<p>Swag ALKALINE WHEEL CLEANER FLUO GEL+ RTU V.2 przeznaczony jest do czyszczenia felg wykonanych ze stali i aluminium o wyko\u0144czeniu lakierowanym, a tak\u017ce felg polerowanych, je\u015bli s\u0105 pokryte lakierem bezbarwnym.<\/p>\n<p>Swag ALKALINE WHEEL CLEANER FLUO GEL+ RTU V.2 posiada wszystkie atrybuty profesjonalnego Cleanera do felg pojazd\u00f3w tj.: wysok\u0105 si\u0142\u0119 czyszcz\u0105c\u0105, wszechstronne dzia\u0142anie, bezpiecze\u0144stwo w stosunku do czyszczonych powierzchni i owocowy zapach umilaj\u0105cy prac\u0119.<\/p>\n<p>PROPERTIES\u00a0<\/p>\n<ul>\n<li>Formu\u0142a dla brudnych felg\u00a0\u00a0<\/li>\n<li>Fluorescencyjny kolor\u00a0<\/li>\n<li>Alkaline PH<\/li>\n<li>Wysoka si\u0142a czyszczenia<\/li>\n<li>Removes brake dust<\/li>\n<li>Versatile use<\/li>\n<li>Supports ongoing care<\/li>\n<li>Speed of action<\/li>\n<li>AD Studios and Enthusiasts\u00a0<\/li>\n<\/ul>\n<p>HOW TO USE<\/p>\n<li>Shake the bottle before use.<\/li>\n<li>SAWCFG+ RTU V.2 u\u017cywaj w zacienionym miejscu na ch\u0142odnej powierzchni.<\/li>\n<li>Do not allow the product to dry out.<\/li>\n<li>Nanie\u015b SAWCFG+ RTU V.2 za pomoc\u0105 oprysku b\u0105d\u017a p\u0119dzla na powierzchni\u0119 felgi.<\/li>\n<li>Use the product only for cleaning painted rims, be careful with emblems.<\/li>\n<li>Wait up to 5 minutes for the dirt to separate.<\/li>\n<li>Pre-rinse the rims to remove any loose dirt.<\/li>\n<li>This way you will minimize the risk of scratching the paint while brushing.<\/li>\n<li>Powt\u00f3rz proces aplikacji SAWCFG+ RTU V.2.<\/li>\n<li>Brush the rims for a final clean.<\/li>\n<li>Rinse the rim surface thoroughly.<\/li>\n<li>Dry the wheels using a microfiber cloth or blower.<\/li>\n<li>For ongoing protection of rims, use e.g. SWAG CERAMIC RELOADER.<\/li>\n<p>ADDITIONAL RECOMMENDATIONS<\/p>\n<ul>\n<li>Do not freeze.<\/li>\n<li>Shake before use.<\/li>\n<li>Protect from sunlight.<\/li>\n<li>Store in a cool and dry place.<\/li>\n<\/ul>\n<p>Capacity 500 ml<\/p>","protected":false},"excerpt":{"rendered":"<p>Swag ALKALINE WHEEL CLEANER FLUO GEL+ RTU V.2 jest to profesjonalny Cleaner o zasadowym pH i du\u017cej sile dzia\u0142ania. Zosta\u0142 stworzony dla Studi\u00f3w Detailingowych i Entuzjast\u00f3w autokosmetyki, kt\u00f3rzy poszukuj\u0105 skutecznego i bezpiecznego produktu do usuwania zabrudze\u0144 z felg pojazd\u00f3w spowodowanych bie\u017c\u0105c\u0105 eksploatacj\u0105. Swag ALKALINE WHEEL CLEANER FLUO GEL+ RTU V.2 posiada gotow\u0105 do u\u017cycia, now\u0105&hellip;&nbsp;<a href=\"https:\/\/liquidmaster.pl\/en\/swag-alkaline-wheel-cleaner-fluo-gel-rtu-v2-500ml-cleaner-o-zasadowym-ph-i-zelowej-konsystencji\/\" rel=\"bookmark\">Read More \u00bb<span class=\"screen-reader-text\">Swag ALKALINE WHEEL CLEANER FLUO GEL RTU V2 500ml \u2013 cleaner with an alkaline pH and gel consistency<\/span><\/a><\/p>","protected":false},"featured_media":1907453,"comment_status":"open","ping_status":"open","template":"","meta":{"neve_meta_sidebar":"","neve_meta_container":"","neve_meta_enable_content_width":"","neve_meta_content_width":0,"neve_meta_title_alignment":"","neve_meta_author_avatar":"","neve_post_elements_order":"","neve_meta_disable_header":"","neve_meta_disable_footer":"","neve_meta_disable_title":"","_themeisle_gutenberg_block_has_review":false},"product_brand":[],"product_cat":[746,745,733],"product_tag":[],"class_list":{"0":"post-1907451","1":"product","2":"type-product","3":"status-publish","4":"has-post-thumbnail","6":"product_cat-czyszczenie-felg","7":"product_cat-kola-i-opony","8":"product_cat-na-zewnatrz","10":"first","11":"outofstock","12":"taxable","13":"shipping-taxable","14":"purchasable","15":"product-type-simple"},"_links":{"self":[{"href":"https:\/\/liquidmaster.pl\/en\/wp-json\/wp\/v2\/product\/1907451","targetHints":{"allow":["GET"]}}],"collection":[{"href":"https:\/\/liquidmaster.pl\/en\/wp-json\/wp\/v2\/product"}],"about":[{"href":"https:\/\/liquidmaster.pl\/en\/wp-json\/wp\/v2\/types\/product"}],"replies":[{"embeddable":true,"href":"https:\/\/liquidmaster.pl\/en\/wp-json\/wp\/v2\/comments?post=1907451"}],"wp:featuredmedia":[{"embeddable":true,"href":"https:\/\/liquidmaster.pl\/en\/wp-json\/wp\/v2\/media\/1907453"}],"wp:attachment":[{"href":"https:\/\/liquidmaster.pl\/en\/wp-json\/wp\/v2\/media?parent=1907451"}],"wp:term":[{"taxonomy":"product_brand","embeddable":true,"href":"https:\/\/liquidmaster.pl\/en\/wp-json\/wp\/v2\/product_brand?post=1907451"},{"taxonomy":"product_cat","embeddable":true,"href":"https:\/\/liquidmaster.pl\/en\/wp-json\/wp\/v2\/product_cat?post=1907451"},{"taxonomy":"product_tag","embeddable":true,"href":"https:\/\/liquidmaster.pl\/en\/wp-json\/wp\/v2\/product_tag?post=1907451"}],"curies":[{"name":"wp","href":"https:\/\/api.w.org\/{rel}","templated":true}]}}