{"id":1907448,"date":"2025-07-27T13:39:08","date_gmt":"2025-07-27T11:39:08","guid":{"rendered":"https:\/\/liquidmaster.pl\/swag-all-in-one-aio-v2-250ml-produkt-do-pielegnacji-lakieru-typu-3w1\/"},"modified":"2026-04-20T08:30:30","modified_gmt":"2026-04-20T06:30:30","slug":"swag-all-in-one-aio-v2-250ml-produkt-do-pielegnacji-lakieru-typu-3w1","status":"publish","type":"product","link":"https:\/\/liquidmaster.pl\/en\/swag-all-in-one-aio-v2-250ml-produkt-do-pielegnacji-lakieru-typu-3w1\/","title":{"rendered":"Swag ALL IN ONE AIO V2 250ml \u2013 3-in-1 nail polish care product"},"content":{"rendered":"<p>Swag ALL IN ONE V.2 jest to profesjonalny produkt do piel\u0119gnacji lakieru typu 3w1. Zosta\u0142 stworzony dla Studi\u00f3w Detailingowych i Entuzjast\u00f3w autokosmetyki. Jego sk\u0142ad opiera si\u0119 na wyselekcjonowanym po\u0142\u0105czeniu syntetycznej bazy, ultra delikatnych cz\u0105steczek \u015bciernych i naturalnych wosk\u00f3w. Unikatowa formu\u0142a umo\u017cliwia przeprowadzenie procesu od\u015bwie\u017cenia i konserwacji lakieru w jednym kroku, wykorzystuj\u0105c synergi\u0119 trzech produkt\u00f3w:\u00a0<\/p>\n<p>CLEANER oczyszcza lakier przed aplikacj\u0105 wosku, usuwa drobne osady spowodowane warunkami zewn\u0119trznymi, dzi\u0119ki czemu powierzchnia jest g\u0142adka i optymalnie przygotowana do dalszej konserwacji.<br \/>\nGLAZE maskuje koliste zarysowania, jednocze\u015bnie przyciemnia lakier i zwi\u0119ksza jego g\u0142\u0119bie.\u00a0<br \/>\nWAX tworzy ochronn\u0105, hydrofobow\u0105 barier\u0119 o charakterze pow\u0142oki samoczyszcz\u0105cej, wizualnie zapewniaj\u0105c szlachetne wyko\u0144czenie powierzchniom lakierowanym.<br \/>\nG\u0142\u00f3wnym celem w stworzeniu produktu SWAG ALL IN ONE V.2 by\u0142o po\u0142\u0105czenie delikatnych w\u0142a\u015bciwo\u015bci preparacyjnych zapewniaj\u0105cych od\u015bwie\u017cenie lakieru niezale\u017cnie od jego stanu, koloru i rodzaju pod\u0142o\u017ca &#8211; plastik \/ metal. Jednocze\u015bnie wp\u0142ywaj\u0105c na wzrost walor\u00f3w wizualnych \u2013 koloryt i sensorycznych \u2013 g\u0142adko\u015b\u0107. W celu wyd\u0142u\u017cenia ochronny lakieru zalecamy wykorzystanie produktu jako podk\u0142ad pod wosk w\u0142a\u015bciwy np. SWAG HYBRID WAX. P\u0142ynna konsystencji SAIO V.2 wspiera \u0142atw\u0105 i skuteczn\u0105 aplikacje r\u0119czn\u0105 lub z maszyn\u0105 polersk\u0105.<\/p>\n<p>PROPERTIES\u00a0<\/p>\n<ul>\n<li>Hybrydowa formu\u0142a<\/li>\n<li>Synergia 3w1 cleaner | glaze | wax<\/li>\n<li>Lekko \u015bciernie preparuje lakier<\/li>\n<li>Nadaje efekt hydrofobowo\u015bci<\/li>\n<li>Pot\u0119guj\u0119 g\u0142\u0119bie i po\u0142ysk lakieru<\/li>\n<li>Niesamowity efekt &#8221;Wet Look&#8221;<\/li>\n<li>Przywraca g\u0142adko\u015bci powierzchni<\/li>\n<li>Quick hand and machine application<\/li>\n<li>Chroni przed czynnikami tj. utlenienie i UV<\/li>\n<li>U\u0142atwia bie\u017c\u0105c\u0105 piel\u0119gnacj\u0119<\/li>\n<li>For AD Studios and Enthusiasts<\/li>\n<\/ul>\n<p>HOW TO USE<\/p>\n<ul>\n<li>SAIO V.2 aplikuj w zacienionym miejscu na ch\u0142odnej i czystej powierzchni.<\/li>\n<li>Shake the bottle before use.<\/li>\n<\/ul>\n<p>manual application<\/p>\n<li>Wstrz\u0105\u015bnij butelk\u0105, na\u0142\u00f3\u017c kilka kropel na aplikator.<\/li>\n<li>Nie u\u017cywaj\u0105c docisku, rozprowad\u017a cienk\u0105 warstw\u0119 wosku kolistymi ruchami na wszystkich elementach.<\/li>\n<li>Po aplikacji na wszystkie elementy karoserii odczekaj min. 15 minut.<\/li>\n<li>Przejd\u017a do wypolerowania powierzchni.<\/li>\n<li>Use a clean, heavy-duty microfiber cloth.<\/li>\n<li>Je\u017celi wosk pozwala si\u0119 dotrze\u0107 i nie tworzy si\u0119 t\u0142usty film oznacza to, \u017ce proces\u00a0wi\u0105zania jest zako\u0144czony i elementy s\u0105 gotowe do wypolerowania.<\/li>\n<li>If you have problems with reaching, replace the microfiber with a new one.\u00a0<\/li>\n<p>Application with a polishing machine<\/p>\n<li>Apply a few drops to a finishing polishing pad.<\/li>\n<li>Wybierz obaszar roboczy o wielko\u015bci oko\u0142o 40 x 40cm.<\/li>\n<li>Pracuj z minimalnym dociskiem, na umiarkowanych obrotach.<\/li>\n<li>Czas wypracowania SAIO V.2 to 1-2 min.\u00a0<\/li>\n<li>Po aplikacji na wszystkie elementy karoserii odczekaj min. 15 minut.<\/li>\n<li>Przejd\u017a do r\u0119cznego dotarcia powierzchni.<\/li>\n<li>Use a clean, heavy-duty microfiber cloth.<\/li>\n<li>Je\u017celi wosk pozwala si\u0119 dotrze\u0107 i nie tworzy si\u0119 t\u0142usty film oznacza to, \u017ce proces\u00a0wi\u0105zania jest zako\u0144czony i elementy s\u0105 gotowe do wypolerowania.<\/li>\n<li>If you have problems with reaching, replace the microfiber with a new one.\u00a0<\/li>\n<p>ADDITIONAL RECOMMENDATIONS<\/p>\n<ul>\n<li>Shake before use.<\/li>\n<li>Store in a cool and dry place.<\/li>\n<li>Protect from sunlight.<\/li>\n<li>Do not freeze.<\/li>\n<\/ul>\n<p>Capacity 250 ml<\/p>","protected":false},"excerpt":{"rendered":"<p>Swag ALL IN ONE V.2 jest to profesjonalny produkt do piel\u0119gnacji lakieru typu 3w1. Zosta\u0142 stworzony dla Studi\u00f3w Detailingowych i Entuzjast\u00f3w autokosmetyki. Jego sk\u0142ad opiera si\u0119 na wyselekcjonowanym po\u0142\u0105czeniu syntetycznej bazy, ultra delikatnych cz\u0105steczek \u015bciernych i naturalnych wosk\u00f3w. Unikatowa formu\u0142a umo\u017cliwia przeprowadzenie procesu od\u015bwie\u017cenia i konserwacji lakieru w jednym kroku, wykorzystuj\u0105c synergi\u0119 trzech produkt\u00f3w:\u00a0 CLEANER&hellip;&nbsp;<a href=\"https:\/\/liquidmaster.pl\/en\/swag-all-in-one-aio-v2-250ml-produkt-do-pielegnacji-lakieru-typu-3w1\/\" rel=\"bookmark\">Read More \u00bb<span class=\"screen-reader-text\">Swag ALL IN ONE AIO V2 250ml \u2013 3-in-1 nail polish care product<\/span><\/a><\/p>","protected":false},"featured_media":1907450,"comment_status":"open","ping_status":"open","template":"","meta":{"neve_meta_sidebar":"","neve_meta_container":"","neve_meta_enable_content_width":"","neve_meta_content_width":0,"neve_meta_title_alignment":"","neve_meta_author_avatar":"","neve_post_elements_order":"","neve_meta_disable_header":"","neve_meta_disable_footer":"","neve_meta_disable_title":"","_themeisle_gutenberg_block_has_review":false},"product_brand":[],"product_cat":[845,789,748],"product_tag":[],"class_list":{"0":"post-1907448","1":"product","2":"type-product","3":"status-publish","4":"has-post-thumbnail","6":"product_cat-pasty-aio","7":"product_cat-pasty-polerskie","8":"product_cat-polerowanie","10":"first","11":"instock","12":"taxable","13":"shipping-taxable","14":"purchasable","15":"product-type-simple"},"_links":{"self":[{"href":"https:\/\/liquidmaster.pl\/en\/wp-json\/wp\/v2\/product\/1907448","targetHints":{"allow":["GET"]}}],"collection":[{"href":"https:\/\/liquidmaster.pl\/en\/wp-json\/wp\/v2\/product"}],"about":[{"href":"https:\/\/liquidmaster.pl\/en\/wp-json\/wp\/v2\/types\/product"}],"replies":[{"embeddable":true,"href":"https:\/\/liquidmaster.pl\/en\/wp-json\/wp\/v2\/comments?post=1907448"}],"wp:featuredmedia":[{"embeddable":true,"href":"https:\/\/liquidmaster.pl\/en\/wp-json\/wp\/v2\/media\/1907450"}],"wp:attachment":[{"href":"https:\/\/liquidmaster.pl\/en\/wp-json\/wp\/v2\/media?parent=1907448"}],"wp:term":[{"taxonomy":"product_brand","embeddable":true,"href":"https:\/\/liquidmaster.pl\/en\/wp-json\/wp\/v2\/product_brand?post=1907448"},{"taxonomy":"product_cat","embeddable":true,"href":"https:\/\/liquidmaster.pl\/en\/wp-json\/wp\/v2\/product_cat?post=1907448"},{"taxonomy":"product_tag","embeddable":true,"href":"https:\/\/liquidmaster.pl\/en\/wp-json\/wp\/v2\/product_tag?post=1907448"}],"curies":[{"name":"wp","href":"https:\/\/api.w.org\/{rel}","templated":true}]}}