{"id":1907442,"date":"2025-07-27T13:37:05","date_gmt":"2025-07-27T11:37:05","guid":{"rendered":"https:\/\/liquidmaster.pl\/swag-leather-brush-set-v2-szczoteczki-z-naturalnego-wlosia\/"},"modified":"2026-04-18T04:49:24","modified_gmt":"2026-04-18T02:49:24","slug":"swag-leather-brush-set-v2-szczoteczki-z-naturalnego-wlosia","status":"publish","type":"product","link":"https:\/\/liquidmaster.pl\/en\/swag-leather-brush-set-v2-szczoteczki-z-naturalnego-wlosia\/","title":{"rendered":"Swag LEATHER BRUSH SET V2 &#8211; szczoteczki z naturalnego w\u0142osia"},"content":{"rendered":"<p>Swag LEATHER BRUSH CLASSIC V.2 |\u00a0 Szczoteczka do czyszczenia sk\u00f3ry\u00a0<\/p>\n<p>Nowy design prostok\u0105tnej szczoteczki CLASSIC &#8211; przeznaczona jest do czyszczenia wi\u0119kszych paneli sk\u00f3ry. Posiada ergonomiczny dopasowany do r\u0119ki kszta\u0142t z bocznym \u017c\u0142obieniem kt\u00f3ry poprawia chwyt i u\u0142atwia prac\u0119.<\/p>\n<p>Szczoteczka SLBC wykonana z jednego fragmentu drewna bukowego, posiada nielakierowane wyko\u0144czenie uwidaczniaj\u0105ce struktur\u0119 drewna. Na froncie szczoteczki znajduje si\u0119 logo SWAG gwarantuj\u0105ce oryginalno\u015b\u0107 i jako\u015b\u0107 produktu.<\/p>\n<p>NAJWA\u017bNIEJSZE CECHY\u00a0<\/p>\n<ul>\n<li>Wykonana z drewna bukowego\u00a0<\/li>\n<li>Mi\u0119kkie naturalne w\u0142osie\u00a0<\/li>\n<li>Bezpieczna dla sk\u00f3ry<\/li>\n<li>Ergonomic shape\u00a0<\/li>\n<li>Logo Swag Detailing\u00a0<\/li>\n<li>Nielakierowana\u00a0<\/li>\n<li>Do kierownicy<\/li>\n<li>Do Foteli\u00a0<\/li>\n<li>For AD Studios and Enthusiasts\u00a0<\/li>\n<\/ul>\n<p>Swag LEATHER BRUSH MINI V.2 |\u00a0 Szczoteczka do czyszczenia sk\u00f3ry\u00a0<\/p>\n<p>Ergonomiczna szczoteczka MINI posiada kompaktowy rozmiar umo\u017cliwiaj\u0105cy czyszczenie ci\u0119\u017cko dost\u0119pnych miejsc i detali t.j. szwy sk\u00f3ry, kierownica.<\/p>\n<p>Szczoteczka SLBM wykonana jest z jednego fragmentu drewna bukowego, jest nielakierowana. Na froncie szczoteczki znajduje si\u0119 logo SWAG gwarantuj\u0105ce oryginalno\u015b\u0107 i jako\u015b\u0107 produktu.<\/p>\n<p>NAJWA\u017bNIEJSZE CECHY\u00a0<\/p>\n<ul>\n<li>Wykonana z drewna bukowego<\/li>\n<li>Mi\u0119kkie naturalne w\u0142osie\u00a0<\/li>\n<li>Bezpieczne dla sk\u00f3ry<\/li>\n<li>Ergonomic shape\u00a0<\/li>\n<li>Logo Swag Detailing\u00a0<\/li>\n<li>Nielakierowana\u00a0<\/li>\n<li>Do kierownicy i zakamark\u00f3w<\/li>\n<li>Do foteli\u00a0<\/li>\n<li>For AD Studios and Enthusiasts\u00a0<\/li>\n<\/ul>\n<p>Szczoteczki zapakowane w doypack.<\/p>","protected":false},"excerpt":{"rendered":"<p>Swag LEATHER BRUSH CLASSIC V.2 |\u00a0 Szczoteczka do czyszczenia sk\u00f3ry\u00a0 Nowy design prostok\u0105tnej szczoteczki CLASSIC &#8211; przeznaczona jest do czyszczenia wi\u0119kszych paneli sk\u00f3ry. Posiada ergonomiczny dopasowany do r\u0119ki kszta\u0142t z bocznym \u017c\u0142obieniem kt\u00f3ry poprawia chwyt i u\u0142atwia prac\u0119. Szczoteczka SLBC wykonana z jednego fragmentu drewna bukowego, posiada nielakierowane wyko\u0144czenie uwidaczniaj\u0105ce struktur\u0119 drewna. Na froncie szczoteczki&hellip;&nbsp;<a href=\"https:\/\/liquidmaster.pl\/en\/swag-leather-brush-set-v2-szczoteczki-z-naturalnego-wlosia\/\" rel=\"bookmark\">Read More \u00bb<span class=\"screen-reader-text\">Swag LEATHER BRUSH SET V2 &#8211; szczoteczki z naturalnego w\u0142osia<\/span><\/a><\/p>","protected":false},"featured_media":1907444,"comment_status":"open","ping_status":"open","template":"","meta":{"neve_meta_sidebar":"","neve_meta_container":"","neve_meta_enable_content_width":"","neve_meta_content_width":0,"neve_meta_title_alignment":"","neve_meta_author_avatar":"","neve_post_elements_order":"","neve_meta_disable_header":"","neve_meta_disable_footer":"","neve_meta_disable_title":"","_themeisle_gutenberg_block_has_review":false},"product_brand":[],"product_cat":[799,800,768],"product_tag":[],"class_list":{"0":"post-1907442","1":"product","2":"type-product","3":"status-publish","4":"has-post-thumbnail","6":"product_cat-narzedzia-i-akcesoria","7":"product_cat-szczotki-pedzelki-i-narzedzia","8":"product_cat-wnetrze-auta","10":"first","11":"instock","12":"taxable","13":"shipping-taxable","14":"purchasable","15":"product-type-simple"},"_links":{"self":[{"href":"https:\/\/liquidmaster.pl\/en\/wp-json\/wp\/v2\/product\/1907442","targetHints":{"allow":["GET"]}}],"collection":[{"href":"https:\/\/liquidmaster.pl\/en\/wp-json\/wp\/v2\/product"}],"about":[{"href":"https:\/\/liquidmaster.pl\/en\/wp-json\/wp\/v2\/types\/product"}],"replies":[{"embeddable":true,"href":"https:\/\/liquidmaster.pl\/en\/wp-json\/wp\/v2\/comments?post=1907442"}],"wp:featuredmedia":[{"embeddable":true,"href":"https:\/\/liquidmaster.pl\/en\/wp-json\/wp\/v2\/media\/1907444"}],"wp:attachment":[{"href":"https:\/\/liquidmaster.pl\/en\/wp-json\/wp\/v2\/media?parent=1907442"}],"wp:term":[{"taxonomy":"product_brand","embeddable":true,"href":"https:\/\/liquidmaster.pl\/en\/wp-json\/wp\/v2\/product_brand?post=1907442"},{"taxonomy":"product_cat","embeddable":true,"href":"https:\/\/liquidmaster.pl\/en\/wp-json\/wp\/v2\/product_cat?post=1907442"},{"taxonomy":"product_tag","embeddable":true,"href":"https:\/\/liquidmaster.pl\/en\/wp-json\/wp\/v2\/product_tag?post=1907442"}],"curies":[{"name":"wp","href":"https:\/\/api.w.org\/{rel}","templated":true}]}}