{"id":1907439,"date":"2025-07-27T10:08:06","date_gmt":"2025-07-27T08:08:06","guid":{"rendered":"https:\/\/liquidmaster.pl\/bigboi-blowr-buddi-czajniczek-do-osuszania-auta\/"},"modified":"2026-04-18T04:47:38","modified_gmt":"2026-04-18T02:47:38","slug":"bigboi-blowr-buddi-czajniczek-do-osuszania-auta","status":"publish","type":"product","link":"https:\/\/liquidmaster.pl\/en\/bigboi-blowr-buddi-czajniczek-do-osuszania-auta\/","title":{"rendered":"BigBoi BlowR Buddi \u2013 a kettle for drying your car"},"content":{"rendered":"<p>BigBoi BlowR Buddi Car Dryer \u2013 pasjonaci detailingu zdaj\u0105 sobie spraw\u0119, \u017ce bezdotykowego metody osuszania pojazdu pozwalaj\u0105 zmniejszy\u0107 ryzyko zarysowania lakieru.\u00a0<\/p>\n<p>BlowR Buddi Car Dryer pozwala wyeliminowa\u0107 negatywne skutki tradycyjnego osuszania za pomoc\u0105 r\u0119cznika z mikrofibry, dzi\u0119ki czemu lakier samochodu jest wolny od hologram\u00f3w i swirli, kt\u00f3re mog\u0105 powsta\u0107 podczas nieumiej\u0119tnego dotykowego suszenia.<\/p>\n<p>BlowR Buddi Car Dryer wyposa\u017cony jest w wydajny silnik o mocy 1000 W, kt\u00f3ry wykorzystuje ciep\u0142e i filtrowane powietrze do usuni\u0119cia wody z lakieru, metalu, szk\u0142a i chromu, zderzak\u00f3w, felg, \u015bwiate\u0142, lusterek i innych trudno dost\u0119pnych miejsc.\u00a0<\/p>\n<p>Funkcja BigTechnology Temperature Technology (BTT) pozwala utrzyma\u0107 temperatur\u0119 powietrza w okolicach 25 stopni C, co zapewnia optymalne suszenie i odparowywanie wody. Urz\u0105dzenie umo\u017cliwia wyb\u00f3r pomi\u0119dzy dwoma pr\u0119dko\u015bciami podmuchu (od 72km\/h do 220 km\/h!) w zale\u017cno\u015bci od wykonywanej czynno\u015bci.<\/p>\n<p>Dmuchawa wyposa\u017cona jest w technologi\u0119 &#8222;Low Noise&#8221; z podw\u00f3jnym filtrem, redukuj\u0105c\u0105 generowany ha\u0142as.<\/p>\n<p>Specification:<\/p>\n<ul>\n<li>Technologia &#8222;low noise&#8221;<\/li>\n<li>Technologia BTT<\/li>\n<li>Regulowana pr\u0119dko\u015b\u0107 nadmuchu+<\/li>\n<li>Warranty: 1 year<\/li>\n<li>Wymiary: 25 x 22 x 13 cm<\/li>\n<li>Waga: 1,7 kg<\/li>\n<\/ul>","protected":false},"excerpt":{"rendered":"<p>BigBoi BlowR Buddi Car Dryer \u2013 pasjonaci detailingu zdaj\u0105 sobie spraw\u0119, \u017ce bezdotykowego metody osuszania pojazdu pozwalaj\u0105 zmniejszy\u0107 ryzyko zarysowania lakieru.\u00a0 BlowR Buddi Car Dryer pozwala wyeliminowa\u0107 negatywne skutki tradycyjnego osuszania za pomoc\u0105 r\u0119cznika z mikrofibry, dzi\u0119ki czemu lakier samochodu jest wolny od hologram\u00f3w i swirli, kt\u00f3re mog\u0105 powsta\u0107 podczas nieumiej\u0119tnego dotykowego suszenia. BlowR Buddi&hellip;&nbsp;<a href=\"https:\/\/liquidmaster.pl\/en\/bigboi-blowr-buddi-czajniczek-do-osuszania-auta\/\" rel=\"bookmark\">Read More \u00bb<span class=\"screen-reader-text\">BigBoi BlowR Buddi \u2013 a kettle for drying your car<\/span><\/a><\/p>","protected":false},"featured_media":1907441,"comment_status":"open","ping_status":"open","template":"","meta":{"neve_meta_sidebar":"","neve_meta_container":"","neve_meta_enable_content_width":"","neve_meta_content_width":0,"neve_meta_title_alignment":"","neve_meta_author_avatar":"","neve_post_elements_order":"","neve_meta_disable_header":"","neve_meta_disable_footer":"","neve_meta_disable_title":"","_themeisle_gutenberg_block_has_review":false},"product_brand":[],"product_cat":[734,733,821],"product_tag":[1110],"class_list":{"0":"post-1907439","1":"product","2":"type-product","3":"status-publish","4":"has-post-thumbnail","6":"product_cat-mycie-i-osuszanie","7":"product_cat-na-zewnatrz","8":"product_cat-wspomaganie-osuszania","9":"product_tag-bigboi","11":"first","12":"outofstock","13":"taxable","14":"shipping-taxable","15":"purchasable","16":"product-type-simple"},"_links":{"self":[{"href":"https:\/\/liquidmaster.pl\/en\/wp-json\/wp\/v2\/product\/1907439","targetHints":{"allow":["GET"]}}],"collection":[{"href":"https:\/\/liquidmaster.pl\/en\/wp-json\/wp\/v2\/product"}],"about":[{"href":"https:\/\/liquidmaster.pl\/en\/wp-json\/wp\/v2\/types\/product"}],"replies":[{"embeddable":true,"href":"https:\/\/liquidmaster.pl\/en\/wp-json\/wp\/v2\/comments?post=1907439"}],"wp:featuredmedia":[{"embeddable":true,"href":"https:\/\/liquidmaster.pl\/en\/wp-json\/wp\/v2\/media\/1907441"}],"wp:attachment":[{"href":"https:\/\/liquidmaster.pl\/en\/wp-json\/wp\/v2\/media?parent=1907439"}],"wp:term":[{"taxonomy":"product_brand","embeddable":true,"href":"https:\/\/liquidmaster.pl\/en\/wp-json\/wp\/v2\/product_brand?post=1907439"},{"taxonomy":"product_cat","embeddable":true,"href":"https:\/\/liquidmaster.pl\/en\/wp-json\/wp\/v2\/product_cat?post=1907439"},{"taxonomy":"product_tag","embeddable":true,"href":"https:\/\/liquidmaster.pl\/en\/wp-json\/wp\/v2\/product_tag?post=1907439"}],"curies":[{"name":"wp","href":"https:\/\/api.w.org\/{rel}","templated":true}]}}