{"id":1907407,"date":"2025-07-26T01:08:06","date_gmt":"2025-07-25T23:08:06","guid":{"rendered":"https:\/\/liquidmaster.pl\/scangrip-nova-4k-stojak-tripod-2m-lampa-inspekcyjna-ze-statywem\/"},"modified":"2026-04-19T03:30:15","modified_gmt":"2026-04-19T01:30:15","slug":"scangrip-nova-4k-stojak-tripod-2m-lampa-inspekcyjna-ze-statywem","status":"publish","type":"product","link":"https:\/\/liquidmaster.pl\/en\/scangrip-nova-4k-stojak-tripod-2m-lampa-inspekcyjna-ze-statywem\/","title":{"rendered":"Scangrip Nova 4K + Tripod 2m \u2013 inspection lamp with tripod"},"content":{"rendered":"<p style=\"margin: 0pt; text-align: justify;\">NOVA 4K to niezwykle wytrzyma\u0142a i wydajna lampa o\u015bwietlaj\u0105ca miejsce pracy, daj\u0105ca uniwersalne \u015bwiat\u0142o robocze. Diody LED COB (wieloz\u0142aczowe) zapewniaj\u0105 uniwersalne i r\u00f3wnomierne \u015bwiat\u0142o, nawet do 4000 lumen\u00f3w. Wysoki wsp\u00f3\u0142czynnik CRI (zbli\u017cony do \u015bwiat\u0142a s\u0142onecznego) sprawia \u017ce szczeg\u00f3lnie nadaje si\u0119 do\u00a0 o\u015bwietlenia miejsca pracy.<\/p>\n<p>5 stopniowy \u015bciemniacz umo\u017cliwia regulacje o\u015bwietlenia na pi\u0119ciu r\u00f3\u017cnych poziomach &#8211; pozwala na dopasowanie rodzaju o\u015bwietlenia do otoczenia oraz maksymalne zoptymalizowanie czasu pracy.<\/p>\n<p>Obudowa lampy NOVA 4K wykonana jest z odlewnego aluminium, co zapewnia jej wyj\u0105tkow\u0105 trwa\u0142o\u015b\u0107 i odporno\u015b\u0107 na uderzenia &#8211; stopie\u0144 ochronny IK07. Konstrukcja lampy umo\u017cliwia bezpo\u015brednie zamocowanie na STOJAKU SCANGRIP lub SCANGRIP NA KO\u0141ACH.<\/p>\n<p>Urz\u0105dzenie jest wodoszczelne i py\u0142oodporne wed\u0142ug standard\u00f3w IP67.<\/p>\n<p>STOJAK SCANGRIP to niezbe\u0328dne wyposaz\u0307enie\u00a0 zar\u00f3wno warsztatu samochodowego jak i lakierniczego. Umoz\u0307liwia ustawienie lampy w wybranym miejscu w celu odpowiedniego os\u0301wietlenia miejsca pracy. STOJAK SCANGRIP ma regulowana\u0328 wysokos\u0301c\u0301 (od zaledwie 1,35 m do 2 m), co zapewnia pe\u0142na\u0328 elastycznos\u0301c\u0301 ustawienia lampy na wymaganym poziomie. Zamocowana\u0328 na stojaku lampe\u0328 moz\u0307na przechylic\u0301 tak, aby s\u0301wiat\u0142o pada\u0142o pod optymalnym k\u0105tem. Stojak wykonany jest z wytrzyma\u0142ej stali (max. obci\u0105\u017cenie 5kg) malowanej proszkowo, a spawana stalowa nak\u0142adka monta\u017cowa (10mm) zapewnia trwa\u0142o\u015b\u0107 uniwersalnego statywu. Dzie\u0328ki solidnej konstrukcji (waga stojaka 2kg) STOJAK SCANGRIP jest stabilny nawet po rozsunie\u0328ciu na pe\u0142na\u0328 wysokos\u0301c\u0301. W celu zwie\u0328kszenia bezpieczen\u0301stwa kabel lampy moz\u0307na przymocowac\u0301 zaciskami umieszczonymi na kaz\u0307dej z n\u00f3g stojaka.<\/p>\n<p>Dane techniczne<\/p>\n<p>rodzaj zasilania &#8211; przewodowe 100-240V 50\/60Hz<br \/>\nseria &#8211; Nova<br \/>\n\u017ar\u00f3d\u0142o \u015bwiat\u0142a &#8211; COB LED<br \/>\nmoc \u015bwiat\u0142a [lm] &#8211; 300-3000<br \/>\nnat\u0119\u017cenie \u015bwiat\u0142a [lux] &#8211; 5000<br \/>\ntemperatura barwowa [K] &#8211; 6000<br \/>\nwsp\u00f3\u0142czynnik oddawania barw (CRI) [Ra] &#8211; >80<br \/>\nmax. pob\u00f3r mocy [W] &#8211; 26<br \/>\nd\u0142ugo\u015b\u0107 przewodu zasilaj\u0105cego [m] &#8211; 5<br \/>\nzakres temperatur otoczenia pracy [\u00baC] &#8211; -10 +40<br \/>\nwytrzyma\u0142o\u015b\u0107 mechaniczna urz\u0105dzenia &#8211; IK07<br \/>\nstopie\u0144 ochrony &#8211; IP67<br \/>\nwymiary zewn\u0119trzne [mm] &#8211; 235x88x233(lampa)<br \/>\nwaga [g] &#8211; 2150(lampa)<\/p>\n<p>\u00a0<\/p>\n","protected":false},"excerpt":{"rendered":"<p>NOVA 4K to niezwykle wytrzyma\u0142a i wydajna lampa o\u015bwietlaj\u0105ca miejsce pracy, daj\u0105ca uniwersalne \u015bwiat\u0142o robocze. Diody LED COB (wieloz\u0142aczowe) zapewniaj\u0105 uniwersalne i r\u00f3wnomierne \u015bwiat\u0142o, nawet do 4000 lumen\u00f3w. Wysoki wsp\u00f3\u0142czynnik CRI (zbli\u017cony do \u015bwiat\u0142a s\u0142onecznego) sprawia \u017ce szczeg\u00f3lnie nadaje si\u0119 do\u00a0 o\u015bwietlenia miejsca pracy. 5 stopniowy \u015bciemniacz umo\u017cliwia regulacje o\u015bwietlenia na pi\u0119ciu r\u00f3\u017cnych poziomach &#8211;&hellip;&nbsp;<a href=\"https:\/\/liquidmaster.pl\/en\/scangrip-nova-4k-stojak-tripod-2m-lampa-inspekcyjna-ze-statywem\/\" rel=\"bookmark\">Read More \u00bb<span class=\"screen-reader-text\">Scangrip Nova 4K + Tripod 2m \u2013 inspection lamp with tripod<\/span><\/a><\/p>","protected":false},"featured_media":1848620,"comment_status":"open","ping_status":"open","template":"","meta":{"neve_meta_sidebar":"","neve_meta_container":"","neve_meta_enable_content_width":"","neve_meta_content_width":0,"neve_meta_title_alignment":"","neve_meta_author_avatar":"","neve_post_elements_order":"","neve_meta_disable_header":"","neve_meta_disable_footer":"","neve_meta_disable_title":"","_themeisle_gutenberg_block_has_review":false},"product_brand":[],"product_cat":[749,827,748],"product_tag":[356],"class_list":{"0":"post-1907407","1":"product","2":"type-product","3":"status-publish","4":"has-post-thumbnail","6":"product_cat-akcesoria-polerskie","7":"product_cat-lampy-inspekcyjne","8":"product_cat-polerowanie","9":"product_tag-scangrip","11":"first","12":"instock","13":"taxable","14":"shipping-taxable","15":"purchasable","16":"product-type-simple"},"_links":{"self":[{"href":"https:\/\/liquidmaster.pl\/en\/wp-json\/wp\/v2\/product\/1907407","targetHints":{"allow":["GET"]}}],"collection":[{"href":"https:\/\/liquidmaster.pl\/en\/wp-json\/wp\/v2\/product"}],"about":[{"href":"https:\/\/liquidmaster.pl\/en\/wp-json\/wp\/v2\/types\/product"}],"replies":[{"embeddable":true,"href":"https:\/\/liquidmaster.pl\/en\/wp-json\/wp\/v2\/comments?post=1907407"}],"wp:featuredmedia":[{"embeddable":true,"href":"https:\/\/liquidmaster.pl\/en\/wp-json\/wp\/v2\/media\/1848620"}],"wp:attachment":[{"href":"https:\/\/liquidmaster.pl\/en\/wp-json\/wp\/v2\/media?parent=1907407"}],"wp:term":[{"taxonomy":"product_brand","embeddable":true,"href":"https:\/\/liquidmaster.pl\/en\/wp-json\/wp\/v2\/product_brand?post=1907407"},{"taxonomy":"product_cat","embeddable":true,"href":"https:\/\/liquidmaster.pl\/en\/wp-json\/wp\/v2\/product_cat?post=1907407"},{"taxonomy":"product_tag","embeddable":true,"href":"https:\/\/liquidmaster.pl\/en\/wp-json\/wp\/v2\/product_tag?post=1907407"}],"curies":[{"name":"wp","href":"https:\/\/api.w.org\/{rel}","templated":true}]}}