{"id":1907405,"date":"2025-07-26T01:06:59","date_gmt":"2025-07-25T23:06:59","guid":{"rendered":"https:\/\/liquidmaster.pl\/scangrip-nova-12k-stojak-tripod-lampa-inspekcyjna-ze-statywem\/"},"modified":"2026-04-18T04:42:36","modified_gmt":"2026-04-18T02:42:36","slug":"scangrip-nova-12k-stojak-tripod-lampa-inspekcyjna-ze-statywem","status":"publish","type":"product","link":"https:\/\/liquidmaster.pl\/en\/scangrip-nova-12k-stojak-tripod-lampa-inspekcyjna-ze-statywem\/","title":{"rendered":"Scangrip Nova 12K + stojak Tripod &#8211; lampa inspekcyjna ze statywem"},"content":{"rendered":"<p>NOVA 12K to profesjonalna lampa inspekcyjna, daj\u0105ca uniwersalne \u015bwiat\u0142o robocze. Diody LED COB o wysokiej wydajno\u015bci\u00a0 zapewniaj\u0105 szczeg\u00f3\u0142owe i r\u00f3wnomierne \u015bwiat\u0142o, nawet do 12000 lumen\u00f3w, dzi\u0119ki czemu nadaje si\u0119 do najtrudniejszych operacji o\u015bwietleniowych w ka\u017cdym \u015brodowisku. Wysoki wsp\u00f3\u0142czynnik CRI (zbli\u017cony do \u015bwiat\u0142a s\u0142onecznego) sprawia \u017ce szczeg\u00f3lnie nadaje si\u0119 do\u00a0 o\u015bwietlenia miejsca pracy.<\/p>\n<p>Lampa NOVA 12 K zosta\u0142a wyposa\u017cona w bezprzewodowy system kontroli \u015bwiat\u0142em &#8211; mo\u017cliwo\u015b\u0107 sterowania o\u015bwietleniem za pomoc\u0105 smartphona. 5- stopniowy \u015bciemniacz umo\u017cliwia regulacj\u0119 o\u015bwietlenia na pi\u0119ciu r\u00f3\u017cnych poziomach &#8211; pozwala na dopasowanie rodzaju o\u015bwietlenia do otoczenia oraz maksymalne zoptymalizowanie czasu pracy.<\/p>\n<p>Obudowa lampy NOVA 12K wykonana jest z odlewnego aluminium, co zapewnia jej wyj\u0105tkow\u0105 trwa\u0142o\u015b\u0107 i odporno\u015b\u0107 na uderzenia &#8211; stopie\u0144 ochronny IK07.<\/p>\n<p>Urz\u0105dzenie jest r\u00f3wnie\u017c wodoszczelne i py\u0142oodporne wed\u0142ug standard\u00f3w IP67.<\/p>\n<p>Dane techniczne lampy:<\/p>\n<p>rodzaj zasilania &#8211; przewodowe 100-240V 50\/60Hz<br \/>\nseria &#8211; Nova<br \/>\n\u017ar\u00f3d\u0142o \u015bwiat\u0142a &#8211; COB LED<br \/>\nmoc \u015bwiat\u0142a [lm] &#8211; 1200-12000<br \/>\nnat\u0119\u017cenie \u015bwiat\u0142a [lux] &#8211; 1800-18000<br \/>\ntemperatura barwowa [K] &#8211; 6000<br \/>\nwsp\u00f3\u0142czynnik oddawania barw (CRI) [Ra] &#8211; >80<br \/>\nk\u0105t wi\u0105zki \u015bwiat\u0142a [\u00ba] &#8211; 110<br \/>\nmax. pob\u00f3r mocy [W] &#8211; 86<br \/>\nd\u0142ugo\u015b\u0107 przewodu zasilaj\u0105cego [m] &#8211; 5<br \/>\nzakres temperatur otoczenia pracy [\u00baC] &#8211; -10 +40<br \/>\nwytrzyma\u0142o\u015b\u0107 mechaniczna urz\u0105dzenia &#8211; IK07<br \/>\nstopie\u0144 ochrony &#8211; IP67<br \/>\nwymiary zewn\u0119trzne [mm] &#8211; 302 x 102 x 298<br \/>\nwaga [g] &#8211; 4000<\/p>\n<p>\u00a0<\/p>\n","protected":false},"excerpt":{"rendered":"<p>NOVA 12K to profesjonalna lampa inspekcyjna, daj\u0105ca uniwersalne \u015bwiat\u0142o robocze. Diody LED COB o wysokiej wydajno\u015bci\u00a0 zapewniaj\u0105 szczeg\u00f3\u0142owe i r\u00f3wnomierne \u015bwiat\u0142o, nawet do 12000 lumen\u00f3w, dzi\u0119ki czemu nadaje si\u0119 do najtrudniejszych operacji o\u015bwietleniowych w ka\u017cdym \u015brodowisku. Wysoki wsp\u00f3\u0142czynnik CRI (zbli\u017cony do \u015bwiat\u0142a s\u0142onecznego) sprawia \u017ce szczeg\u00f3lnie nadaje si\u0119 do\u00a0 o\u015bwietlenia miejsca pracy. Lampa NOVA 12&hellip;&nbsp;<a href=\"https:\/\/liquidmaster.pl\/en\/scangrip-nova-12k-stojak-tripod-lampa-inspekcyjna-ze-statywem\/\" rel=\"bookmark\">Read More \u00bb<span class=\"screen-reader-text\">Scangrip Nova 12K + stojak Tripod &#8211; lampa inspekcyjna ze statywem<\/span><\/a><\/p>","protected":false},"featured_media":1848618,"comment_status":"open","ping_status":"open","template":"","meta":{"neve_meta_sidebar":"","neve_meta_container":"","neve_meta_enable_content_width":"","neve_meta_content_width":0,"neve_meta_title_alignment":"","neve_meta_author_avatar":"","neve_post_elements_order":"","neve_meta_disable_header":"","neve_meta_disable_footer":"","neve_meta_disable_title":"","_themeisle_gutenberg_block_has_review":false},"product_brand":[],"product_cat":[749,827,748],"product_tag":[356],"class_list":{"0":"post-1907405","1":"product","2":"type-product","3":"status-publish","4":"has-post-thumbnail","6":"product_cat-akcesoria-polerskie","7":"product_cat-lampy-inspekcyjne","8":"product_cat-polerowanie","9":"product_tag-scangrip","11":"first","12":"outofstock","13":"taxable","14":"shipping-taxable","15":"purchasable","16":"product-type-simple"},"_links":{"self":[{"href":"https:\/\/liquidmaster.pl\/en\/wp-json\/wp\/v2\/product\/1907405","targetHints":{"allow":["GET"]}}],"collection":[{"href":"https:\/\/liquidmaster.pl\/en\/wp-json\/wp\/v2\/product"}],"about":[{"href":"https:\/\/liquidmaster.pl\/en\/wp-json\/wp\/v2\/types\/product"}],"replies":[{"embeddable":true,"href":"https:\/\/liquidmaster.pl\/en\/wp-json\/wp\/v2\/comments?post=1907405"}],"wp:featuredmedia":[{"embeddable":true,"href":"https:\/\/liquidmaster.pl\/en\/wp-json\/wp\/v2\/media\/1848618"}],"wp:attachment":[{"href":"https:\/\/liquidmaster.pl\/en\/wp-json\/wp\/v2\/media?parent=1907405"}],"wp:term":[{"taxonomy":"product_brand","embeddable":true,"href":"https:\/\/liquidmaster.pl\/en\/wp-json\/wp\/v2\/product_brand?post=1907405"},{"taxonomy":"product_cat","embeddable":true,"href":"https:\/\/liquidmaster.pl\/en\/wp-json\/wp\/v2\/product_cat?post=1907405"},{"taxonomy":"product_tag","embeddable":true,"href":"https:\/\/liquidmaster.pl\/en\/wp-json\/wp\/v2\/product_tag?post=1907405"}],"curies":[{"name":"wp","href":"https:\/\/api.w.org\/{rel}","templated":true}]}}