{"id":1907401,"date":"2025-07-26T01:04:59","date_gmt":"2025-07-25T23:04:59","guid":{"rendered":"https:\/\/liquidmaster.pl\/rupes-claymitt-rekawica-do-mycia-i-glinkowania\/"},"modified":"2026-04-20T08:23:01","modified_gmt":"2026-04-20T06:23:01","slug":"rupes-claymitt-rekawica-do-mycia-i-glinkowania","status":"publish","type":"product","link":"https:\/\/liquidmaster.pl\/en\/rupes-claymitt-rekawica-do-mycia-i-glinkowania\/","title":{"rendered":"Rupes Claymitt \u2013 Washing and Claying Glove"},"content":{"rendered":"<p>Dwustronna r\u0119kawica przeznaczona do mycia samochodu.<\/p>\n<p>Mikrofibra (1 etap)<\/p>\n<p>Syntetyczna mikrofibra w po\u0142\u0105czeniu z szamponem samochodowym (M101, M707) bezpiecznie usuwa zanieczyszczenia bez rysowania lub matowienia powierzchi.<\/p>\n<p>Glinka syntetyczna do dekontaminacji (2 etap)<\/p>\n<p>Druga strona r\u0119kawicy zosta\u0142a wykonana z glinki syntetycznej. Po dok\u0142adnym umyciu samochodu, zaleca si\u0119 nasmarowa\u0107 powierzchni\u0119 r\u0119kawicy odpowiednim sprayem lub wod\u0105 z myd\u0142em. Nast\u0119pnie delikatnie usu\u0144 osadzone zanieczyszczenia.<\/p>\n<p>\u00a0<\/p>","protected":false},"excerpt":{"rendered":"<p>Dwustronna r\u0119kawica przeznaczona do mycia samochodu. Mikrofibra (1 etap) Syntetyczna mikrofibra w po\u0142\u0105czeniu z szamponem samochodowym (M101, M707) bezpiecznie usuwa zanieczyszczenia bez rysowania lub matowienia powierzchi. Glinka syntetyczna do dekontaminacji (2 etap) Druga strona r\u0119kawicy zosta\u0142a wykonana z glinki syntetycznej. Po dok\u0142adnym umyciu samochodu, zaleca si\u0119 nasmarowa\u0107 powierzchni\u0119 r\u0119kawicy odpowiednim sprayem lub wod\u0105 z myd\u0142em.&hellip;&nbsp;<a href=\"https:\/\/liquidmaster.pl\/en\/rupes-claymitt-rekawica-do-mycia-i-glinkowania\/\" rel=\"bookmark\">Read More \u00bb<span class=\"screen-reader-text\">Rupes Claymitt \u2013 Washing and Claying Glove<\/span><\/a><\/p>","protected":false},"featured_media":1848606,"comment_status":"open","ping_status":"open","template":"","meta":{"neve_meta_sidebar":"","neve_meta_container":"","neve_meta_enable_content_width":"","neve_meta_content_width":0,"neve_meta_title_alignment":"","neve_meta_author_avatar":"","neve_post_elements_order":"","neve_meta_disable_header":"","neve_meta_disable_footer":"","neve_meta_disable_title":"","_themeisle_gutenberg_block_has_review":false},"product_brand":[],"product_cat":[734,733,764],"product_tag":[354],"class_list":{"0":"post-1907401","1":"product","2":"type-product","3":"status-publish","4":"has-post-thumbnail","6":"product_cat-mycie-i-osuszanie","7":"product_cat-na-zewnatrz","8":"product_cat-rekawice-i-gabki","9":"product_tag-rupes","11":"first","12":"instock","13":"taxable","14":"shipping-taxable","15":"purchasable","16":"product-type-simple"},"_links":{"self":[{"href":"https:\/\/liquidmaster.pl\/en\/wp-json\/wp\/v2\/product\/1907401","targetHints":{"allow":["GET"]}}],"collection":[{"href":"https:\/\/liquidmaster.pl\/en\/wp-json\/wp\/v2\/product"}],"about":[{"href":"https:\/\/liquidmaster.pl\/en\/wp-json\/wp\/v2\/types\/product"}],"replies":[{"embeddable":true,"href":"https:\/\/liquidmaster.pl\/en\/wp-json\/wp\/v2\/comments?post=1907401"}],"wp:featuredmedia":[{"embeddable":true,"href":"https:\/\/liquidmaster.pl\/en\/wp-json\/wp\/v2\/media\/1848606"}],"wp:attachment":[{"href":"https:\/\/liquidmaster.pl\/en\/wp-json\/wp\/v2\/media?parent=1907401"}],"wp:term":[{"taxonomy":"product_brand","embeddable":true,"href":"https:\/\/liquidmaster.pl\/en\/wp-json\/wp\/v2\/product_brand?post=1907401"},{"taxonomy":"product_cat","embeddable":true,"href":"https:\/\/liquidmaster.pl\/en\/wp-json\/wp\/v2\/product_cat?post=1907401"},{"taxonomy":"product_tag","embeddable":true,"href":"https:\/\/liquidmaster.pl\/en\/wp-json\/wp\/v2\/product_tag?post=1907401"}],"curies":[{"name":"wp","href":"https:\/\/api.w.org\/{rel}","templated":true}]}}