{"id":1907399,"date":"2025-07-26T01:04:06","date_gmt":"2025-07-25T23:04:06","guid":{"rendered":"https:\/\/liquidmaster.pl\/fresso-winston-waffle-towel-40x40cm-mikrofibra-waflowa-do-szyb\/"},"modified":"2026-04-21T08:24:24","modified_gmt":"2026-04-21T06:24:24","slug":"fresso-winston-waffle-towel-40x40cm-mikrofibra-waflowa-do-szyb","status":"publish","type":"product","link":"https:\/\/liquidmaster.pl\/en\/fresso-winston-waffle-towel-40x40cm-mikrofibra-waflowa-do-szyb\/","title":{"rendered":"Fresso Winston Waffle Towel 40x40cm \u2013 waffle microfiber for windows"},"content":{"rendered":"<p>Winston Waffle Towel is a high-quality microfiber cloth that will easily clean even the dirtiest glass or mirror in just a few moments.<\/p>\n<p>The unique waffle structure leaves no streaks, reflections, or fibers on the surface. The cloth is very durable and machine washable.<\/p>\n<p>For best results, use it with our Fresso Glass Cleaner.<\/p>\n<p>Recommendations<\/p>\n<ul>\n<li>Wash the cloth before first use<\/li>\n<li>Wash at low temperature<\/li>\n<li>Do not use bleach or softeners for its care.<\/li>\n<li>Do not iron<\/li>\n<\/ul>\n<p>Key product features<\/p>\n<ul>\n<li>Dimensions: 40\u00d740 cm<\/li>\n<li>Weight: 320 g\/m2<\/li>\n<li>Suitable for car, home and office<\/li>\n<li>Guarantees effective, fast and thorough cleaning<\/li>\n<li>It does not leave streaks, reflections or fibers.<\/li>\n<\/ul>\n<p>\u00a0<\/p>","protected":false},"excerpt":{"rendered":"<p>Winston Waffle Towel to wysokiej jako\u015bci \u015bciereczka z mikrofibry, z pomoc\u0105 kt\u00f3rej z \u0142atwo\u015bci\u0105, w zaledwie kilka chwil wyczy\u015bcisz nawet najbardziej zabrudzon\u0105 szyb\u0119 czy lustro. Unikalna, waflowa struktura nie pozostawia smug, refleks\u00f3w i w\u0142\u00f3kien na powierzchni. Szmatka jest bardzo wytrzyma\u0142a i nadaje si\u0119 do prania w pralce. Najlepsze efekty uzyskasz, u\u017cywaj\u0105c jej razem z naszym&hellip;&nbsp;<a href=\"https:\/\/liquidmaster.pl\/en\/fresso-winston-waffle-towel-40x40cm-mikrofibra-waflowa-do-szyb\/\" rel=\"bookmark\">Read More \u00bb<span class=\"screen-reader-text\">Fresso Winston Waffle Towel 40x40cm \u2013 waffle microfiber for windows<\/span><\/a><\/p>","protected":false},"featured_media":1848604,"comment_status":"open","ping_status":"open","template":"","meta":{"neve_meta_sidebar":"","neve_meta_container":"","neve_meta_enable_content_width":"","neve_meta_content_width":0,"neve_meta_title_alignment":"","neve_meta_author_avatar":"","neve_post_elements_order":"","neve_meta_disable_header":"","neve_meta_disable_footer":"","neve_meta_disable_title":"","_themeisle_gutenberg_block_has_review":false},"product_brand":[],"product_cat":[860,733,773],"product_tag":[296],"class_list":{"0":"post-1907399","1":"product","2":"type-product","3":"status-publish","4":"has-post-thumbnail","6":"product_cat-fibry","7":"product_cat-na-zewnatrz","8":"product_cat-szyby","9":"product_tag-fresso","11":"first","12":"instock","13":"taxable","14":"shipping-taxable","15":"purchasable","16":"product-type-simple"},"_links":{"self":[{"href":"https:\/\/liquidmaster.pl\/en\/wp-json\/wp\/v2\/product\/1907399","targetHints":{"allow":["GET"]}}],"collection":[{"href":"https:\/\/liquidmaster.pl\/en\/wp-json\/wp\/v2\/product"}],"about":[{"href":"https:\/\/liquidmaster.pl\/en\/wp-json\/wp\/v2\/types\/product"}],"replies":[{"embeddable":true,"href":"https:\/\/liquidmaster.pl\/en\/wp-json\/wp\/v2\/comments?post=1907399"}],"wp:featuredmedia":[{"embeddable":true,"href":"https:\/\/liquidmaster.pl\/en\/wp-json\/wp\/v2\/media\/1848604"}],"wp:attachment":[{"href":"https:\/\/liquidmaster.pl\/en\/wp-json\/wp\/v2\/media?parent=1907399"}],"wp:term":[{"taxonomy":"product_brand","embeddable":true,"href":"https:\/\/liquidmaster.pl\/en\/wp-json\/wp\/v2\/product_brand?post=1907399"},{"taxonomy":"product_cat","embeddable":true,"href":"https:\/\/liquidmaster.pl\/en\/wp-json\/wp\/v2\/product_cat?post=1907399"},{"taxonomy":"product_tag","embeddable":true,"href":"https:\/\/liquidmaster.pl\/en\/wp-json\/wp\/v2\/product_tag?post=1907399"}],"curies":[{"name":"wp","href":"https:\/\/api.w.org\/{rel}","templated":true}]}}