{"id":1907391,"date":"2025-07-26T01:00:07","date_gmt":"2025-07-25T23:00:07","guid":{"rendered":"https:\/\/liquidmaster.pl\/fresso-leather-cleaner-500ml-srodek-do-czyszczenia-skory\/"},"modified":"2026-04-18T04:42:32","modified_gmt":"2026-04-18T02:42:32","slug":"fresso-leather-cleaner-500ml-srodek-do-czyszczenia-skory","status":"publish","type":"product","link":"https:\/\/liquidmaster.pl\/en\/fresso-leather-cleaner-500ml-srodek-do-czyszczenia-skory\/","title":{"rendered":"Fresso Leather Cleaner 500ml \u2013 leather cleaner"},"content":{"rendered":"<p>Restore your leather upholstery to its former glory. Give it a second youth with Fresso Leather Cleaner, whose touch will transform the leather in your car. Thanks to its powerful cleaning power, the product instantly removes all dirt. The dense and long-lasting foam penetrates the leather structure, further eliminating unpleasant odors. It leaves the leather smooth, soft, and fresh. Just like before. Smell the unique fragrance the product leaves on its surface. Neutral pH.<\/p>\n<p>Main features:<\/p>\n<ul>\n<li>High cleaning power<\/li>\n<li>Penetrates the skin thoroughly<\/li>\n<li>Leaves a matte finish.<\/li>\n<li>Safe to use.<\/li>\n<li>Neutral pH<\/li>\n<li>Long-lasting and dense foam<\/li>\n<\/ul>\n<p>A citrus-aromatic-marine perfumed fragrance. A strong, juicy citrus\u2014very Sicilian\u2014opening gives way to the comfort of an aromatic blend of vetiver, pepper, Guatemalan cardamom, and Indonesian nutmeg.<\/p>\n<p>Usage<\/p>\n<li>Spread a small amount of the product on the skin using a brush.<\/li>\n<li>Make gentle, circular movements over the dirty area.<\/li>\n<li>Remove any product residue with a soft, dry, lint-free cloth.<\/li>\n<li>Leave the product to dry.<\/li>\n<p>For more economical and effective cleaning, we recommend using a foam gun when spreading the product.<\/p>\n<p>Before using the product, test its operation in an inconspicuous place.<br \/>\nIn the case of re-dyed leather, test the product in an inconspicuous area.<br \/>\nUse the product on cool skin in a shaded place.<br \/>\nStore at a temperature above 4 degrees Celsius in a place away from sunlight.<\/p>\n<p>Capacity 500ml<\/p>","protected":false},"excerpt":{"rendered":"<p>Przywr\u00f3\u0107 sk\u00f3rzanej tapicerce dawny blask. Pozw\u00f3l jej na drug\u0105 m\u0142odo\u015b\u0107 z Fresso Leather Cleaner, kt\u00f3rego dotyk odmieni sk\u00f3r\u0119 w Twoim aucie. Dzi\u0119ki silnej mocy czyszczenia, preparat b\u0142yskawicznie usuwa wszelkie zabrudzenia.\u00a0 G\u0119sta i trwa\u0142a piana wnika w struktur\u0119 sk\u00f3ry, usuwaj\u0105c dodatkowo nieprzyjemne zapachy. Pozostawia sk\u00f3r\u0119 g\u0142adk\u0105, delikatn\u0105 i \u015bwie\u017c\u0105. Jak dawniej. Poczuj wyj\u0105tkowy zapach, kt\u00f3ry produkt&hellip;&nbsp;<a href=\"https:\/\/liquidmaster.pl\/en\/fresso-leather-cleaner-500ml-srodek-do-czyszczenia-skory\/\" rel=\"bookmark\">Read More \u00bb<span class=\"screen-reader-text\">Fresso Leather Cleaner 500ml \u2013 leather cleaner<\/span><\/a><\/p>","protected":false},"featured_media":1848593,"comment_status":"open","ping_status":"open","template":"","meta":{"neve_meta_sidebar":"","neve_meta_container":"","neve_meta_enable_content_width":"","neve_meta_content_width":0,"neve_meta_title_alignment":"","neve_meta_author_avatar":"","neve_post_elements_order":"","neve_meta_disable_header":"","neve_meta_disable_footer":"","neve_meta_disable_title":"","_themeisle_gutenberg_block_has_review":false},"product_brand":[],"product_cat":[834,816,768],"product_tag":[296],"class_list":{"0":"post-1907391","1":"product","2":"type-product","3":"status-publish","4":"has-post-thumbnail","6":"product_cat-czyszczenie-skory","7":"product_cat-tapicerka-skorzana","8":"product_cat-wnetrze-auta","9":"product_tag-fresso","11":"first","12":"instock","13":"taxable","14":"shipping-taxable","15":"purchasable","16":"product-type-simple"},"_links":{"self":[{"href":"https:\/\/liquidmaster.pl\/en\/wp-json\/wp\/v2\/product\/1907391","targetHints":{"allow":["GET"]}}],"collection":[{"href":"https:\/\/liquidmaster.pl\/en\/wp-json\/wp\/v2\/product"}],"about":[{"href":"https:\/\/liquidmaster.pl\/en\/wp-json\/wp\/v2\/types\/product"}],"replies":[{"embeddable":true,"href":"https:\/\/liquidmaster.pl\/en\/wp-json\/wp\/v2\/comments?post=1907391"}],"wp:featuredmedia":[{"embeddable":true,"href":"https:\/\/liquidmaster.pl\/en\/wp-json\/wp\/v2\/media\/1848593"}],"wp:attachment":[{"href":"https:\/\/liquidmaster.pl\/en\/wp-json\/wp\/v2\/media?parent=1907391"}],"wp:term":[{"taxonomy":"product_brand","embeddable":true,"href":"https:\/\/liquidmaster.pl\/en\/wp-json\/wp\/v2\/product_brand?post=1907391"},{"taxonomy":"product_cat","embeddable":true,"href":"https:\/\/liquidmaster.pl\/en\/wp-json\/wp\/v2\/product_cat?post=1907391"},{"taxonomy":"product_tag","embeddable":true,"href":"https:\/\/liquidmaster.pl\/en\/wp-json\/wp\/v2\/product_tag?post=1907391"}],"curies":[{"name":"wp","href":"https:\/\/api.w.org\/{rel}","templated":true}]}}