{"id":1907370,"date":"2025-07-24T04:18:55","date_gmt":"2025-07-24T02:18:55","guid":{"rendered":"https:\/\/liquidmaster.pl\/innovacar-micron-wash-mitt-rekawica-do-mycia-auta\/"},"modified":"2026-04-18T04:30:56","modified_gmt":"2026-04-18T02:30:56","slug":"innovacar-micron-wash-mitt-rekawica-do-mycia-auta","status":"publish","type":"product","link":"https:\/\/liquidmaster.pl\/en\/innovacar-micron-wash-mitt-rekawica-do-mycia-auta\/","title":{"rendered":"Innovacar Micron Wash Mitt - a glove for car washing"},"content":{"rendered":"<p>Innovacar Micron Wash Mitt \u2013 a super-absorbent and double-sided microfiber glove for washing cars. We recommend using it with two Det Bowl buckets with a separator at the bottom to protect the glove from dirt particles that could scratch the surface.<\/p>\n<p>Main features:<\/p>\n<ul>\n<li>Dimensions: 18\u00d727 cm (including elastic cuff).<\/li>\n<li>Double-sided microfiber: the glove is made of soft microfiber on both sides.<\/li>\n<li>Retains dirt: Thanks to microfiber and polyester fibers, it safely retains dirt, providing moisture and glide.<\/li>\n<li>Super absorbent: the glove has the thickness of a sponge, which ensures high water absorption, which is crucial when washing.<\/li>\n<li>Easy to clean: When immersed in the rinsing bucket, the fibers release dirt easily, leaving the glove clean and reusable.<\/li>\n<li>Elastic cuff: It has an elastic cuff that makes it easier to hold the glove and protects your hand from water.<\/li>\n<li>Resealable Packaging: Sold in a zip-lock packaging, so the item can be reused and stored away from dirt and dust, preventing soiling.<\/li>\n<li>Color: black and white.<\/li>\n<\/ul>","protected":false},"excerpt":{"rendered":"<p>Innovacar Micron Wash Mitt \u2013 to superch\u0142onna i dwustronna r\u0119kawica z mikrofibry do mycia samochod\u00f3w. Zalecamy u\u017cywanie jej z dwoma wiadrami Det Bowl z separatorem na dnie, kt\u00f3ry chroni r\u0119kawic\u0119 przed cz\u0105steczkami brudu, kt\u00f3re mog\u0142yby zarysowa\u0107 powierzchni\u0119. G\u0142\u00f3wne cechy: Wymiary: 18&#215;27 cm (w tym elastyczny mankiet). Dwustronna mikrofibra: r\u0119kawica wykonana jest z mi\u0119kkiej mikrofibry po&hellip;&nbsp;<a href=\"https:\/\/liquidmaster.pl\/en\/innovacar-micron-wash-mitt-rekawica-do-mycia-auta\/\" rel=\"bookmark\">Read More \u00bb<span class=\"screen-reader-text\">Innovacar Micron Wash Mitt - a glove for car washing<\/span><\/a><\/p>","protected":false},"featured_media":1847114,"comment_status":"open","ping_status":"open","template":"","meta":{"neve_meta_sidebar":"","neve_meta_container":"","neve_meta_enable_content_width":"","neve_meta_content_width":0,"neve_meta_title_alignment":"","neve_meta_author_avatar":"","neve_post_elements_order":"","neve_meta_disable_header":"","neve_meta_disable_footer":"","neve_meta_disable_title":"","_themeisle_gutenberg_block_has_review":false},"product_brand":[],"product_cat":[734,733,764],"product_tag":[310],"class_list":{"0":"post-1907370","1":"product","2":"type-product","3":"status-publish","4":"has-post-thumbnail","6":"product_cat-mycie-i-osuszanie","7":"product_cat-na-zewnatrz","8":"product_cat-rekawice-i-gabki","9":"product_tag-innovacar","11":"first","12":"instock","13":"taxable","14":"shipping-taxable","15":"purchasable","16":"product-type-simple"},"_links":{"self":[{"href":"https:\/\/liquidmaster.pl\/en\/wp-json\/wp\/v2\/product\/1907370","targetHints":{"allow":["GET"]}}],"collection":[{"href":"https:\/\/liquidmaster.pl\/en\/wp-json\/wp\/v2\/product"}],"about":[{"href":"https:\/\/liquidmaster.pl\/en\/wp-json\/wp\/v2\/types\/product"}],"replies":[{"embeddable":true,"href":"https:\/\/liquidmaster.pl\/en\/wp-json\/wp\/v2\/comments?post=1907370"}],"wp:featuredmedia":[{"embeddable":true,"href":"https:\/\/liquidmaster.pl\/en\/wp-json\/wp\/v2\/media\/1847114"}],"wp:attachment":[{"href":"https:\/\/liquidmaster.pl\/en\/wp-json\/wp\/v2\/media?parent=1907370"}],"wp:term":[{"taxonomy":"product_brand","embeddable":true,"href":"https:\/\/liquidmaster.pl\/en\/wp-json\/wp\/v2\/product_brand?post=1907370"},{"taxonomy":"product_cat","embeddable":true,"href":"https:\/\/liquidmaster.pl\/en\/wp-json\/wp\/v2\/product_cat?post=1907370"},{"taxonomy":"product_tag","embeddable":true,"href":"https:\/\/liquidmaster.pl\/en\/wp-json\/wp\/v2\/product_tag?post=1907370"}],"curies":[{"name":"wp","href":"https:\/\/api.w.org\/{rel}","templated":true}]}}