{"id":1907362,"date":"2025-07-24T04:14:53","date_gmt":"2025-07-24T02:14:53","guid":{"rendered":"https:\/\/liquidmaster.pl\/innovacar-ultramicron-hd-54x48-300gsm-sciereczka-zamszowa-z-mikrofibry\/"},"modified":"2026-04-19T03:17:50","modified_gmt":"2026-04-19T01:17:50","slug":"innovacar-ultramicron-hd-54x48-300gsm-sciereczka-zamszowa-z-mikrofibry","status":"publish","type":"product","link":"https:\/\/liquidmaster.pl\/en\/innovacar-ultramicron-hd-54x48-300gsm-sciereczka-zamszowa-z-mikrofibry\/","title":{"rendered":"Innovacar Ultramicron HD 54\u00d748 300gsm - Microfiber Suede Cloth"},"content":{"rendered":"<p>Innovacar Ultramicron HD \u2013 universal, suede microfiber cloth: very absorbent and polishing.<\/p>\n<p>Weight: 300 gsm<\/p>\n<p>Dimensions: 54 x 48 cm<\/p>","protected":false},"excerpt":{"rendered":"<p>Innovacar Ultramicron HD \u2013 uniwersalna, zamszowa \u015bciereczka z mikrofibry: bardzo ch\u0142onna i poleruj\u0105ca. Gramatura: 300 gsm Wymiary: 54 x 48 cm<\/p>","protected":false},"featured_media":1847108,"comment_status":"open","ping_status":"open","template":"","meta":{"neve_meta_sidebar":"","neve_meta_container":"","neve_meta_enable_content_width":"","neve_meta_content_width":0,"neve_meta_title_alignment":"","neve_meta_author_avatar":"","neve_post_elements_order":"","neve_meta_disable_header":"","neve_meta_disable_footer":"","neve_meta_disable_title":"","_themeisle_gutenberg_block_has_review":false},"product_brand":[],"product_cat":[757,758,798],"product_tag":[310],"class_list":{"0":"post-1907362","1":"product","2":"type-product","3":"status-publish","4":"has-post-thumbnail","6":"product_cat-akcesoria","7":"product_cat-mikrofibry-i-reczniki","8":"product_cat-uniwersalne","9":"product_tag-innovacar","11":"first","12":"instock","13":"taxable","14":"shipping-taxable","15":"purchasable","16":"product-type-simple"},"_links":{"self":[{"href":"https:\/\/liquidmaster.pl\/en\/wp-json\/wp\/v2\/product\/1907362","targetHints":{"allow":["GET"]}}],"collection":[{"href":"https:\/\/liquidmaster.pl\/en\/wp-json\/wp\/v2\/product"}],"about":[{"href":"https:\/\/liquidmaster.pl\/en\/wp-json\/wp\/v2\/types\/product"}],"replies":[{"embeddable":true,"href":"https:\/\/liquidmaster.pl\/en\/wp-json\/wp\/v2\/comments?post=1907362"}],"wp:featuredmedia":[{"embeddable":true,"href":"https:\/\/liquidmaster.pl\/en\/wp-json\/wp\/v2\/media\/1847108"}],"wp:attachment":[{"href":"https:\/\/liquidmaster.pl\/en\/wp-json\/wp\/v2\/media?parent=1907362"}],"wp:term":[{"taxonomy":"product_brand","embeddable":true,"href":"https:\/\/liquidmaster.pl\/en\/wp-json\/wp\/v2\/product_brand?post=1907362"},{"taxonomy":"product_cat","embeddable":true,"href":"https:\/\/liquidmaster.pl\/en\/wp-json\/wp\/v2\/product_cat?post=1907362"},{"taxonomy":"product_tag","embeddable":true,"href":"https:\/\/liquidmaster.pl\/en\/wp-json\/wp\/v2\/product_tag?post=1907362"}],"curies":[{"name":"wp","href":"https:\/\/api.w.org\/{rel}","templated":true}]}}