{"id":1907358,"date":"2025-07-24T04:12:54","date_gmt":"2025-07-24T02:12:54","guid":{"rendered":"https:\/\/liquidmaster.pl\/innovacar-micron-suede-40x40-200gsm-grey-mikrofibra-do-powlok-ochronnych\/"},"modified":"2026-04-21T08:10:30","modified_gmt":"2026-04-21T06:10:30","slug":"innovacar-micron-suede-40x40-200gsm-grey-mikrofibra-do-powlok-ochronnych","status":"publish","type":"product","link":"https:\/\/liquidmaster.pl\/en\/innovacar-micron-suede-40x40-200gsm-grey-mikrofibra-do-powlok-ochronnych\/","title":{"rendered":"Innovacar Micron Suede 40\u00d740 200gsm Gray - microfiber for protective coatings"},"content":{"rendered":"<p>Innovacar Micron Suede 40\u00d740 \u2013 is a suede microfiber cloth created especially for ultra-soft and even application of coatings and nanotechnology treatments.<\/p>\n<p>Main features:<\/p>\n<ul>\n<li>Microfiber weight: 200 GSM.<\/li>\n<li>Dimensions: 40\u00d740 cm.<\/li>\n<li>Suede Microfiber: Suitable for the application of coatings and nanotechnology coatings typical of detailing because it absorbs a small amount of product, prevents waste and allows even application to surfaces.<\/li>\n<li>Edgeless and laser-cut technology: it is ultrasonically cut, seamless and label-free, which guarantees safe use and prevents leaving marks on the bodywork.<\/li>\n<li>Resealable Packaging: Sold in a zip-lock packaging, so the item can be reused and stored away from dirt and dust, preventing soiling.<\/li>\n<li>Light gray color: you can clearly see the applied dose of the product.<\/li>\n<\/ul>","protected":false},"excerpt":{"rendered":"<p>Innovacar Micron Suede 40&#215;40 \u2013 to zamszowa \u015bciereczka z mikrofibry stworzona specjalnie do ultra mi\u0119kkiego i r\u00f3wnomiernego nak\u0142adania pow\u0142ok i zabieg\u00f3w nanotechnologicznych. G\u0142\u00f3wne cechy: Gramatura mikrofibry: 200 GSM. Wymiary: 40&#215;40 cm. Mikrofibra zamszowa: nadaje si\u0119 do nak\u0142adania pow\u0142ok i pow\u0142ok nanotechnologicznych typowych dla detailingu, poniewa\u017c wch\u0142ania niewielk\u0105 ilo\u015b\u0107 produktu, zapobiega marnowaniu i umo\u017cliwia r\u00f3wnomierne nak\u0142adanie&hellip;&nbsp;<a href=\"https:\/\/liquidmaster.pl\/en\/innovacar-micron-suede-40x40-200gsm-grey-mikrofibra-do-powlok-ochronnych\/\" rel=\"bookmark\">Read More \u00bb<span class=\"screen-reader-text\">Innovacar Micron Suede 40\u00d740 200gsm Gray - microfiber for protective coatings<\/span><\/a><\/p>","protected":false},"featured_media":1847104,"comment_status":"open","ping_status":"open","template":"","meta":{"neve_meta_sidebar":"","neve_meta_container":"","neve_meta_enable_content_width":"","neve_meta_content_width":0,"neve_meta_title_alignment":"","neve_meta_author_avatar":"","neve_post_elements_order":"","neve_meta_disable_header":"","neve_meta_disable_footer":"","neve_meta_disable_title":"","_themeisle_gutenberg_block_has_review":false},"product_brand":[],"product_cat":[757,786,787],"product_tag":[310],"class_list":{"0":"post-1907358","1":"product","2":"type-product","3":"status-publish","4":"has-post-thumbnail","6":"product_cat-akcesoria","7":"product_cat-aplikatory","8":"product_cat-aplikatory-do-ceramiki","9":"product_tag-innovacar","11":"first","12":"instock","13":"taxable","14":"shipping-taxable","15":"purchasable","16":"product-type-simple"},"_links":{"self":[{"href":"https:\/\/liquidmaster.pl\/en\/wp-json\/wp\/v2\/product\/1907358","targetHints":{"allow":["GET"]}}],"collection":[{"href":"https:\/\/liquidmaster.pl\/en\/wp-json\/wp\/v2\/product"}],"about":[{"href":"https:\/\/liquidmaster.pl\/en\/wp-json\/wp\/v2\/types\/product"}],"replies":[{"embeddable":true,"href":"https:\/\/liquidmaster.pl\/en\/wp-json\/wp\/v2\/comments?post=1907358"}],"wp:featuredmedia":[{"embeddable":true,"href":"https:\/\/liquidmaster.pl\/en\/wp-json\/wp\/v2\/media\/1847104"}],"wp:attachment":[{"href":"https:\/\/liquidmaster.pl\/en\/wp-json\/wp\/v2\/media?parent=1907358"}],"wp:term":[{"taxonomy":"product_brand","embeddable":true,"href":"https:\/\/liquidmaster.pl\/en\/wp-json\/wp\/v2\/product_brand?post=1907358"},{"taxonomy":"product_cat","embeddable":true,"href":"https:\/\/liquidmaster.pl\/en\/wp-json\/wp\/v2\/product_cat?post=1907358"},{"taxonomy":"product_tag","embeddable":true,"href":"https:\/\/liquidmaster.pl\/en\/wp-json\/wp\/v2\/product_tag?post=1907358"}],"curies":[{"name":"wp","href":"https:\/\/api.w.org\/{rel}","templated":true}]}}