{"id":1907326,"date":"2025-07-24T00:42:53","date_gmt":"2025-07-23T22:42:53","guid":{"rendered":"https:\/\/liquidmaster.pl\/innovacar-n0-odors-500ml-neutralizator-zapachow\/"},"modified":"2026-04-20T08:09:33","modified_gmt":"2026-04-20T06:09:33","slug":"innovacar-n0-odors-500ml-neutralizator-zapachow","status":"publish","type":"product","link":"https:\/\/liquidmaster.pl\/en\/innovacar-n0-odors-500ml-neutralizator-zapachow\/","title":{"rendered":"Innovacar N0 Odors 500ml - odor neutralizer"},"content":{"rendered":"<p>Innovacar N0 Odors \u2013 is an unpleasant odor eliminator that quickly and effectively removes unpleasant odors from the interior of the car. Thanks to the high-quality formula, it has a lasting effect that can be reactivated over time.<\/p>\n<p>Main features:<\/p>\n<ul>\n<li>Decomposes organic residues: the formula with the addition of enzymes, subject to patent protection, allows the product to act several times and deeply on the molecules of the organic substrate. N0 Odors therefore decomposes organic residues, considered to be the main cause of unpleasant odors.<\/li>\n<li>Reactivation over time: its special molecules &quot;reactivate&quot; in the presence of moisture. For example: after rain, the enzymes found in car mats treated with N0 Odors are reactivated, which over time gives the impression of a constantly disinfected and clean environment.<\/li>\n<li>It does not mask but eliminates odors: its function is to actively intervene in the causes of unpleasant odors, and not just to cover and\/or hide them.<\/li>\n<li>Leaves a fresh scent: ideal for applying after washing or after the cleaning phase of interiors and floor mats. It guarantees a good smell for a long time in your own car or, if the vehicle belongs to a client or friend, it will be possible to give freshness comparable to thorough cleaning and disinfection of the car.<\/li>\n<\/ul>\n<p>Average consumption: 40 ml per vehicle.<\/p>\n<p>Summary of technical data:<\/p>\n<ul>\n<li>Removes the smell of smoke: YES<\/li>\n<li>Removes pet odor: YES<\/li>\n<li>Removes the smell of moisture: YES<\/li>\n<li>Removes the smell of food residues: YES<\/li>\n<li>Removes urine odor: YES<\/li>\n<li>With enzymes: YES<\/li>\n<li>Safe for surfaces: YES<\/li>\n<li>pH: 9.50<\/li>\n<\/ul>\n<p>Capacity: 500 ml<\/p>\n<p>* Depending on the batch of products, the sprinklers may differ in appearance.<\/p>\n<p>\u00a0<\/p>","protected":false},"excerpt":{"rendered":"<p>Innovacar N0 Odors \u2013 to eliminator nieprzyjemnych zapach\u00f3w, kt\u00f3ry szybko i skutecznie usuwa nieprzyjemne zapachy z wn\u0119trza samochodu. Dzi\u0119ki wysokiej jako\u015bci formule ma trwa\u0142y efekt, kt\u00f3ry z czasem mo\u017ce by\u0107 reaktywowany. G\u0142\u00f3wne cechy: Rozk\u0142ada pozosta\u0142o\u015bci organiczne: formu\u0142a z dodatkiem enzym\u00f3w, podlegaj\u0105ca ochronie patentowej, pozwala produktowi dzia\u0142a\u0107 kilkakrotnie i dog\u0142\u0119bnie na cz\u0105steczki pod\u0142o\u017ca organicznego. N0 Odors&hellip;&nbsp;<a href=\"https:\/\/liquidmaster.pl\/en\/innovacar-n0-odors-500ml-neutralizator-zapachow\/\" rel=\"bookmark\">Read More \u00bb<span class=\"screen-reader-text\">Innovacar N0 Odors 500ml - odor neutralizer<\/span><\/a><\/p>","protected":false},"featured_media":1847089,"comment_status":"open","ping_status":"open","template":"","meta":{"neve_meta_sidebar":"","neve_meta_container":"","neve_meta_enable_content_width":"","neve_meta_content_width":0,"neve_meta_title_alignment":"","neve_meta_author_avatar":"","neve_post_elements_order":"","neve_meta_disable_header":"","neve_meta_disable_footer":"","neve_meta_disable_title":"","_themeisle_gutenberg_block_has_review":false},"product_brand":[],"product_cat":[810,801,768],"product_tag":[310],"class_list":{"0":"post-1907326","1":"product","2":"type-product","3":"status-publish","4":"has-post-thumbnail","6":"product_cat-neutralizatory-zapachow","7":"product_cat-odswiezacze-powietrza","8":"product_cat-wnetrze-auta","9":"product_tag-innovacar","11":"first","12":"instock","13":"taxable","14":"shipping-taxable","15":"purchasable","16":"product-type-simple"},"_links":{"self":[{"href":"https:\/\/liquidmaster.pl\/en\/wp-json\/wp\/v2\/product\/1907326","targetHints":{"allow":["GET"]}}],"collection":[{"href":"https:\/\/liquidmaster.pl\/en\/wp-json\/wp\/v2\/product"}],"about":[{"href":"https:\/\/liquidmaster.pl\/en\/wp-json\/wp\/v2\/types\/product"}],"replies":[{"embeddable":true,"href":"https:\/\/liquidmaster.pl\/en\/wp-json\/wp\/v2\/comments?post=1907326"}],"wp:featuredmedia":[{"embeddable":true,"href":"https:\/\/liquidmaster.pl\/en\/wp-json\/wp\/v2\/media\/1847089"}],"wp:attachment":[{"href":"https:\/\/liquidmaster.pl\/en\/wp-json\/wp\/v2\/media?parent=1907326"}],"wp:term":[{"taxonomy":"product_brand","embeddable":true,"href":"https:\/\/liquidmaster.pl\/en\/wp-json\/wp\/v2\/product_brand?post=1907326"},{"taxonomy":"product_cat","embeddable":true,"href":"https:\/\/liquidmaster.pl\/en\/wp-json\/wp\/v2\/product_cat?post=1907326"},{"taxonomy":"product_tag","embeddable":true,"href":"https:\/\/liquidmaster.pl\/en\/wp-json\/wp\/v2\/product_tag?post=1907326"}],"curies":[{"name":"wp","href":"https:\/\/api.w.org\/{rel}","templated":true}]}}