{"id":1907322,"date":"2025-07-24T00:40:53","date_gmt":"2025-07-23T22:40:53","guid":{"rendered":"https:\/\/liquidmaster.pl\/innovacar-micron-up-40x40-300gsm-mikrofibra-do-usuwania-past-i-powlok\/"},"modified":"2026-04-21T08:10:23","modified_gmt":"2026-04-21T06:10:23","slug":"innovacar-micron-up-40x40-300gsm-mikrofibra-do-usuwania-past-i-powlok","status":"publish","type":"product","link":"https:\/\/liquidmaster.pl\/en\/innovacar-micron-up-40x40-300gsm-mikrofibra-do-usuwania-past-i-powlok\/","title":{"rendered":"Innovacar Micron Up 40\u00d740 300gsm - microfiber for removing polishes and coatings"},"content":{"rendered":"<p>Innovacar Micron Up \u2013 a microfiber cloth for cars, suitable for removing residues of polishing pastes and coatings.<\/p>\n<p>Main features:<\/p>\n<ul>\n<li>Microfiber weight: 300 GSM.<\/li>\n<li>Dimensions: 40\u00d740 cm.<\/li>\n<li>Short bristle side: is particularly suitable for removing polishes and coatings, eliminating any product residues during polishing.<\/li>\n<li>Multi-Purpose: Can also be used with spray products to clean car interiors such as leather, dashboard, door panels, as well as to polish metal.<\/li>\n<li>Edgeless and Laser Cut Technology: It is ultrasonically cut, seamless and label-free for safe use.<\/li>\n<li>Resealable Packaging: Sold in a zip-lock packaging, so the item can be reused and stored away from dirt and dust, preventing soiling.<\/li>\n<li>Blue color.<\/li>\n<\/ul>","protected":false},"excerpt":{"rendered":"<p>Innovacar Micron Up \u2013 to \u015bciereczka z mikrofibry do samochod\u00f3w, odpowiednia do usuwania pozosta\u0142o\u015bci past polerskich i pow\u0142ok. G\u0142\u00f3wne cechy: Gramatura mikrofibry: 300 GSM. Wymiary: 40&#215;40 cm. Strona z kr\u00f3tkim w\u0142osiem: jest szczeg\u00f3lnie odpowiednia do usuwania past i pow\u0142ok, eliminuj\u0105c wszelkie pozosta\u0142o\u015bci produkt\u00f3w podczas polerowania. Wielozadaniowa: mo\u017ce by\u0107 r\u00f3wnie\u017c u\u017cywana z produktami w sprayu do&hellip;&nbsp;<a href=\"https:\/\/liquidmaster.pl\/en\/innovacar-micron-up-40x40-300gsm-mikrofibra-do-usuwania-past-i-powlok\/\" rel=\"bookmark\">Read More \u00bb<span class=\"screen-reader-text\">Innovacar Micron Up 40\u00d740 300gsm - microfiber for removing polishes and coatings<\/span><\/a><\/p>","protected":false},"featured_media":1847087,"comment_status":"open","ping_status":"open","template":"","meta":{"neve_meta_sidebar":"","neve_meta_container":"","neve_meta_enable_content_width":"","neve_meta_content_width":0,"neve_meta_title_alignment":"","neve_meta_author_avatar":"","neve_post_elements_order":"","neve_meta_disable_header":"","neve_meta_disable_footer":"","neve_meta_disable_title":"","_themeisle_gutenberg_block_has_review":false},"product_brand":[],"product_cat":[757,758,798],"product_tag":[310],"class_list":{"0":"post-1907322","1":"product","2":"type-product","3":"status-publish","4":"has-post-thumbnail","6":"product_cat-akcesoria","7":"product_cat-mikrofibry-i-reczniki","8":"product_cat-uniwersalne","9":"product_tag-innovacar","11":"first","12":"instock","13":"taxable","14":"shipping-taxable","15":"purchasable","16":"product-type-simple"},"_links":{"self":[{"href":"https:\/\/liquidmaster.pl\/en\/wp-json\/wp\/v2\/product\/1907322","targetHints":{"allow":["GET"]}}],"collection":[{"href":"https:\/\/liquidmaster.pl\/en\/wp-json\/wp\/v2\/product"}],"about":[{"href":"https:\/\/liquidmaster.pl\/en\/wp-json\/wp\/v2\/types\/product"}],"replies":[{"embeddable":true,"href":"https:\/\/liquidmaster.pl\/en\/wp-json\/wp\/v2\/comments?post=1907322"}],"wp:featuredmedia":[{"embeddable":true,"href":"https:\/\/liquidmaster.pl\/en\/wp-json\/wp\/v2\/media\/1847087"}],"wp:attachment":[{"href":"https:\/\/liquidmaster.pl\/en\/wp-json\/wp\/v2\/media?parent=1907322"}],"wp:term":[{"taxonomy":"product_brand","embeddable":true,"href":"https:\/\/liquidmaster.pl\/en\/wp-json\/wp\/v2\/product_brand?post=1907322"},{"taxonomy":"product_cat","embeddable":true,"href":"https:\/\/liquidmaster.pl\/en\/wp-json\/wp\/v2\/product_cat?post=1907322"},{"taxonomy":"product_tag","embeddable":true,"href":"https:\/\/liquidmaster.pl\/en\/wp-json\/wp\/v2\/product_tag?post=1907322"}],"curies":[{"name":"wp","href":"https:\/\/api.w.org\/{rel}","templated":true}]}}