{"id":1907171,"date":"2025-07-20T11:34:05","date_gmt":"2025-07-20T09:34:05","guid":{"rendered":"https:\/\/liquidmaster.pl\/funky-witch-gentleman-500ml-zabezpiecza-kokpit-elementy-plastikowe-oraz-gumowe-2\/"},"modified":"2026-04-20T08:29:12","modified_gmt":"2026-04-20T06:29:12","slug":"funky-witch-gentleman-500ml-zabezpiecza-kokpit-elementy-plastikowe-oraz-gumowe-2","status":"publish","type":"product","link":"https:\/\/liquidmaster.pl\/en\/funky-witch-gentleman-500ml-zabezpiecza-kokpit-elementy-plastikowe-oraz-gumowe-2\/","title":{"rendered":"Funky Witch Gentleman 500ml - protects the cockpit, plastic and rubber elements"},"content":{"rendered":"<p>FUNKY WITCH Gentleman Matt Plastics &amp; Rubber Protectant\u00a0<\/p>\n<p>Kokpit, wewn\u0119trzne plastiki czy elementy gumowe to elementy, kt\u00f3rym nie s\u0142u\u017cy promieniowanie UV. Kolejnym problemem jest to, \u017ce s\u0105 one nara\u017cone na kurz oraz utrat\u0119 koloru. W sk\u0142adzie produktu znajdziemy\u00a0polimery, dzi\u0119ki kt\u00f3rym preparat ten trwa\u0142y, wydajny\u00a0oraz \u0142atwo si\u0119 aplikuje. Produkt nadaje matowe wyko\u0144czenie, kt\u00f3re nie cz\u0119sto wyst\u0119puje w\u015br\u00f3d produkt\u00f3w tego typu. Dodatkowo intensywny zapach perfum\u00a0Gentleman Only od Givenchy uprzyjemnia prac\u0119. Nie u\u017cywa\u0107 bezpo\u015brednio na s\u0142o\u0144cu i rozgrzanych elementach.<\/p>\n<p>Usage:<\/p>\n<li>shake before use<\/li>\n<li>apply with a cotton or microfiber applicator\u00a0<\/li>\n<li>use on interior plastics, cockpit<\/li>\n<li>After a while, wipe it again with a clean, dry microfiber<\/li>\n<p>Capacity: 500 ml<\/p>","protected":false},"excerpt":{"rendered":"<p>FUNKY WITCH\u00a0 Gentleman Matt Plastics &#038; Rubber Protectant\u00a0 Kokpit, wewn\u0119trzne plastiki czy elementy gumowe to elementy, kt\u00f3rym nie s\u0142u\u017cy promieniowanie UV. Kolejnym problemem jest to, \u017ce s\u0105 one nara\u017cone na kurz oraz utrat\u0119 koloru. W sk\u0142adzie produktu znajdziemy\u00a0polimery, dzi\u0119ki kt\u00f3rym preparat ten trwa\u0142y, wydajny\u00a0oraz \u0142atwo si\u0119 aplikuje. Produkt nadaje matowe wyko\u0144czenie, kt\u00f3re nie cz\u0119sto wyst\u0119puje&hellip;&nbsp;<a href=\"https:\/\/liquidmaster.pl\/en\/funky-witch-gentleman-500ml-zabezpiecza-kokpit-elementy-plastikowe-oraz-gumowe-2\/\" rel=\"bookmark\">Read More \u00bb<span class=\"screen-reader-text\">Funky Witch Gentleman 500ml - protects the cockpit, plastic and rubber elements<\/span><\/a><\/p>","protected":false},"featured_media":1907173,"comment_status":"open","ping_status":"open","template":"","meta":{"neve_meta_sidebar":"","neve_meta_container":"","neve_meta_enable_content_width":"","neve_meta_content_width":0,"neve_meta_title_alignment":"","neve_meta_author_avatar":"","neve_post_elements_order":"","neve_meta_disable_header":"","neve_meta_disable_footer":"","neve_meta_disable_title":"","_themeisle_gutenberg_block_has_review":false},"product_brand":[],"product_cat":[796,795,768],"product_tag":[298],"class_list":{"0":"post-1907171","1":"product","2":"type-product","3":"status-publish","4":"has-post-thumbnail","6":"product_cat-ochrona-plastikow-wewnetrznych","7":"product_cat-plastiki-wewnetrzne","8":"product_cat-wnetrze-auta","9":"product_tag-funky-witch","11":"first","12":"instock","13":"taxable","14":"shipping-taxable","15":"purchasable","16":"product-type-simple"},"_links":{"self":[{"href":"https:\/\/liquidmaster.pl\/en\/wp-json\/wp\/v2\/product\/1907171","targetHints":{"allow":["GET"]}}],"collection":[{"href":"https:\/\/liquidmaster.pl\/en\/wp-json\/wp\/v2\/product"}],"about":[{"href":"https:\/\/liquidmaster.pl\/en\/wp-json\/wp\/v2\/types\/product"}],"replies":[{"embeddable":true,"href":"https:\/\/liquidmaster.pl\/en\/wp-json\/wp\/v2\/comments?post=1907171"}],"wp:featuredmedia":[{"embeddable":true,"href":"https:\/\/liquidmaster.pl\/en\/wp-json\/wp\/v2\/media\/1907173"}],"wp:attachment":[{"href":"https:\/\/liquidmaster.pl\/en\/wp-json\/wp\/v2\/media?parent=1907171"}],"wp:term":[{"taxonomy":"product_brand","embeddable":true,"href":"https:\/\/liquidmaster.pl\/en\/wp-json\/wp\/v2\/product_brand?post=1907171"},{"taxonomy":"product_cat","embeddable":true,"href":"https:\/\/liquidmaster.pl\/en\/wp-json\/wp\/v2\/product_cat?post=1907171"},{"taxonomy":"product_tag","embeddable":true,"href":"https:\/\/liquidmaster.pl\/en\/wp-json\/wp\/v2\/product_tag?post=1907171"}],"curies":[{"name":"wp","href":"https:\/\/api.w.org\/{rel}","templated":true}]}}