{"id":1907159,"date":"2025-07-19T10:58:54","date_gmt":"2025-07-19T08:58:54","guid":{"rendered":"https:\/\/liquidmaster.pl\/fresso-interior-cleaner-500ml-produkt-do-czyszczenia-wnetrza\/"},"modified":"2026-04-18T04:42:31","modified_gmt":"2026-04-18T02:42:31","slug":"fresso-interior-cleaner-500ml-produkt-do-czyszczenia-wnetrza","status":"publish","type":"product","link":"https:\/\/liquidmaster.pl\/en\/fresso-interior-cleaner-500ml-produkt-do-czyszczenia-wnetrza\/","title":{"rendered":"Fresso Interior Cleaner 500ml \u2013 interior cleaning product"},"content":{"rendered":"<p>Postaw na uniwersalny i wszechstronny \u015brodek, kt\u00f3ry dok\u0142adnie i skutecznie wyczy\u015bci plastik, sk\u00f3r\u0119, tapicerk\u0119, alcantar\u0119, winyl, aluminium, a nawet drewno. Pozostawia powierzchni\u0119 perfekcyjnie czyst\u0105, bez smug i zaciek\u00f3w. Dzi\u0119ki nowoczesnej formule oraz neutralnemu pH jest bezpieczny w u\u017cyciu i jednocze\u015bnie bardzo wydajny. Przyjemny, perfumowany zapach utrzymuje si\u0119 na czyszczonej powierzchni, umilaj\u0105c chwile sp\u0119dzone w samochodzie, ale nie tylko&#8230; Doskonale sprawdzi si\u0119 r\u00f3wnie\u017c w domu, do czyszczenia blat\u00f3w wykonanych z drewna, marmuru czy granitu, a tak\u017ce p\u0142ytek, armatury, aluminium oraz mebli. Dzi\u0119ki swojej wyj\u0105tkowej formule pozostawia powierzchni\u0119 ca\u0142kowicie g\u0142adk\u0105, minimalizuj\u0105c ponowne osadzanie si\u0119 kurzu i innych zabrudze\u0144.<\/p>\n<p>Product features:<\/p>\n<ul>\n<li>Ready to use<\/li>\n<li>Versatile use<\/li>\n<li>Czy\u015bci tapicerk\u0119, sk\u00f3r\u0119, plastiki, alcantar\u0119, gum\u0119, winyl, aluminium, drewno<\/li>\n<li>Neutral pH<\/li>\n<li>Nie odbarwia, nie pozostawia smug ani osadu.<\/li>\n<li>Nie pozostawia lepkich pozosta\u0142o\u015bci (<\/li>\n<li>Bezpieczny w u\u017cyciu<\/li>\n<li>\u015awietnie nadaje si\u0119 do czyszczenia zabrudze\u0144 w domu\/biurze (blat\u00f3w drewnianych, marmurowych, p\u0142ytek, armatury, mebli, aluminium)<\/li>\n<\/ul>\n<p>&#8211; Dzi\u0119ki swojej wyj\u0105tkowej formule pozostawia powierzchni\u0119 ca\u0142kowicie g\u0142adk\u0105, minimalizuj\u0105c ponowne osadzanie si\u0119 kurzu i innych zabrudze\u0144.<\/p>\n<p>Zapach perfumowany Cytrusowo-aromatyczny. Archetyp czysto\u015bci i eterycznej wr\u0119cz \u015bwie\u017co\u015bci. Cytryna w rewolucyjnej zielonej kwa\u015bno\u015bci w po\u0142\u0105czeniu z pi\u017cmem sprawiaj\u0105, \u017ce jest to zapach niezapomniany. Delikatne akordy subtelnych, pudrowych kwiat\u00f3w i owoc\u00f3w wzbogacaj\u0105 wra\u017cenie przyjemnego od\u015bwie\u017cenia i powoduj\u0105, ze zapachowi ci\u0119\u017cko si\u0119 oprze\u0107.<\/p>\n<p>\nUsage<\/p>\n<li>Nanie\u015b produkt bezpo\u015brednio na czyszczon\u0105 powierzchni\u0119.<\/li>\n<li>Delikatnie wyczy\u015b\u0107 p\u0119dzelkiem, szczotk\u0105 lub mikrofibr\u0105.<\/li>\n<li>Zbierz brud za pomoc\u0105 czystej mikrofibry. Pozostaw do wyschni\u0119cia.<\/li>\n<li>Dla zabezpieczenia tworzyw sztucznych polecamy produkt Fresso Interior Dressing.<\/li>\n<p>Produkt u\u017cywaj na ch\u0142odnych elementach.<br \/>\nW przypadku trudniejszych zabrudze\u0144, po aplikacji pozostaw produkt na oko\u0142o minut\u0119.<br \/>\nPrzechowuj w temperaturze powy\u017cej 4 stopni Celsjusza w zaciemnionym miejscu<\/p>\n<p>Capacity 500ml<\/p>","protected":false},"excerpt":{"rendered":"<p>Postaw na uniwersalny i wszechstronny \u015brodek, kt\u00f3ry dok\u0142adnie i skutecznie wyczy\u015bci plastik, sk\u00f3r\u0119, tapicerk\u0119, alcantar\u0119, winyl, aluminium, a nawet drewno. Pozostawia powierzchni\u0119 perfekcyjnie czyst\u0105, bez smug i zaciek\u00f3w. Dzi\u0119ki nowoczesnej formule oraz neutralnemu pH jest bezpieczny w u\u017cyciu i jednocze\u015bnie bardzo wydajny. Przyjemny, perfumowany zapach utrzymuje si\u0119 na czyszczonej powierzchni, umilaj\u0105c chwile sp\u0119dzone w samochodzie,&hellip;&nbsp;<a href=\"https:\/\/liquidmaster.pl\/en\/fresso-interior-cleaner-500ml-produkt-do-czyszczenia-wnetrza\/\" rel=\"bookmark\">Read More \u00bb<span class=\"screen-reader-text\">Fresso Interior Cleaner 500ml \u2013 interior cleaning product<\/span><\/a><\/p>","protected":false},"featured_media":1848575,"comment_status":"open","ping_status":"open","template":"","meta":{"neve_meta_sidebar":"","neve_meta_container":"","neve_meta_enable_content_width":"","neve_meta_content_width":0,"neve_meta_title_alignment":"","neve_meta_author_avatar":"","neve_post_elements_order":"","neve_meta_disable_header":"","neve_meta_disable_footer":"","neve_meta_disable_title":"","_themeisle_gutenberg_block_has_review":false},"product_brand":[],"product_cat":[804,795,768],"product_tag":[296],"class_list":{"0":"post-1907159","1":"product","2":"type-product","3":"status-publish","4":"has-post-thumbnail","6":"product_cat-czyszczenie-plastikow-wewnetrznych","7":"product_cat-plastiki-wewnetrzne","8":"product_cat-wnetrze-auta","9":"product_tag-fresso","10":"pa_promocja-promocje","12":"first","13":"instock","14":"taxable","15":"shipping-taxable","16":"purchasable","17":"product-type-simple"},"_links":{"self":[{"href":"https:\/\/liquidmaster.pl\/en\/wp-json\/wp\/v2\/product\/1907159","targetHints":{"allow":["GET"]}}],"collection":[{"href":"https:\/\/liquidmaster.pl\/en\/wp-json\/wp\/v2\/product"}],"about":[{"href":"https:\/\/liquidmaster.pl\/en\/wp-json\/wp\/v2\/types\/product"}],"replies":[{"embeddable":true,"href":"https:\/\/liquidmaster.pl\/en\/wp-json\/wp\/v2\/comments?post=1907159"}],"wp:featuredmedia":[{"embeddable":true,"href":"https:\/\/liquidmaster.pl\/en\/wp-json\/wp\/v2\/media\/1848575"}],"wp:attachment":[{"href":"https:\/\/liquidmaster.pl\/en\/wp-json\/wp\/v2\/media?parent=1907159"}],"wp:term":[{"taxonomy":"product_brand","embeddable":true,"href":"https:\/\/liquidmaster.pl\/en\/wp-json\/wp\/v2\/product_brand?post=1907159"},{"taxonomy":"product_cat","embeddable":true,"href":"https:\/\/liquidmaster.pl\/en\/wp-json\/wp\/v2\/product_cat?post=1907159"},{"taxonomy":"product_tag","embeddable":true,"href":"https:\/\/liquidmaster.pl\/en\/wp-json\/wp\/v2\/product_tag?post=1907159"}],"curies":[{"name":"wp","href":"https:\/\/api.w.org\/{rel}","templated":true}]}}