{"id":1907155,"date":"2025-07-19T10:56:53","date_gmt":"2025-07-19T08:56:53","guid":{"rendered":"https:\/\/liquidmaster.pl\/fresso-ceramic-quick-detailer-500ml-quick-detailer-z-sio2\/"},"modified":"2026-04-18T04:42:30","modified_gmt":"2026-04-18T02:42:30","slug":"fresso-ceramic-quick-detailer-500ml-quick-detailer-z-sio2","status":"publish","type":"product","link":"https:\/\/liquidmaster.pl\/en\/fresso-ceramic-quick-detailer-500ml-quick-detailer-z-sio2\/","title":{"rendered":"Fresso Ceramic Quick Detailer 500ml \u2013 quick detailer with SiO2"},"content":{"rendered":"<p>Fresso Ceramic Quick Detailer is an innovative paint care and protection product. It provides long-lasting protection that can last up to 12 weeks.<\/p>\n<p>The exceptionally simple application of the product and the strong hydrophobic effect will quickly provide additional protection against dirt, water and other contaminants.<\/p>\n<p>Gives incredible shine and brings out the depth of the varnish.<\/p>\n<p>It is ideal for maintaining ceramic coatings, supplementing wax, but also as a standalone paint protection.<\/p>\n<ul>\n<li>Very easy application<\/li>\n<li>Long-lasting protection (up to 12 weeks)<\/li>\n<li>Strong hydrophobic effect<\/li>\n<li>Perfect glide<\/li>\n<li>Gives an amazing shine<\/li>\n<li>Enhances the varnish<\/li>\n<li>Very efficient<\/li>\n<li>Perfect for maintaining ceramic coatings and as a standalone protection.<\/li>\n<li>Can be applied dry or wet*<\/li>\n<\/ul>\n<p>A perfumed fragrance. A scent as vibrant and juicy as freshly picked citrus. It blends enchanting notes of grapefruit, complemented by the relaxing scent of lotus flower. The refreshing aroma of oakmoss and earth will enchant anyone who appreciates the elegance and beauty of nature.<\/p>\n<p>* we recommend dry application.<\/p>\n<p>The full hydrophobic effect is visible 2 hours after application.<\/p>\n<p>Usage:<\/p>\n<li>Shake the product before use<\/li>\n<li>Apply a small amount of product to the item<\/li>\n<li>Spread with a microfiber cloth and work the product with the other dry side<\/li>\n<p>Capacity 500ml<\/p>","protected":false},"excerpt":{"rendered":"<p>Fresso Ceramic Quick Detailer to innowacyjny produkt do piel\u0119gnacji i zabezpieczenia lakieru. Zapewnia d\u0142ugotrwa\u0142\u0105 ochron\u0119, kt\u00f3ra mo\u017ce trwa\u0107 nawet do 12 tygodni. Wyj\u0105tkowo prosta aplikacja produktu i silny efekt hydrofobowy w szybki spos\u00f3b zapewni dodatkowe zabezpieczenie przed brudem, wod\u0105 i innymi zanieczyszczeniami. Nadaje niesamowity po\u0142ysk i wydobywa g\u0142\u0119bi\u0119 lakieru. Idealnie sprawdzi si\u0119 do piel\u0119gnowania pow\u0142ok&hellip;&nbsp;<a href=\"https:\/\/liquidmaster.pl\/en\/fresso-ceramic-quick-detailer-500ml-quick-detailer-z-sio2\/\" rel=\"bookmark\">Read More \u00bb<span class=\"screen-reader-text\">Fresso Ceramic Quick Detailer 500ml \u2013 quick detailer with SiO2<\/span><\/a><\/p>","protected":false},"featured_media":1848570,"comment_status":"open","ping_status":"open","template":"","meta":{"neve_meta_sidebar":"","neve_meta_container":"","neve_meta_enable_content_width":"","neve_meta_content_width":0,"neve_meta_title_alignment":"","neve_meta_author_avatar":"","neve_post_elements_order":"","neve_meta_disable_header":"","neve_meta_disable_footer":"","neve_meta_disable_title":"","_themeisle_gutenberg_block_has_review":false},"product_brand":[],"product_cat":[733,766,767],"product_tag":[296],"class_list":{"0":"post-1907155","1":"product","2":"type-product","3":"status-publish","4":"has-post-thumbnail","6":"product_cat-na-zewnatrz","7":"product_cat-ochrona-lakieru","8":"product_cat-quick-detailery","9":"product_tag-fresso","11":"first","12":"instock","13":"taxable","14":"shipping-taxable","15":"purchasable","16":"product-type-simple"},"_links":{"self":[{"href":"https:\/\/liquidmaster.pl\/en\/wp-json\/wp\/v2\/product\/1907155","targetHints":{"allow":["GET"]}}],"collection":[{"href":"https:\/\/liquidmaster.pl\/en\/wp-json\/wp\/v2\/product"}],"about":[{"href":"https:\/\/liquidmaster.pl\/en\/wp-json\/wp\/v2\/types\/product"}],"replies":[{"embeddable":true,"href":"https:\/\/liquidmaster.pl\/en\/wp-json\/wp\/v2\/comments?post=1907155"}],"wp:featuredmedia":[{"embeddable":true,"href":"https:\/\/liquidmaster.pl\/en\/wp-json\/wp\/v2\/media\/1848570"}],"wp:attachment":[{"href":"https:\/\/liquidmaster.pl\/en\/wp-json\/wp\/v2\/media?parent=1907155"}],"wp:term":[{"taxonomy":"product_brand","embeddable":true,"href":"https:\/\/liquidmaster.pl\/en\/wp-json\/wp\/v2\/product_brand?post=1907155"},{"taxonomy":"product_cat","embeddable":true,"href":"https:\/\/liquidmaster.pl\/en\/wp-json\/wp\/v2\/product_cat?post=1907155"},{"taxonomy":"product_tag","embeddable":true,"href":"https:\/\/liquidmaster.pl\/en\/wp-json\/wp\/v2\/product_tag?post=1907155"}],"curies":[{"name":"wp","href":"https:\/\/api.w.org\/{rel}","templated":true}]}}