{"id":1907149,"date":"2025-07-19T10:54:05","date_gmt":"2025-07-19T08:54:05","guid":{"rendered":"https:\/\/liquidmaster.pl\/fresso-agnes-towel-mikrofibra-360gsm-40x40cm\/"},"modified":"2026-04-18T04:42:28","modified_gmt":"2026-04-18T02:42:28","slug":"fresso-agnes-towel-mikrofibra-360gsm-40x40cm","status":"publish","type":"product","link":"https:\/\/liquidmaster.pl\/en\/fresso-agnes-towel-mikrofibra-360gsm-40x40cm\/","title":{"rendered":"Fresso Agnes Towel Microfiber 360gsm 40x40cm"},"content":{"rendered":"<p>Agnes Towel to uniwersalna \u015bciereczka z mikrofibry z kr\u00f3tkim w\u0142osiem po obu stronach. Nadaje si\u0119 zar\u00f3wno do czyszczenia wn\u0119trza pojazdu, jak i piel\u0119gnacji cz\u0119\u015bci zewn\u0119trznych. Perfekcyjnie docierania pow\u0142oki oraz usuwa nadmiar pasty polerskiej.<\/p>\n<p>Szmatka do piel\u0119gnacji samochodu posiada laserowo ci\u0119te kraw\u0119dzie i jest pozbawiona metek, dzi\u0119ki czemu na czyszczonych powierzchniach nie tworz\u0105 si\u0119 niepo\u017c\u0105dane mikrorysy. \u00a0<\/p>\n<p>Recommendations<\/p>\n<ul>\n<li>Wash the cloth before first use<\/li>\n<li>Wash at low temperature<\/li>\n<li>Do not use bleach or softeners for its care.<\/li>\n<li>Do not iron<\/li>\n<\/ul>\n<p>Key product features:<\/p>\n<ul>\n<li>Dimensions: 40\u00d740 cm<\/li>\n<li>Gramatura: 360 g\/m2<\/li>\n<li>Delikatne, g\u0119ste w\u0142\u00f3kna<\/li>\n<li>Kr\u00f3tkie w\u0142osie po obu stronach<\/li>\n<li>Laser cut edges<\/li>\n<li>No tags<\/li>\n<li>Nadaje si\u0119 do czyszczenia zar\u00f3wno wn\u0119trza, jak i zewn\u0119trznych cz\u0119\u015bci samochodu<\/li>\n<li>Skutecznie dociera pow\u0142oki i usuwa nadmiar pasty polerskiej<\/li>\n<\/ul>\n<p>\u00a0<\/p>","protected":false},"excerpt":{"rendered":"<p>Agnes Towel to uniwersalna \u015bciereczka z mikrofibry z kr\u00f3tkim w\u0142osiem po obu stronach. Nadaje si\u0119 zar\u00f3wno do czyszczenia wn\u0119trza pojazdu, jak i piel\u0119gnacji cz\u0119\u015bci zewn\u0119trznych. Perfekcyjnie docierania pow\u0142oki oraz usuwa nadmiar pasty polerskiej. Szmatka do piel\u0119gnacji samochodu posiada laserowo ci\u0119te kraw\u0119dzie i jest pozbawiona metek, dzi\u0119ki czemu na czyszczonych powierzchniach nie tworz\u0105 si\u0119 niepo\u017c\u0105dane mikrorysy.&hellip;&nbsp;<a href=\"https:\/\/liquidmaster.pl\/en\/fresso-agnes-towel-mikrofibra-360gsm-40x40cm\/\" rel=\"bookmark\">Read More \u00bb<span class=\"screen-reader-text\">Fresso Agnes Towel Microfiber 360gsm 40x40cm<\/span><\/a><\/p>","protected":false},"featured_media":1848557,"comment_status":"open","ping_status":"open","template":"","meta":{"neve_meta_sidebar":"","neve_meta_container":"","neve_meta_enable_content_width":"","neve_meta_content_width":0,"neve_meta_title_alignment":"","neve_meta_author_avatar":"","neve_post_elements_order":"","neve_meta_disable_header":"","neve_meta_disable_footer":"","neve_meta_disable_title":"","_themeisle_gutenberg_block_has_review":false},"product_brand":[],"product_cat":[757,758,798],"product_tag":[296],"class_list":{"0":"post-1907149","1":"product","2":"type-product","3":"status-publish","4":"has-post-thumbnail","6":"product_cat-akcesoria","7":"product_cat-mikrofibry-i-reczniki","8":"product_cat-uniwersalne","9":"product_tag-fresso","11":"first","12":"instock","13":"taxable","14":"shipping-taxable","15":"purchasable","16":"product-type-simple"},"_links":{"self":[{"href":"https:\/\/liquidmaster.pl\/en\/wp-json\/wp\/v2\/product\/1907149","targetHints":{"allow":["GET"]}}],"collection":[{"href":"https:\/\/liquidmaster.pl\/en\/wp-json\/wp\/v2\/product"}],"about":[{"href":"https:\/\/liquidmaster.pl\/en\/wp-json\/wp\/v2\/types\/product"}],"replies":[{"embeddable":true,"href":"https:\/\/liquidmaster.pl\/en\/wp-json\/wp\/v2\/comments?post=1907149"}],"wp:featuredmedia":[{"embeddable":true,"href":"https:\/\/liquidmaster.pl\/en\/wp-json\/wp\/v2\/media\/1848557"}],"wp:attachment":[{"href":"https:\/\/liquidmaster.pl\/en\/wp-json\/wp\/v2\/media?parent=1907149"}],"wp:term":[{"taxonomy":"product_brand","embeddable":true,"href":"https:\/\/liquidmaster.pl\/en\/wp-json\/wp\/v2\/product_brand?post=1907149"},{"taxonomy":"product_cat","embeddable":true,"href":"https:\/\/liquidmaster.pl\/en\/wp-json\/wp\/v2\/product_cat?post=1907149"},{"taxonomy":"product_tag","embeddable":true,"href":"https:\/\/liquidmaster.pl\/en\/wp-json\/wp\/v2\/product_tag?post=1907149"}],"curies":[{"name":"wp","href":"https:\/\/api.w.org\/{rel}","templated":true}]}}