{"id":1907145,"date":"2025-07-19T10:52:06","date_gmt":"2025-07-19T08:52:06","guid":{"rendered":"https:\/\/liquidmaster.pl\/angelwax-excelsior-500ml\/"},"modified":"2026-04-18T04:42:27","modified_gmt":"2026-04-18T02:42:27","slug":"angelwax-excelsior-500ml","status":"publish","type":"product","link":"https:\/\/liquidmaster.pl\/en\/angelwax-excelsior-500ml\/","title":{"rendered":"Angelwax Excelsior 500ml"},"content":{"rendered":"<p lang=\"zxx\">Angelwax Excelsior - a fantastic product for cleaning soft tops of convertibles, which was developed to remove dirt quickly, safely and effectively. The product is perfect for removing mold, moss, bird droppings and other contaminants.<\/p>\n<p lang=\"zxx\">Angelwax Excelsior is safe to use on canvas, textile, mohair and vinyl surfaces.<\/p>\n<p lang=\"zxx\">Detailer advice:<\/p>\n<ul>\n<li lang=\"zxx\">Wash your car thoroughly.<\/li>\n<li lang=\"zxx\">Apply Angelwax Excelsior to the area to be cleaned.<\/li>\n<li lang=\"zxx\">Clean with a brush with soft bristles.<\/li>\n<li lang=\"zxx\">After cleaning the entire roof, rinse any product residue with plenty of water and allow it to dry.<\/li>\n<\/ul>\n<p lang=\"zxx\">Capacity: 500 ml<\/p>","protected":false},"excerpt":{"rendered":"<p>Angelwax Excelsior \u2013 rewelacyjny produkt do czyszczenia mi\u0119kkich dach\u00f3w kabriolet\u00f3w, kt\u00f3ry zosta\u0142 opracowany w celu szybkiego, bezpiecznego i skutecznego usuwania zabrudze\u0144. Produkt doskonale radzi sobie z usuwaniem ple\u015bni, mchu, ptasich odchod\u00f3w i innych zanieczyszcze\u0144. Angelwax Excelsior jest bezpieczny w u\u017cyciu na powierzchniach brezentowych, tekstylnych, moherowych i winylowych. Rada detailera: Dok\u0142adnie umyj samoch\u00f3d. Nanie\u015b Angelwax Excelsior&hellip;&nbsp;<a href=\"https:\/\/liquidmaster.pl\/en\/angelwax-excelsior-500ml\/\" rel=\"bookmark\">Read More \u00bb<span class=\"screen-reader-text\">Angelwax Excelsior 500ml<\/span><\/a><\/p>","protected":false},"featured_media":1848549,"comment_status":"open","ping_status":"open","template":"","meta":{"neve_meta_sidebar":"","neve_meta_container":"","neve_meta_enable_content_width":"","neve_meta_content_width":0,"neve_meta_title_alignment":"","neve_meta_author_avatar":"","neve_post_elements_order":"","neve_meta_disable_header":"","neve_meta_disable_footer":"","neve_meta_disable_title":"","_themeisle_gutenberg_block_has_review":false},"product_brand":[],"product_cat":[849,848,733],"product_tag":[261],"class_list":{"0":"post-1907145","1":"product","2":"type-product","3":"status-publish","4":"has-post-thumbnail","6":"product_cat-czyszczenie-dachow-cabrio","7":"product_cat-dachy-cabrio","8":"product_cat-na-zewnatrz","9":"product_tag-angelwax","11":"first","12":"instock","13":"taxable","14":"shipping-taxable","15":"purchasable","16":"product-type-simple"},"_links":{"self":[{"href":"https:\/\/liquidmaster.pl\/en\/wp-json\/wp\/v2\/product\/1907145","targetHints":{"allow":["GET"]}}],"collection":[{"href":"https:\/\/liquidmaster.pl\/en\/wp-json\/wp\/v2\/product"}],"about":[{"href":"https:\/\/liquidmaster.pl\/en\/wp-json\/wp\/v2\/types\/product"}],"replies":[{"embeddable":true,"href":"https:\/\/liquidmaster.pl\/en\/wp-json\/wp\/v2\/comments?post=1907145"}],"wp:featuredmedia":[{"embeddable":true,"href":"https:\/\/liquidmaster.pl\/en\/wp-json\/wp\/v2\/media\/1848549"}],"wp:attachment":[{"href":"https:\/\/liquidmaster.pl\/en\/wp-json\/wp\/v2\/media?parent=1907145"}],"wp:term":[{"taxonomy":"product_brand","embeddable":true,"href":"https:\/\/liquidmaster.pl\/en\/wp-json\/wp\/v2\/product_brand?post=1907145"},{"taxonomy":"product_cat","embeddable":true,"href":"https:\/\/liquidmaster.pl\/en\/wp-json\/wp\/v2\/product_cat?post=1907145"},{"taxonomy":"product_tag","embeddable":true,"href":"https:\/\/liquidmaster.pl\/en\/wp-json\/wp\/v2\/product_tag?post=1907145"}],"curies":[{"name":"wp","href":"https:\/\/api.w.org\/{rel}","templated":true}]}}