{"id":1907141,"date":"2025-07-19T10:50:07","date_gmt":"2025-07-19T08:50:07","guid":{"rendered":"https:\/\/liquidmaster.pl\/sonax-xtreme-plyn-do-mycia-szyb-500ml\/"},"modified":"2026-04-19T03:30:03","modified_gmt":"2026-04-19T01:30:03","slug":"sonax-xtreme-plyn-do-mycia-szyb-500ml","status":"publish","type":"product","link":"https:\/\/liquidmaster.pl\/en\/sonax-xtreme-plyn-do-mycia-szyb-500ml\/","title":{"rendered":"Sonax Xtreme Window Cleaner 500ml"},"content":{"rendered":"<p>Szczeg\u00f3lnie silny \u015brodek do czyszczenia szyb z technologi\u0105 czystej wody zapewnia lepsze nawil\u017cenie powierzchni szyby. Dzi\u0119ki temu skutecznie i bez \u015blad\u00f3w usuwane s\u0105 osady oleju i sadzy oraz resztki zabrudze\u0144 po owadach po zewn\u0119trznej stronie szyby, a tak\u017ce warstw smaru, odciski palc\u00f3w i osad nikotynowy po wewn\u0119trznej stronie szyby. Idealnie nadaje si\u0119 r\u00f3wnie\u017c do czyszczenia okien i luster w domu.<\/p>","protected":false},"excerpt":{"rendered":"<p>Szczeg\u00f3lnie silny \u015brodek do czyszczenia szyb z technologi\u0105 czystej wody zapewnia lepsze nawil\u017cenie powierzchni szyby. Dzi\u0119ki temu skutecznie i bez \u015blad\u00f3w usuwane s\u0105 osady oleju i sadzy oraz resztki zabrudze\u0144 po owadach po zewn\u0119trznej stronie szyby, a tak\u017ce warstw smaru, odciski palc\u00f3w i osad nikotynowy po wewn\u0119trznej stronie szyby. Idealnie nadaje si\u0119 r\u00f3wnie\u017c do czyszczenia&hellip;&nbsp;<a href=\"https:\/\/liquidmaster.pl\/en\/sonax-xtreme-plyn-do-mycia-szyb-500ml\/\" rel=\"bookmark\">Read More \u00bb<span class=\"screen-reader-text\">Sonax Xtreme Window Cleaner 500ml<\/span><\/a><\/p>","protected":false},"featured_media":1848534,"comment_status":"open","ping_status":"open","template":"","meta":{"neve_meta_sidebar":"","neve_meta_container":"","neve_meta_enable_content_width":"","neve_meta_content_width":0,"neve_meta_title_alignment":"","neve_meta_author_avatar":"","neve_post_elements_order":"","neve_meta_disable_header":"","neve_meta_disable_footer":"","neve_meta_disable_title":"","_themeisle_gutenberg_block_has_review":false},"product_brand":[],"product_cat":[733,774,773],"product_tag":[363],"class_list":{"0":"post-1907141","1":"product","2":"type-product","3":"status-publish","4":"has-post-thumbnail","6":"product_cat-na-zewnatrz","7":"product_cat-plyny-do-szyb","8":"product_cat-szyby","9":"product_tag-sonax","11":"first","12":"instock","13":"taxable","14":"shipping-taxable","15":"purchasable","16":"product-type-simple"},"_links":{"self":[{"href":"https:\/\/liquidmaster.pl\/en\/wp-json\/wp\/v2\/product\/1907141","targetHints":{"allow":["GET"]}}],"collection":[{"href":"https:\/\/liquidmaster.pl\/en\/wp-json\/wp\/v2\/product"}],"about":[{"href":"https:\/\/liquidmaster.pl\/en\/wp-json\/wp\/v2\/types\/product"}],"replies":[{"embeddable":true,"href":"https:\/\/liquidmaster.pl\/en\/wp-json\/wp\/v2\/comments?post=1907141"}],"wp:featuredmedia":[{"embeddable":true,"href":"https:\/\/liquidmaster.pl\/en\/wp-json\/wp\/v2\/media\/1848534"}],"wp:attachment":[{"href":"https:\/\/liquidmaster.pl\/en\/wp-json\/wp\/v2\/media?parent=1907141"}],"wp:term":[{"taxonomy":"product_brand","embeddable":true,"href":"https:\/\/liquidmaster.pl\/en\/wp-json\/wp\/v2\/product_brand?post=1907141"},{"taxonomy":"product_cat","embeddable":true,"href":"https:\/\/liquidmaster.pl\/en\/wp-json\/wp\/v2\/product_cat?post=1907141"},{"taxonomy":"product_tag","embeddable":true,"href":"https:\/\/liquidmaster.pl\/en\/wp-json\/wp\/v2\/product_tag?post=1907141"}],"curies":[{"name":"wp","href":"https:\/\/api.w.org\/{rel}","templated":true}]}}