{"id":1907139,"date":"2025-07-19T10:48:53","date_gmt":"2025-07-19T08:48:53","guid":{"rendered":"https:\/\/liquidmaster.pl\/sonax-xtreme-szampon-2w1-1l\/"},"modified":"2026-04-18T04:42:26","modified_gmt":"2026-04-18T02:42:26","slug":"sonax-xtreme-szampon-2w1-1l","status":"publish","type":"product","link":"https:\/\/liquidmaster.pl\/en\/sonax-xtreme-szampon-2w1-1l\/","title":{"rendered":"Sonax Xtreme Shampoo 2in1 1L"},"content":{"rendered":"<p>Wysoce wydajny szampon do mycia samochodu ze specjalnym \u015brodkiem wspomagaj\u0105cym proces suszenia. Po wyschni\u0119ciu na umytej powierzchni nie pozostaj\u0105 \u015blady po zaciekach i to bez wycierania!<\/p>","protected":false},"excerpt":{"rendered":"<p>Wysoce wydajny szampon do mycia samochodu ze specjalnym \u015brodkiem wspomagaj\u0105cym proces suszenia. Po wyschni\u0119ciu na umytej powierzchni nie pozostaj\u0105 \u015blady po zaciekach i to bez wycierania!<\/p>","protected":false},"featured_media":1848531,"comment_status":"open","ping_status":"open","template":"","meta":{"neve_meta_sidebar":"","neve_meta_container":"","neve_meta_enable_content_width":"","neve_meta_content_width":0,"neve_meta_title_alignment":"","neve_meta_author_avatar":"","neve_post_elements_order":"","neve_meta_disable_header":"","neve_meta_disable_footer":"","neve_meta_disable_title":"","_themeisle_gutenberg_block_has_review":false},"product_brand":[],"product_cat":[734,733,740],"product_tag":[363],"class_list":{"0":"post-1907139","1":"product","2":"type-product","3":"status-publish","4":"has-post-thumbnail","6":"product_cat-mycie-i-osuszanie","7":"product_cat-na-zewnatrz","8":"product_cat-szampony-mycie-i-osuszanie","9":"product_tag-sonax","11":"first","12":"instock","13":"taxable","14":"shipping-taxable","15":"purchasable","16":"product-type-simple"},"_links":{"self":[{"href":"https:\/\/liquidmaster.pl\/en\/wp-json\/wp\/v2\/product\/1907139","targetHints":{"allow":["GET"]}}],"collection":[{"href":"https:\/\/liquidmaster.pl\/en\/wp-json\/wp\/v2\/product"}],"about":[{"href":"https:\/\/liquidmaster.pl\/en\/wp-json\/wp\/v2\/types\/product"}],"replies":[{"embeddable":true,"href":"https:\/\/liquidmaster.pl\/en\/wp-json\/wp\/v2\/comments?post=1907139"}],"wp:featuredmedia":[{"embeddable":true,"href":"https:\/\/liquidmaster.pl\/en\/wp-json\/wp\/v2\/media\/1848531"}],"wp:attachment":[{"href":"https:\/\/liquidmaster.pl\/en\/wp-json\/wp\/v2\/media?parent=1907139"}],"wp:term":[{"taxonomy":"product_brand","embeddable":true,"href":"https:\/\/liquidmaster.pl\/en\/wp-json\/wp\/v2\/product_brand?post=1907139"},{"taxonomy":"product_cat","embeddable":true,"href":"https:\/\/liquidmaster.pl\/en\/wp-json\/wp\/v2\/product_cat?post=1907139"},{"taxonomy":"product_tag","embeddable":true,"href":"https:\/\/liquidmaster.pl\/en\/wp-json\/wp\/v2\/product_tag?post=1907139"}],"curies":[{"name":"wp","href":"https:\/\/api.w.org\/{rel}","templated":true}]}}