{"id":1907135,"date":"2025-07-19T10:46:54","date_gmt":"2025-07-19T08:46:54","guid":{"rendered":"https:\/\/liquidmaster.pl\/sonax-multiclean-alka-5l\/"},"modified":"2026-04-19T03:30:01","modified_gmt":"2026-04-19T01:30:01","slug":"sonax-multiclean-alka-5l","status":"publish","type":"product","link":"https:\/\/liquidmaster.pl\/en\/sonax-multiclean-alka-5l\/","title":{"rendered":"SONAX Multiclean Alka 5L"},"content":{"rendered":"<p>Silny alkaliczny \u015brodek do wst\u0119pnego mycia samochod\u00f3w osobowych i pojazd\u00f3w ci\u0119\u017carowych. Rozpuszcza i usuwa nawet najbardziej uporczywe, zaschni\u0119te zabrudzenia drogowe, py\u0142 z klock\u00f3w hamulcowych czy owady.<\/p>\n<p>Usage:<\/p>\n<p>W zale\u017cno\u015bci od stopnia zabrudzenia, rozcie\u0144czy\u0107 z wod\u0105 w proporcjach pomi\u0119dzy 1:10 do 1:50. Stosowa\u0107 opryskiwacz do produkt\u00f3w alkalicznych. Po spryskaniu sp\u0142uka\u0107 du\u017c\u0105 ilo\u015bci\u0105 wody. Nie stosowa\u0107 na nagrzanych powierzchniach.<\/p>","protected":false},"excerpt":{"rendered":"<p>Silny alkaliczny \u015brodek do wst\u0119pnego mycia samochod\u00f3w osobowych i pojazd\u00f3w ci\u0119\u017carowych. Rozpuszcza i usuwa nawet najbardziej uporczywe, zaschni\u0119te zabrudzenia drogowe, py\u0142 z klock\u00f3w hamulcowych czy owady. Spos\u00f3b u\u017cycia: W zale\u017cno\u015bci od stopnia zabrudzenia, rozcie\u0144czy\u0107 z wod\u0105 w proporcjach pomi\u0119dzy 1:10 do 1:50. Stosowa\u0107 opryskiwacz do produkt\u00f3w alkalicznych. Po spryskaniu sp\u0142uka\u0107 du\u017c\u0105 ilo\u015bci\u0105 wody. Nie stosowa\u0107&hellip;&nbsp;<a href=\"https:\/\/liquidmaster.pl\/en\/sonax-multiclean-alka-5l\/\" rel=\"bookmark\">Read More \u00bb<span class=\"screen-reader-text\">SONAX Multiclean Alka 5L<\/span><\/a><\/p>","protected":false},"featured_media":1848525,"comment_status":"open","ping_status":"open","template":"","meta":{"neve_meta_sidebar":"","neve_meta_container":"","neve_meta_enable_content_width":"","neve_meta_content_width":0,"neve_meta_title_alignment":"","neve_meta_author_avatar":"","neve_post_elements_order":"","neve_meta_disable_header":"","neve_meta_disable_footer":"","neve_meta_disable_title":"","_themeisle_gutenberg_block_has_review":false},"product_brand":[],"product_cat":[734,733,753],"product_tag":[363],"class_list":{"0":"post-1907135","1":"product","2":"type-product","3":"status-publish","4":"has-post-thumbnail","6":"product_cat-mycie-i-osuszanie","7":"product_cat-na-zewnatrz","8":"product_cat-piany-aktywne-i-pianownice","9":"product_tag-sonax","11":"first","12":"instock","13":"taxable","14":"shipping-taxable","15":"purchasable","16":"product-type-simple"},"_links":{"self":[{"href":"https:\/\/liquidmaster.pl\/en\/wp-json\/wp\/v2\/product\/1907135","targetHints":{"allow":["GET"]}}],"collection":[{"href":"https:\/\/liquidmaster.pl\/en\/wp-json\/wp\/v2\/product"}],"about":[{"href":"https:\/\/liquidmaster.pl\/en\/wp-json\/wp\/v2\/types\/product"}],"replies":[{"embeddable":true,"href":"https:\/\/liquidmaster.pl\/en\/wp-json\/wp\/v2\/comments?post=1907135"}],"wp:featuredmedia":[{"embeddable":true,"href":"https:\/\/liquidmaster.pl\/en\/wp-json\/wp\/v2\/media\/1848525"}],"wp:attachment":[{"href":"https:\/\/liquidmaster.pl\/en\/wp-json\/wp\/v2\/media?parent=1907135"}],"wp:term":[{"taxonomy":"product_brand","embeddable":true,"href":"https:\/\/liquidmaster.pl\/en\/wp-json\/wp\/v2\/product_brand?post=1907135"},{"taxonomy":"product_cat","embeddable":true,"href":"https:\/\/liquidmaster.pl\/en\/wp-json\/wp\/v2\/product_cat?post=1907135"},{"taxonomy":"product_tag","embeddable":true,"href":"https:\/\/liquidmaster.pl\/en\/wp-json\/wp\/v2\/product_tag?post=1907135"}],"curies":[{"name":"wp","href":"https:\/\/api.w.org\/{rel}","templated":true}]}}