{"id":1907133,"date":"2025-07-19T10:46:06","date_gmt":"2025-07-19T08:46:06","guid":{"rendered":"https:\/\/liquidmaster.pl\/sonax-xtreme-letni-plyn-do-spryskiwaczy-250ml\/"},"modified":"2026-04-18T04:42:24","modified_gmt":"2026-04-18T02:42:24","slug":"sonax-xtreme-letni-plyn-do-spryskiwaczy-250ml","status":"publish","type":"product","link":"https:\/\/liquidmaster.pl\/en\/sonax-xtreme-letni-plyn-do-spryskiwaczy-250ml\/","title":{"rendered":"Sonax Xtreme Summer Windshield Washer Fluid 250ml"},"content":{"rendered":"<p>Wysoce skuteczny koncentrat p\u0142ynu do spryskiwaczy szyb i reflektor\u00f3w samochodowych o \u015bwie\u017cym zapachu opracowany na bazie nanotechnologii.<\/p>\n<p>Niezwykle szybko usuwa z szyby warstwy brudu i t\u0142uszczu ograniczaj\u0105ce widoczno\u015b\u0107. Dzi\u0119ki nowej formule jeszcze skuteczniej usuwa owady. Wyg\u0142adza mikroskopijne nier\u00f3wno\u015bci na powierzchni szyby, u\u0142atwiaj\u0105c sp\u0142ywanie wody podczas jazdy.<\/p>\n<p>Wyj\u0105tkowa wydajno\u015b\u0107: z 25 ml uzyskuje si\u0119 2,5 l gotowego do u\u017cycia p\u0142ynu do spryskiwaczy. Bezpieczna widoczno\u015b\u0107 w sekund\u0119.<\/p>\n<p>Przyjemny \u015bwie\u017cy zapach.<\/p>\n<p>Jak u\u017cywa\u0107 koncentratu letniego koncentratu do szyb Sonax Xtreme?<\/p>\n<li>\n<p>Trzymaj butelk\u0119 pionowo. Odkr\u0119\u0107 nakr\u0119tk\u0119 delikatnie, ale nie do ko\u0144ca.<\/p>\n<\/li>\n<li>\n<p>\u015aci\u015bnij d\u00f3\u0142 butelki, aby nape\u0142ni\u0107 komor\u0119 dozuj\u0105c\u0105.<\/p>\n<\/li>\n<li>\n<p>Odkr\u0119\u0107 nakr\u0119tk\u0119 ca\u0142kowicie i wlej koncentrat do zbiornika na p\u0142yn do spryskiwaczy.<\/p>\n<\/li>\n<li>\n<p>Dolej wod\u0119.<\/p>\n<\/li>\n<p>Do jakiej temperatury dzia\u0142a letni p\u0142yn do spryskiwaczy?<\/p>\n<p>Letnie p\u0142yny do spryskiwaczy maj\u0105 w sk\u0142adzie mniejsze st\u0119\u017cenie sk\u0142adnik\u00f3w, kt\u00f3re zapobiegaj\u0105 zamarzaniu. Zim\u0105 podczas u\u017cycia letni p\u0142yn zamarza na szybie, przez co ogranicza widoczno\u015b\u0107. Dlatego w rozpoczynaj\u0105cym si\u0119 okresie zimowym rekomenduje si\u0119 zmian\u0119 p\u0142ynu na zimowy np. Sonax Xtreme Zimowy p\u0142yn do spryskiwaczy.<\/p>","protected":false},"excerpt":{"rendered":"<p>Wysoce skuteczny koncentrat p\u0142ynu do spryskiwaczy szyb i reflektor\u00f3w samochodowych o \u015bwie\u017cym zapachu opracowany na bazie nanotechnologii. Niezwykle szybko usuwa z szyby warstwy brudu i t\u0142uszczu ograniczaj\u0105ce widoczno\u015b\u0107. Dzi\u0119ki nowej formule jeszcze skuteczniej usuwa owady. Wyg\u0142adza mikroskopijne nier\u00f3wno\u015bci na powierzchni szyby, u\u0142atwiaj\u0105c sp\u0142ywanie wody podczas jazdy. Wyj\u0105tkowa wydajno\u015b\u0107: z 25 ml uzyskuje si\u0119 2,5 l&hellip;&nbsp;<a href=\"https:\/\/liquidmaster.pl\/en\/sonax-xtreme-letni-plyn-do-spryskiwaczy-250ml\/\" rel=\"bookmark\">Read More \u00bb<span class=\"screen-reader-text\">Sonax Xtreme Summer Windshield Washer Fluid 250ml<\/span><\/a><\/p>","protected":false},"featured_media":1848522,"comment_status":"open","ping_status":"open","template":"","meta":{"neve_meta_sidebar":"","neve_meta_container":"","neve_meta_enable_content_width":"","neve_meta_content_width":0,"neve_meta_title_alignment":"","neve_meta_author_avatar":"","neve_post_elements_order":"","neve_meta_disable_header":"","neve_meta_disable_footer":"","neve_meta_disable_title":"","_themeisle_gutenberg_block_has_review":false},"product_brand":[],"product_cat":[733,899,773],"product_tag":[363],"class_list":{"0":"post-1907133","1":"product","2":"type-product","3":"status-publish","4":"has-post-thumbnail","6":"product_cat-na-zewnatrz","7":"product_cat-plyny-do-spryskiwaczy","8":"product_cat-szyby","9":"product_tag-sonax","11":"first","12":"instock","13":"taxable","14":"shipping-taxable","15":"purchasable","16":"product-type-simple"},"_links":{"self":[{"href":"https:\/\/liquidmaster.pl\/en\/wp-json\/wp\/v2\/product\/1907133","targetHints":{"allow":["GET"]}}],"collection":[{"href":"https:\/\/liquidmaster.pl\/en\/wp-json\/wp\/v2\/product"}],"about":[{"href":"https:\/\/liquidmaster.pl\/en\/wp-json\/wp\/v2\/types\/product"}],"replies":[{"embeddable":true,"href":"https:\/\/liquidmaster.pl\/en\/wp-json\/wp\/v2\/comments?post=1907133"}],"wp:featuredmedia":[{"embeddable":true,"href":"https:\/\/liquidmaster.pl\/en\/wp-json\/wp\/v2\/media\/1848522"}],"wp:attachment":[{"href":"https:\/\/liquidmaster.pl\/en\/wp-json\/wp\/v2\/media?parent=1907133"}],"wp:term":[{"taxonomy":"product_brand","embeddable":true,"href":"https:\/\/liquidmaster.pl\/en\/wp-json\/wp\/v2\/product_brand?post=1907133"},{"taxonomy":"product_cat","embeddable":true,"href":"https:\/\/liquidmaster.pl\/en\/wp-json\/wp\/v2\/product_cat?post=1907133"},{"taxonomy":"product_tag","embeddable":true,"href":"https:\/\/liquidmaster.pl\/en\/wp-json\/wp\/v2\/product_tag?post=1907133"}],"curies":[{"name":"wp","href":"https:\/\/api.w.org\/{rel}","templated":true}]}}