{"id":1907131,"date":"2025-07-19T10:44:54","date_gmt":"2025-07-19T08:44:54","guid":{"rendered":"https:\/\/liquidmaster.pl\/sonax-hypercoat-1l\/"},"modified":"2026-04-19T03:30:00","modified_gmt":"2026-04-19T01:30:00","slug":"sonax-hypercoat-1l","status":"publish","type":"product","link":"https:\/\/liquidmaster.pl\/en\/sonax-hypercoat-1l\/","title":{"rendered":"Sonax Hypercoat 1L"},"content":{"rendered":"<p>For all types of exterior surfaces. Suitable for matte paintwork and decorative elements. Extremely efficient, use at a dilution of 1:100\u20131:200. Provides a highly hydrophobic effect that lasts for a long time. It rebuilds existing coatings, providing exceptional shine, and impressive water-repellent and dirt-repellent properties.<\/p>\n<p>Usage:<\/p>\n<p>Wash and thoroughly rinse the car. Dilute with water at a ratio of 1:100 to 1:200 and pour into a spray bottle. Spray the car, then rinse thoroughly with water. Remove any remaining water droplets with a drying towel.<\/p>\n<p>Always dilute the product immediately before application.<\/p>","protected":false},"excerpt":{"rendered":"<p>Do wszystkich rodzaj\u00f3w powierzchni zewn\u0119trznych. Odpowiedni do lakier\u00f3w matowych oraz element\u00f3w ozdobnych. Niezwykle wydajny, stosowa\u0107 w rozcie\u0144czeniu pomi\u0119dzy 1:100 &#8211; 1:200. Zapewnia silnie hydrofobowy efekt, kt\u00f3ry utrzymuje si\u0119 przez d\u0142ugi okres czasu. Odbudowuje istniej\u0105ce pow\u0142oki, zapewnia wyj\u0105tkowy po\u0142ysk oraz imponuj\u0105cy efekt rozszczepiania wody i nie przywierania brudu. Spos\u00f3b u\u017cycia: Umy\u0107 i dok\u0142adnie sp\u0142uka\u0107 samoch\u00f3d. Rozcie\u0144czy\u0107&hellip;&nbsp;<a href=\"https:\/\/liquidmaster.pl\/en\/sonax-hypercoat-1l\/\" rel=\"bookmark\">Read More \u00bb<span class=\"screen-reader-text\">Sonax Hypercoat 1L<\/span><\/a><\/p>","protected":false},"featured_media":1848520,"comment_status":"open","ping_status":"open","template":"","meta":{"neve_meta_sidebar":"","neve_meta_container":"","neve_meta_enable_content_width":"","neve_meta_content_width":0,"neve_meta_title_alignment":"","neve_meta_author_avatar":"","neve_post_elements_order":"","neve_meta_disable_header":"","neve_meta_disable_footer":"","neve_meta_disable_title":"","_themeisle_gutenberg_block_has_review":false},"product_brand":[],"product_cat":[805,733,766],"product_tag":[363],"class_list":{"0":"post-1907131","1":"product","2":"type-product","3":"status-publish","4":"has-post-thumbnail","6":"product_cat-hydrowoski","7":"product_cat-na-zewnatrz","8":"product_cat-ochrona-lakieru","9":"product_tag-sonax","11":"first","12":"instock","13":"taxable","14":"shipping-taxable","15":"purchasable","16":"product-type-simple"},"_links":{"self":[{"href":"https:\/\/liquidmaster.pl\/en\/wp-json\/wp\/v2\/product\/1907131","targetHints":{"allow":["GET"]}}],"collection":[{"href":"https:\/\/liquidmaster.pl\/en\/wp-json\/wp\/v2\/product"}],"about":[{"href":"https:\/\/liquidmaster.pl\/en\/wp-json\/wp\/v2\/types\/product"}],"replies":[{"embeddable":true,"href":"https:\/\/liquidmaster.pl\/en\/wp-json\/wp\/v2\/comments?post=1907131"}],"wp:featuredmedia":[{"embeddable":true,"href":"https:\/\/liquidmaster.pl\/en\/wp-json\/wp\/v2\/media\/1848520"}],"wp:attachment":[{"href":"https:\/\/liquidmaster.pl\/en\/wp-json\/wp\/v2\/media?parent=1907131"}],"wp:term":[{"taxonomy":"product_brand","embeddable":true,"href":"https:\/\/liquidmaster.pl\/en\/wp-json\/wp\/v2\/product_brand?post=1907131"},{"taxonomy":"product_cat","embeddable":true,"href":"https:\/\/liquidmaster.pl\/en\/wp-json\/wp\/v2\/product_cat?post=1907131"},{"taxonomy":"product_tag","embeddable":true,"href":"https:\/\/liquidmaster.pl\/en\/wp-json\/wp\/v2\/product_tag?post=1907131"}],"curies":[{"name":"wp","href":"https:\/\/api.w.org\/{rel}","templated":true}]}}