{"id":1906050,"date":"2025-07-14T10:06:06","date_gmt":"2025-07-14T08:06:06","guid":{"rendered":"https:\/\/liquidmaster.pl\/proxxon-pr29822-polerka-akumulatorowa-wp-a\/"},"modified":"2026-04-20T07:55:25","modified_gmt":"2026-04-20T05:55:25","slug":"proxxon-pr29822-polerka-akumulatorowa-wp-a","status":"publish","type":"product","link":"https:\/\/liquidmaster.pl\/en\/proxxon-pr29822-polerka-akumulatorowa-wpa\/","title":{"rendered":"Proxxon PR29822 Cordless Polisher WP\/A"},"content":{"rendered":"<p>Why is it worth choosing PROXXON products?<\/p>\n<ul>\n<li>Proxxon, based in Germany, is a leading manufacturer of premium wrenches and professional micro power tools. This experienced company&#039;s offerings include high-quality lathes, jigsaws, drilling and milling machines, and micro milling machines.<\/li>\n<li>Proxxon&#039;s technologically advanced tools are used in mechanics, electronics, prosthetics, and jewelry. They are valued by professionals, modelers, and home DIY enthusiasts alike.<\/li>\n<\/ul>\n<p>Product description:<\/p>\n<ul>\n<li>A mobile version of the proven corded tool, giving you more flexibility when polishing or cleaning, removing rust and sanding after painting.<\/li>\n<li>Maintains constant speed under high pressure even when revs are low.<\/li>\n<li>To obtain a perfect surface even where it is narrow: for polishing, cleaning, rust removal, painting finishing.<\/li>\n<li>Special, balanced engine \u2013 powerful, quiet and durable.<\/li>\n<li>Quiet planetary gear in a die-cast aluminum head.<\/li>\n<li>Maintaining a constant rotational speed even under high pressure.<\/li>\n<li>Housing made of glass fiber reinforced POLYAMIDE with soft inserts.<\/li>\n<\/ul>\n<p>Technical data:<\/p>\n<ul>\n<li>Rotation speed: 1100-2600 rpm.<\/li>\n<li>Length: 305 mm<\/li>\n<li>Packaging: Cardboard<\/li>\n<li>Manufacturer: PROXXON<\/li>\n<li>Manufacturer&#039;s article number: 29822<\/li>\n<li>Package weight: 1.058 kg<\/li>\n<\/ul>\n<p>Included:<\/p>\n<ul>\n<li>Device<\/li>\n<li>User manual<\/li>\n<li>Warranty Card<\/li>\n<li>The set does not include a battery or charger<\/li>\n<\/ul>\n<p>\u00a0<\/p>","protected":false},"excerpt":{"rendered":"<p>Dlaczego warto wybra\u0107 produkty marki PROXXON? Wywodz\u0105cy si\u0119 z Niemiec Proxxon to czo\u0142owy producent doskona\u0142ych kluczy i profesjonalnych mikro elektronarz\u0119dzi. W ofercie do\u015bwiadczonej firmy znajduj\u0105 si\u0119 m.in. wysokiej jako\u015bci tokarki, wyrzynarki, wiertarko-frezarki czy micro frezarki. Zaawansowane technologicznie narz\u0119dzia Proxxon znajduj\u0105 zastosowanie w mechanice, elektronice, protetyce czy jubilerstwie. Ceni\u0105 je tak profesjonali\u015bci, jak i modelarze czy&hellip;&nbsp;<a href=\"https:\/\/liquidmaster.pl\/en\/proxxon-pr29822-polerka-akumulatorowa-wpa\/\" rel=\"bookmark\">Read More \u00bb<span class=\"screen-reader-text\">Proxxon PR29822 Cordless Polisher WP\/A<\/span><\/a><\/p>","protected":false},"featured_media":1906052,"comment_status":"open","ping_status":"open","template":"","meta":{"neve_meta_sidebar":"","neve_meta_container":"","neve_meta_enable_content_width":"","neve_meta_content_width":0,"neve_meta_title_alignment":"","neve_meta_author_avatar":"","neve_post_elements_order":"","neve_meta_disable_header":"","neve_meta_disable_footer":"","neve_meta_disable_title":"","_themeisle_gutenberg_block_has_review":false},"product_brand":[],"product_cat":[806,883,748],"product_tag":[],"class_list":{"0":"post-1906050","1":"product","2":"type-product","3":"status-publish","4":"has-post-thumbnail","6":"product_cat-maszyny-polerskie","7":"product_cat-mini-polerki","8":"product_cat-polerowanie","10":"first","11":"outofstock","12":"taxable","13":"shipping-taxable","14":"purchasable","15":"product-type-simple"},"_links":{"self":[{"href":"https:\/\/liquidmaster.pl\/en\/wp-json\/wp\/v2\/product\/1906050","targetHints":{"allow":["GET"]}}],"collection":[{"href":"https:\/\/liquidmaster.pl\/en\/wp-json\/wp\/v2\/product"}],"about":[{"href":"https:\/\/liquidmaster.pl\/en\/wp-json\/wp\/v2\/types\/product"}],"replies":[{"embeddable":true,"href":"https:\/\/liquidmaster.pl\/en\/wp-json\/wp\/v2\/comments?post=1906050"}],"wp:featuredmedia":[{"embeddable":true,"href":"https:\/\/liquidmaster.pl\/en\/wp-json\/wp\/v2\/media\/1906052"}],"wp:attachment":[{"href":"https:\/\/liquidmaster.pl\/en\/wp-json\/wp\/v2\/media?parent=1906050"}],"wp:term":[{"taxonomy":"product_brand","embeddable":true,"href":"https:\/\/liquidmaster.pl\/en\/wp-json\/wp\/v2\/product_brand?post=1906050"},{"taxonomy":"product_cat","embeddable":true,"href":"https:\/\/liquidmaster.pl\/en\/wp-json\/wp\/v2\/product_cat?post=1906050"},{"taxonomy":"product_tag","embeddable":true,"href":"https:\/\/liquidmaster.pl\/en\/wp-json\/wp\/v2\/product_tag?post=1906050"}],"curies":[{"name":"wp","href":"https:\/\/api.w.org\/{rel}","templated":true}]}}