{"id":1905649,"date":"2025-07-13T13:58:06","date_gmt":"2025-07-13T11:58:06","guid":{"rendered":"https:\/\/liquidmaster.pl\/gyeon-q2m-iron-wheelcleaner-redefined-4l-srodek-do-czyszczenia-kol-deironizer\/"},"modified":"2026-04-18T04:49:23","modified_gmt":"2026-04-18T02:49:23","slug":"gyeon-q2m-iron-wheelcleaner-redefined-4l-srodek-do-czyszczenia-kol-deironizer","status":"publish","type":"product","link":"https:\/\/liquidmaster.pl\/en\/gyeon-q2m-iron-wheelcleaner-redefined-4l-srodek-do-czyszczenia-kol-deironizer\/","title":{"rendered":"GYEON Q2M Iron WheelCleaner Redefined 4L \u2013 wheel cleaner, deironizer"},"content":{"rendered":"<p>POWERFUL AND EFFECTIVE DEDICATED TO CLEANING WHEELS<br \/>\nA dedicated, highly effective cleaning agent for all types of wheels regardless of their finish. The powerful formula has been redefined to more effectively remove dirt, sludge and brake dust.<\/p>\n<p>POJEMNO\u015a\u0106: 4 L<br \/>\nCONSUMPTION: 100ml\/car<br \/>\npH LEVEL: NEUTRAL<\/p>\n<p>SAFE AND EFFECTIVE<br \/>\nQ\u00b2M Iron WheelCleaner Redefined has a gel consistency, adheres perfectly to the surface and both loosens and dissolves dirt particles. The &quot;IRON&quot; in its name means high ability to remove metallic deposits without losing the cleaning properties typical of a wheel product. It is a very strong cleaning agent, but at the same time safe for all types of rims and their finishes, painted or raw. Its formula makes it the perfect solution for cleaning and maintaining wheels without the risk of damage.<\/p>\n<p>REDEFINED<br \/>\nIntroducing the REDFINED line. At GYEON, we have taken our outstanding chemical formulas to a whole new level. We have modified them to perfection to achieve unrivaled performance, exceptional durability and excellent ease of use. We are committed to providing our customers with the best possible user experience.<\/p>\n<p>TIPS AND TRICKS FROM YVES HEYLEN<br \/>\nAlways apply Q\u00b2M Iron WheelCleaner Redefined on a cool wheel and avoid direct sunlight. Spray generously on the wheel and brake caliper - leave for 1 to 2 minutes and rinse thoroughly. TIP: You will achieve the highest cleaning power of the product by using Q\u00b2M Iron WheelCleaner Redefined with your favorite rim brush or glove.<\/p>\n<p>\u00a0<\/p>","protected":false},"excerpt":{"rendered":"<p>MOCNY I SKUTECZNY DEDYKOWANY CZYSZCZENIU K\u00d3\u0141 Dedykowany, wysoce skuteczny \u015brodek czyszcz\u0105cy do wszystkich rodzaj\u00f3w k\u00f3\u0142 niezale\u017cnie od ich wyko\u0144cze\u0144. Mocna formu\u0142a zosta\u0142a zdefiniowana na nowo, aby skuteczniej usuwa\u0107 brud, osad i py\u0142 hamulcowy. POJEMNO\u015a\u0106: 4 L ZU\u017bYCIE: 100ml\/samoch\u00f3d POZIOM pH: NEUTRALNY BEZPIECZNY I EFEKTYWNY Q\u00b2M Iron WheelCleaner Redefined ma konsystencj\u0119 \u017celu, doskonale przylega do powierzchni&hellip;&nbsp;<a href=\"https:\/\/liquidmaster.pl\/en\/gyeon-q2m-iron-wheelcleaner-redefined-4l-srodek-do-czyszczenia-kol-deironizer\/\" rel=\"bookmark\">Read More \u00bb<span class=\"screen-reader-text\">GYEON Q2M Iron WheelCleaner Redefined 4L \u2013 wheel cleaner, deironizer<\/span><\/a><\/p>","protected":false},"featured_media":1905651,"comment_status":"open","ping_status":"open","template":"","meta":{"neve_meta_sidebar":"","neve_meta_container":"","neve_meta_enable_content_width":"","neve_meta_content_width":0,"neve_meta_title_alignment":"","neve_meta_author_avatar":"","neve_post_elements_order":"","neve_meta_disable_header":"","neve_meta_disable_footer":"","neve_meta_disable_title":"","_themeisle_gutenberg_block_has_review":false},"product_brand":[],"product_cat":[746,745,733],"product_tag":[302],"class_list":{"0":"post-1905649","1":"product","2":"type-product","3":"status-publish","4":"has-post-thumbnail","6":"product_cat-czyszczenie-felg","7":"product_cat-kola-i-opony","8":"product_cat-na-zewnatrz","9":"product_tag-gyeon","11":"first","12":"instock","13":"taxable","14":"shipping-taxable","15":"purchasable","16":"product-type-simple"},"_links":{"self":[{"href":"https:\/\/liquidmaster.pl\/en\/wp-json\/wp\/v2\/product\/1905649","targetHints":{"allow":["GET"]}}],"collection":[{"href":"https:\/\/liquidmaster.pl\/en\/wp-json\/wp\/v2\/product"}],"about":[{"href":"https:\/\/liquidmaster.pl\/en\/wp-json\/wp\/v2\/types\/product"}],"replies":[{"embeddable":true,"href":"https:\/\/liquidmaster.pl\/en\/wp-json\/wp\/v2\/comments?post=1905649"}],"wp:featuredmedia":[{"embeddable":true,"href":"https:\/\/liquidmaster.pl\/en\/wp-json\/wp\/v2\/media\/1905651"}],"wp:attachment":[{"href":"https:\/\/liquidmaster.pl\/en\/wp-json\/wp\/v2\/media?parent=1905649"}],"wp:term":[{"taxonomy":"product_brand","embeddable":true,"href":"https:\/\/liquidmaster.pl\/en\/wp-json\/wp\/v2\/product_brand?post=1905649"},{"taxonomy":"product_cat","embeddable":true,"href":"https:\/\/liquidmaster.pl\/en\/wp-json\/wp\/v2\/product_cat?post=1905649"},{"taxonomy":"product_tag","embeddable":true,"href":"https:\/\/liquidmaster.pl\/en\/wp-json\/wp\/v2\/product_tag?post=1905649"}],"curies":[{"name":"wp","href":"https:\/\/api.w.org\/{rel}","templated":true}]}}