{"id":1905637,"date":"2025-07-13T13:54:06","date_gmt":"2025-07-13T11:54:06","guid":{"rendered":"https:\/\/liquidmaster.pl\/ez-detail-brush-szczotka-do-czyszczenia-felg\/"},"modified":"2026-04-20T08:30:26","modified_gmt":"2026-04-20T06:30:26","slug":"ez-detail-brush-szczotka-do-czyszczenia-felg","status":"publish","type":"product","link":"https:\/\/liquidmaster.pl\/en\/ez-detail-brush-szczotka-do-czyszczenia-felg\/","title":{"rendered":"EZ Detail Brush &#8211; szczotka do czyszczenia felg"},"content":{"rendered":"<p>Pierwotnie zaprojektowania do czyszczenia trudno dost\u0119pnych element\u00f3w motocykli, szczotka EZ Detail jest ulubionym przez detailer\u00f3w narz\u0119dziem do czyszczenia k\u00f3\u0142. W\u0142osie z nylonu\/nylexu jest bezpieczne dla czyszczonej powierzchni, a zarazem odporne nawet na mocn\u0105 chemi\u0119.\u00a0 Trwa\u0142a i por\u0119czna. Dociera tam gdzie nie dotrze \u017cadna inna szczotka.\u00a0<\/p>\n<p>Szczotka EZ Detail Brush posiada specjalne w\u0142osie, kt\u00f3re odzyskuje sw\u00f3j pierwotny kszta\u0142t po ka\u017cdym u\u017cyciu. Wystarczy przep\u0142uka\u0107 szczotk\u0119 w ciep\u0142ej wodzie, powiesi\u0107 j\u0105 swobodnie i pozwoli\u0107 ca\u0142kowicie wyschn\u0105\u0107. W\u0142osie powr\u00f3ci do swojego oryginalnego kszta\u0142tu.<\/p>\n<p>D\u0142ugo\u015b\u0107: 45cm<\/p>","protected":false},"excerpt":{"rendered":"<p>Pierwotnie zaprojektowania do czyszczenia trudno dost\u0119pnych element\u00f3w motocykli, szczotka EZ Detail jest ulubionym przez detailer\u00f3w narz\u0119dziem do czyszczenia k\u00f3\u0142. W\u0142osie z nylonu\/nylexu jest bezpieczne dla czyszczonej powierzchni, a zarazem odporne nawet na mocn\u0105 chemi\u0119.\u00a0 Trwa\u0142a i por\u0119czna. Dociera tam gdzie nie dotrze \u017cadna inna szczotka.\u00a0 Szczotka EZ Detail Brush posiada specjalne w\u0142osie, kt\u00f3re odzyskuje sw\u00f3j&hellip;&nbsp;<a href=\"https:\/\/liquidmaster.pl\/en\/ez-detail-brush-szczotka-do-czyszczenia-felg\/\" rel=\"bookmark\">Read More \u00bb<span class=\"screen-reader-text\">EZ Detail Brush &#8211; szczotka do czyszczenia felg<\/span><\/a><\/p>","protected":false},"featured_media":1905639,"comment_status":"open","ping_status":"open","template":"","meta":{"neve_meta_sidebar":"","neve_meta_container":"","neve_meta_enable_content_width":"","neve_meta_content_width":0,"neve_meta_title_alignment":"","neve_meta_author_avatar":"","neve_post_elements_order":"","neve_meta_disable_header":"","neve_meta_disable_footer":"","neve_meta_disable_title":"","_themeisle_gutenberg_block_has_review":false},"product_brand":[],"product_cat":[745,733,779],"product_tag":[],"class_list":{"0":"post-1905637","1":"product","2":"type-product","3":"status-publish","4":"has-post-thumbnail","6":"product_cat-kola-i-opony","7":"product_cat-na-zewnatrz","8":"product_cat-szczotki-pedzelki-i-aplikatory-do-kol","10":"first","11":"instock","12":"taxable","13":"shipping-taxable","14":"purchasable","15":"product-type-simple"},"_links":{"self":[{"href":"https:\/\/liquidmaster.pl\/en\/wp-json\/wp\/v2\/product\/1905637","targetHints":{"allow":["GET"]}}],"collection":[{"href":"https:\/\/liquidmaster.pl\/en\/wp-json\/wp\/v2\/product"}],"about":[{"href":"https:\/\/liquidmaster.pl\/en\/wp-json\/wp\/v2\/types\/product"}],"replies":[{"embeddable":true,"href":"https:\/\/liquidmaster.pl\/en\/wp-json\/wp\/v2\/comments?post=1905637"}],"wp:featuredmedia":[{"embeddable":true,"href":"https:\/\/liquidmaster.pl\/en\/wp-json\/wp\/v2\/media\/1905639"}],"wp:attachment":[{"href":"https:\/\/liquidmaster.pl\/en\/wp-json\/wp\/v2\/media?parent=1905637"}],"wp:term":[{"taxonomy":"product_brand","embeddable":true,"href":"https:\/\/liquidmaster.pl\/en\/wp-json\/wp\/v2\/product_brand?post=1905637"},{"taxonomy":"product_cat","embeddable":true,"href":"https:\/\/liquidmaster.pl\/en\/wp-json\/wp\/v2\/product_cat?post=1905637"},{"taxonomy":"product_tag","embeddable":true,"href":"https:\/\/liquidmaster.pl\/en\/wp-json\/wp\/v2\/product_tag?post=1905637"}],"curies":[{"name":"wp","href":"https:\/\/api.w.org\/{rel}","templated":true}]}}