{"id":1905628,"date":"2025-07-13T13:50:55","date_gmt":"2025-07-13T11:50:55","guid":{"rendered":"https:\/\/liquidmaster.pl\/benbow-000792-pokrywa-do-wiadra-czarna\/"},"modified":"2026-04-20T08:30:22","modified_gmt":"2026-04-20T06:30:22","slug":"benbow-000792-pokrywa-do-wiadra-czarna","status":"publish","type":"product","link":"https:\/\/liquidmaster.pl\/en\/benbow-000792-pokrywa-do-wiadra-czarna\/","title":{"rendered":"BenBow 000792 \u2013 black bucket lid"},"content":{"rendered":"<p>Pokrywa zakr\u0119cana do wiadra \u2013 Czarna<\/p>\n<p>Czarna pokrywa zakr\u0119cana BenBow zosta\u0142a stworzona z my\u015bl\u0105 o profesjonalnym i domowym detailingu. Wykonana z wysokiej jako\u015bci tworzywa sztucznego, gwarantuje szczelne zamkni\u0119cie wiadra, d\u0142u\u017csze utrzymanie temperatury wody i ochron\u0119 przed zanieczyszczeniami. Przemy\u015blana konstrukcja z odp\u0142ywem i uchwytem sprawia, \u017ce codzienne mycie pojazdu staje si\u0119 wygodniejsze i bardziej stylowe.<\/p>\n<p>G\u0142\u00f3wne cechy<\/p>\n<ul>\n<li>Wysoka jako\u015b\u0107 \u2013 trwa\u0142y plastik odporny na uszkodzenia i u\u017cytkowanie w terenie<\/li>\n<li>Idealne dopasowanie \u2013 szczelne zamkni\u0119cie chroni\u0105ce przed kurzem i wyciekami<\/li>\n<li>Praktyczny design \u2013 zintegrowany odp\u0142yw i ergonomiczny uchwyt<\/li>\n<li>Uniwersalne zastosowanie \u2013 do samochod\u00f3w, motocykli i pojazd\u00f3w specjalistycznych<\/li>\n<li>Stylowy wygl\u0105d \u2013 elegancki, czarny kolor dope\u0142nia profesjonalny zestaw detailingowy<\/li>\n<\/ul>\n<p>Technical Specifications<\/p>\n<ul>\n<li>Materia\u0142: Wysokiej jako\u015bci plastik<\/li>\n<li>\u015arednica: 31 cm<\/li>\n<li>Waga: 220 g<\/li>\n<li>Kompatybilno\u015b\u0107: Pasuje do standardowych wiader detailingowych 20 L<\/li>\n<\/ul>","protected":false},"excerpt":{"rendered":"<p>Pokrywa zakr\u0119cana do wiadra \u2013 Czarna Czarna pokrywa zakr\u0119cana BenBow zosta\u0142a stworzona z my\u015bl\u0105 o profesjonalnym i domowym detailingu. Wykonana z wysokiej jako\u015bci tworzywa sztucznego, gwarantuje szczelne zamkni\u0119cie wiadra, d\u0142u\u017csze utrzymanie temperatury wody i ochron\u0119 przed zanieczyszczeniami. Przemy\u015blana konstrukcja z odp\u0142ywem i uchwytem sprawia, \u017ce codzienne mycie pojazdu staje si\u0119 wygodniejsze i bardziej stylowe. G\u0142\u00f3wne&hellip;&nbsp;<a href=\"https:\/\/liquidmaster.pl\/en\/benbow-000792-pokrywa-do-wiadra-czarna\/\" rel=\"bookmark\">Read More \u00bb<span class=\"screen-reader-text\">BenBow 000792 \u2013 black bucket lid<\/span><\/a><\/p>","protected":false},"featured_media":1905630,"comment_status":"open","ping_status":"open","template":"","meta":{"neve_meta_sidebar":"","neve_meta_container":"","neve_meta_enable_content_width":"","neve_meta_content_width":0,"neve_meta_title_alignment":"","neve_meta_author_avatar":"","neve_post_elements_order":"","neve_meta_disable_header":"","neve_meta_disable_footer":"","neve_meta_disable_title":"","_themeisle_gutenberg_block_has_review":false},"product_brand":[],"product_cat":[734,733,782],"product_tag":[268],"class_list":{"0":"post-1905628","1":"product","2":"type-product","3":"status-publish","4":"has-post-thumbnail","6":"product_cat-mycie-i-osuszanie","7":"product_cat-na-zewnatrz","8":"product_cat-wiadra-i-separatory","9":"product_tag-benbow","11":"first","12":"instock","13":"taxable","14":"shipping-taxable","15":"purchasable","16":"product-type-simple"},"_links":{"self":[{"href":"https:\/\/liquidmaster.pl\/en\/wp-json\/wp\/v2\/product\/1905628","targetHints":{"allow":["GET"]}}],"collection":[{"href":"https:\/\/liquidmaster.pl\/en\/wp-json\/wp\/v2\/product"}],"about":[{"href":"https:\/\/liquidmaster.pl\/en\/wp-json\/wp\/v2\/types\/product"}],"replies":[{"embeddable":true,"href":"https:\/\/liquidmaster.pl\/en\/wp-json\/wp\/v2\/comments?post=1905628"}],"wp:featuredmedia":[{"embeddable":true,"href":"https:\/\/liquidmaster.pl\/en\/wp-json\/wp\/v2\/media\/1905630"}],"wp:attachment":[{"href":"https:\/\/liquidmaster.pl\/en\/wp-json\/wp\/v2\/media?parent=1905628"}],"wp:term":[{"taxonomy":"product_brand","embeddable":true,"href":"https:\/\/liquidmaster.pl\/en\/wp-json\/wp\/v2\/product_brand?post=1905628"},{"taxonomy":"product_cat","embeddable":true,"href":"https:\/\/liquidmaster.pl\/en\/wp-json\/wp\/v2\/product_cat?post=1905628"},{"taxonomy":"product_tag","embeddable":true,"href":"https:\/\/liquidmaster.pl\/en\/wp-json\/wp\/v2\/product_tag?post=1905628"}],"curies":[{"name":"wp","href":"https:\/\/api.w.org\/{rel}","templated":true}]}}