{"id":1905625,"date":"2025-07-13T13:50:07","date_gmt":"2025-07-13T11:50:07","guid":{"rendered":"https:\/\/liquidmaster.pl\/scangrip-multimatch-3-lampa-detailingowa-zestaw\/"},"modified":"2026-04-18T04:49:18","modified_gmt":"2026-04-18T02:49:18","slug":"scangrip-multimatch-3-lampa-detailingowa-zestaw","status":"publish","type":"product","link":"https:\/\/liquidmaster.pl\/en\/scangrip-multimatch-3-lampa-detailingowa-zestaw\/","title":{"rendered":"Scangrip Multimatch 3 &#8211; lampa detailingowa zestaw"},"content":{"rendered":"<p>MULTIMATCH 3 Connect to profesjonalna lampa detailingowa du\u0144skiej firmy SCANGRIP. Lampa zapewnia o\u015bwietlenie nawet do 3000 lumen\u00f3w, dzi\u0119ki czemu idealnie sprawdza si\u0119 przy inspekcji du\u017cych powierzchni podczas polerowania, lakierowania, czyszczenia. Wyposa\u017cona jest w przyjazny dla u\u017cytkownika wy\u015bwietlacz pokazuj\u0105cy zar\u00f3wno stan na\u0142adowania baterii jak i pozosta\u0142y czas pracy.<\/p>\n<p>Nowy, 5-poziomowy \u015bciemniacz pozwala na ustawienie pi\u0119ciu r\u00f3\u017cnych poziom\u00f3w o\u015bwietlenia, przez co idealnie dopasowuje si\u0119 do potrzeb klienta. Urz\u0105dzenie charakteryzuje wysoki wsp\u00f3\u0142czynnik oddawania naturalnych barw CRI (+96), co umo\u017cliwia perfekcyjne dobranie w\u0142a\u015bciwego koloru i odcienia lakieru. Lampa oferuje CCT SCAN &#8211; p\u0142ynn\u0105 zmian\u0119 barwy od 2500K do 6500K.<\/p>\n<p>Lampa zosta\u0142a wyposa\u017cona w funkcj\u0119 Bluetooth. Za pomoc\u0105 aplikacji Scangrip w smartfonie mo\u017cna korzysta\u0107 z funkcji: zmiana barwy, zmiana jasno\u015bci, sprawdzi\u0107 poziom baterii, w\u0142\u0105czy\u0107\/wy\u0142\u0105czy\u0107 lamp\u0119, przypisa\u0107 kod pin do lampy, kontrola 4 lamp na raz. Funkcja ta doskonale si\u0119 sprawdza podczas korzystania z jednej lub wi\u0119kszej ilo\u015bci lamp, ustawionych na stojakach lub trudno dost\u0119pnych miejscach.<\/p>\n<p>Korpus lampy zosta\u0142 odlany z aluminium pod wysokim ci\u015bnieniem, przez co jest wyj\u0105tkowo trwa\u0142y i odporny nawet na silne wstrz\u0105sy &#8211; stopie\u0144 ochrony mechanicznej IK07. Urz\u0105dzenie jest wodoszczelne i py\u0142oodporne wed\u0142ug standard\u00f3w IP65. Ponadto soczewki zosta\u0142y wykonane z wysokiej jako\u015bci szk\u0142a, kt\u00f3re jest odporne na dzia\u0142anie rozpuszczalnik\u00f3w.<\/p>\n<p>Lampa zosta\u0142a wyposa\u017cona w dwie opcje zasilania (DUAL SYSTEM). Urz\u0105dzenie mo\u017ce by\u0107 zasilanie kablem z gniazda sieciowego lub akumulatorowo. Dodatkowo lampa zosta\u0142a wyposa\u017cona w bateri\u0119 zewn\u0119trzn\u0105. Pot\u0119\u017cna bateria litowo-jonowa o pojemno\u015bci 4000 mAh pozwala na bezprzewodow\u0105 prac\u0119 lampy do 15 h.<\/p>\n<p>Lampa zosta\u0142a wyposa\u017cona w nowy uchwyt, kt\u00f3ry znacz\u0105co u\u0142atwia\u00a0 jej przenoszenie. Konstrukcja lampy pozwala na\u00a0 zamocowanie jej bezpo\u015brednio na STOJAKU SCANGRIP oraz STOJAKU NA K\u00d3\u0141KACH SCANGRIP.<\/p>\n<p>The set includes:<\/p>\n<ul>\n<li>Lampa Scangrip Multimatch 3 Connect 03.6123C<\/li>\n<li>Power supply 03.6123C<\/li>\n<li>Lithium-ion battery 18V 5.2Ah<\/li>\n<li>CAS SC30 battery charger<\/li>\n<\/ul>","protected":false},"excerpt":{"rendered":"<p>MULTIMATCH 3 Connect to profesjonalna lampa detailingowa du\u0144skiej firmy SCANGRIP. Lampa zapewnia o\u015bwietlenie nawet do 3000 lumen\u00f3w, dzi\u0119ki czemu idealnie sprawdza si\u0119 przy inspekcji du\u017cych powierzchni podczas polerowania, lakierowania, czyszczenia. Wyposa\u017cona jest w przyjazny dla u\u017cytkownika wy\u015bwietlacz pokazuj\u0105cy zar\u00f3wno stan na\u0142adowania baterii jak i pozosta\u0142y czas pracy. Nowy, 5-poziomowy \u015bciemniacz pozwala na ustawienie pi\u0119ciu r\u00f3\u017cnych&hellip;&nbsp;<a href=\"https:\/\/liquidmaster.pl\/en\/scangrip-multimatch-3-lampa-detailingowa-zestaw\/\" rel=\"bookmark\">Read More \u00bb<span class=\"screen-reader-text\">Scangrip Multimatch 3 &#8211; lampa detailingowa zestaw<\/span><\/a><\/p>","protected":false},"featured_media":1905627,"comment_status":"open","ping_status":"open","template":"","meta":{"neve_meta_sidebar":"","neve_meta_container":"","neve_meta_enable_content_width":"","neve_meta_content_width":0,"neve_meta_title_alignment":"","neve_meta_author_avatar":"","neve_post_elements_order":"","neve_meta_disable_header":"","neve_meta_disable_footer":"","neve_meta_disable_title":"","_themeisle_gutenberg_block_has_review":false},"product_brand":[],"product_cat":[749,827,748],"product_tag":[356],"class_list":{"0":"post-1905625","1":"product","2":"type-product","3":"status-publish","4":"has-post-thumbnail","6":"product_cat-akcesoria-polerskie","7":"product_cat-lampy-inspekcyjne","8":"product_cat-polerowanie","9":"product_tag-scangrip","11":"first","12":"outofstock","13":"taxable","14":"shipping-taxable","15":"purchasable","16":"product-type-simple"},"_links":{"self":[{"href":"https:\/\/liquidmaster.pl\/en\/wp-json\/wp\/v2\/product\/1905625","targetHints":{"allow":["GET"]}}],"collection":[{"href":"https:\/\/liquidmaster.pl\/en\/wp-json\/wp\/v2\/product"}],"about":[{"href":"https:\/\/liquidmaster.pl\/en\/wp-json\/wp\/v2\/types\/product"}],"replies":[{"embeddable":true,"href":"https:\/\/liquidmaster.pl\/en\/wp-json\/wp\/v2\/comments?post=1905625"}],"wp:featuredmedia":[{"embeddable":true,"href":"https:\/\/liquidmaster.pl\/en\/wp-json\/wp\/v2\/media\/1905627"}],"wp:attachment":[{"href":"https:\/\/liquidmaster.pl\/en\/wp-json\/wp\/v2\/media?parent=1905625"}],"wp:term":[{"taxonomy":"product_brand","embeddable":true,"href":"https:\/\/liquidmaster.pl\/en\/wp-json\/wp\/v2\/product_brand?post=1905625"},{"taxonomy":"product_cat","embeddable":true,"href":"https:\/\/liquidmaster.pl\/en\/wp-json\/wp\/v2\/product_cat?post=1905625"},{"taxonomy":"product_tag","embeddable":true,"href":"https:\/\/liquidmaster.pl\/en\/wp-json\/wp\/v2\/product_tag?post=1905625"}],"curies":[{"name":"wp","href":"https:\/\/api.w.org\/{rel}","templated":true}]}}