{"id":1905622,"date":"2025-07-13T13:48:54","date_gmt":"2025-07-13T11:48:54","guid":{"rendered":"https:\/\/liquidmaster.pl\/scangrip-starmatch-lampa-do-maszyny-polerskiej\/"},"modified":"2026-04-20T08:30:21","modified_gmt":"2026-04-20T06:30:21","slug":"scangrip-starmatch-lampa-do-maszyny-polerskiej","status":"publish","type":"product","link":"https:\/\/liquidmaster.pl\/en\/scangrip-starmatch-lampa-do-maszyny-polerskiej\/","title":{"rendered":"Scangrip Starmatch &#8211; Lampa do maszyny polerskiej"},"content":{"rendered":"<p>STARMATCH CRI+ to nowoczesna lampa robocza zaprojektowana z my\u015bl\u0105 o profesjonalistach zajmuj\u0105cych si\u0119 korekt\u0105 lakieru. Dzi\u0119ki mo\u017cliwo\u015bci monta\u017cu bezpo\u015brednio na polerce zapewnia precyzyjne o\u015bwietlenie miejsca pracy, u\u0142atwiaj\u0105c wykrywanie nawet najmniejszych niedoskona\u0142o\u015bci. Zaawansowana technologia CRI+ gwarantuje wyj\u0105tkowe odwzorowanie kolor\u00f3w, a funkcja ALL DAYLIGHT pozwala dostosowa\u0107 barw\u0119 \u015bwiat\u0142a do r\u00f3\u017cnych rodzaj\u00f3w powierzchni.<\/p>\n<p>Lampa jest wyposa\u017cona w wymienny akumulator \u0142adowany przez USB-C, co umo\u017cliwia ci\u0105g\u0142\u0105 prac\u0119 bez przestoj\u00f3w. Jej smuk\u0142a i lekka konstrukcja zapewnia komfort u\u017cytkowania, a wodoodporno\u015b\u0107 klasy IP65 gwarantuje niezawodno\u015b\u0107 nawet w wymagaj\u0105cych warunkach warsztatowych.<\/p>\n<p>Characteristics:<\/p>\n<ul>\n<li>monta\u017c bezpo\u015brednio na polerce \u2013 precyzyjne i sta\u0142e o\u015bwietlenie miejsca pracy<\/li>\n<li>wysoki wsp\u00f3\u0142czynnik oddawania barw CRI+ \u2013 doskona\u0142a widoczno\u015b\u0107 defekt\u00f3w lakieru<\/li>\n<li>funkcja ALL DAYLIGHT \u2013 5 ustawie\u0144 temperatury barwowej (dla r\u00f3\u017cnych rodzaj\u00f3w lakieru)<\/li>\n<li>k\u0105t \u015bwiecenia 180\u00b0 \u2013 szerokie, r\u00f3wnomierne o\u015bwietlenie<\/li>\n<li>dwa poziomy jasno\u015bci \u2013 dopasowanie intensywno\u015bci \u015bwiat\u0142a do potrzeb<\/li>\n<li>wymienny akumulator USB-C \u2013 szybkie \u0142adowanie i praca bez przestoj\u00f3w<\/li>\n<li>smuk\u0142a i lekka konstrukcja \u2013 wygoda nawet przy d\u0142ugotrwa\u0142ym u\u017cytkowaniu<\/li>\n<li>\u00a0wodoodporno\u015b\u0107 IP65 \u2013 odporno\u015b\u0107 na kurz i zachlapania<\/li>\n<li>w zestawie: uchwyt, \u015bruby i dystanse do monta\u017cu na polerce<\/li>\n<\/ul>\n<p>\u00a0<\/p>","protected":false},"excerpt":{"rendered":"<p>STARMATCH CRI+ to nowoczesna lampa robocza zaprojektowana z my\u015bl\u0105 o profesjonalistach zajmuj\u0105cych si\u0119 korekt\u0105 lakieru. Dzi\u0119ki mo\u017cliwo\u015bci monta\u017cu bezpo\u015brednio na polerce zapewnia precyzyjne o\u015bwietlenie miejsca pracy, u\u0142atwiaj\u0105c wykrywanie nawet najmniejszych niedoskona\u0142o\u015bci. Zaawansowana technologia CRI+ gwarantuje wyj\u0105tkowe odwzorowanie kolor\u00f3w, a funkcja ALL DAYLIGHT pozwala dostosowa\u0107 barw\u0119 \u015bwiat\u0142a do r\u00f3\u017cnych rodzaj\u00f3w powierzchni. Lampa jest wyposa\u017cona w wymienny&hellip;&nbsp;<a href=\"https:\/\/liquidmaster.pl\/en\/scangrip-starmatch-lampa-do-maszyny-polerskiej\/\" rel=\"bookmark\">Read More \u00bb<span class=\"screen-reader-text\">Scangrip Starmatch &#8211; Lampa do maszyny polerskiej<\/span><\/a><\/p>","protected":false},"featured_media":1905624,"comment_status":"open","ping_status":"open","template":"","meta":{"neve_meta_sidebar":"","neve_meta_container":"","neve_meta_enable_content_width":"","neve_meta_content_width":0,"neve_meta_title_alignment":"","neve_meta_author_avatar":"","neve_post_elements_order":"","neve_meta_disable_header":"","neve_meta_disable_footer":"","neve_meta_disable_title":"","_themeisle_gutenberg_block_has_review":false},"product_brand":[],"product_cat":[749,827,748],"product_tag":[354],"class_list":{"0":"post-1905622","1":"product","2":"type-product","3":"status-publish","4":"has-post-thumbnail","6":"product_cat-akcesoria-polerskie","7":"product_cat-lampy-inspekcyjne","8":"product_cat-polerowanie","9":"product_tag-rupes","11":"first","12":"instock","13":"taxable","14":"shipping-taxable","15":"purchasable","16":"product-type-simple"},"_links":{"self":[{"href":"https:\/\/liquidmaster.pl\/en\/wp-json\/wp\/v2\/product\/1905622","targetHints":{"allow":["GET"]}}],"collection":[{"href":"https:\/\/liquidmaster.pl\/en\/wp-json\/wp\/v2\/product"}],"about":[{"href":"https:\/\/liquidmaster.pl\/en\/wp-json\/wp\/v2\/types\/product"}],"replies":[{"embeddable":true,"href":"https:\/\/liquidmaster.pl\/en\/wp-json\/wp\/v2\/comments?post=1905622"}],"wp:featuredmedia":[{"embeddable":true,"href":"https:\/\/liquidmaster.pl\/en\/wp-json\/wp\/v2\/media\/1905624"}],"wp:attachment":[{"href":"https:\/\/liquidmaster.pl\/en\/wp-json\/wp\/v2\/media?parent=1905622"}],"wp:term":[{"taxonomy":"product_brand","embeddable":true,"href":"https:\/\/liquidmaster.pl\/en\/wp-json\/wp\/v2\/product_brand?post=1905622"},{"taxonomy":"product_cat","embeddable":true,"href":"https:\/\/liquidmaster.pl\/en\/wp-json\/wp\/v2\/product_cat?post=1905622"},{"taxonomy":"product_tag","embeddable":true,"href":"https:\/\/liquidmaster.pl\/en\/wp-json\/wp\/v2\/product_tag?post=1905622"}],"curies":[{"name":"wp","href":"https:\/\/api.w.org\/{rel}","templated":true}]}}