{"id":1905613,"date":"2025-07-13T13:32:05","date_gmt":"2025-07-13T11:32:05","guid":{"rendered":"https:\/\/liquidmaster.pl\/colad-stickgo-60cm-x-25m-folia-ochronna\/"},"modified":"2026-04-19T03:37:18","modified_gmt":"2026-04-19T01:37:18","slug":"colad-stickgo-60cm-x-25m-folia-ochronna","status":"publish","type":"product","link":"https:\/\/liquidmaster.pl\/en\/colad-stickgo-60cm-x-25m-folia-ochronna\/","title":{"rendered":"Colad Stick&amp;Go 60cm x 25m \u2013 protective foil"},"content":{"rendered":"<p>Szybka i skuteczna ochrona powierzchni, takich jak blaty ze stali nierdzewnej.<\/p>\n<p>Nak\u0142adanie jest bezproblemowe i nie wymaga podgrzewania. Folia dobrze przylega zar\u00f3wno do g\u0142adkich, jak i chropowatych powierzchni, a jednocze\u015bnie mo\u017cna j\u0105 \u0142atwo zdj\u0105\u0107 po u\u017cyciu. Foli\u0119 mo\u017cna nak\u0142ada\u0107 bezpo\u015brednio z rolki, jednak dla jeszcze wi\u0119kszego komfortu zaleca si\u0119 u\u017cycie podajnika do folii.<\/p>\n<p>Cechy i korzy\u015bci<\/p>\n<ul>\n<li>Bia\u0142y kolor zapewnia optymalne odbicie \u015bwiat\u0142a<\/li>\n<li>Odporna na dzia\u0142anie \u015brodk\u00f3w chemicznych i rozpuszczalnik\u00f3w<\/li>\n<li>Mocna i trwa\u0142a<\/li>\n<li>Karbowana powierzchnia przeciwpo\u015blizgowa<\/li>\n<li>\u0141atwe nak\u0142adanie i wycinanie<\/li>\n<li>Nie antystatyczna<\/li>\n<\/ul>\n<p>Technical Specifications<\/p>\n<ul>\n<li>Materia\u0142: Polipropylen (PP)<\/li>\n<li>White color<\/li>\n<li>Temperatura topnienia: 120\u00b0C<\/li>\n<li>Szeroko\u015b\u0107 ta\u015bmy: 60 cm<\/li>\n<li>D\u0142ugo\u015b\u0107 rolki: 25 metr\u00f3w<\/li>\n<li>Grubo\u015b\u0107: 220 mikron\u00f3w<\/li>\n<li>Powierzchnia karbowana: W\u0142a\u015bciwo\u015bci przeciwpo\u015blizgowe umo\u017cliwiaj\u0105ce bezpieczn\u0105 prac\u0119<\/li>\n<li>Temperatura aplikacji: Mi\u0119dzy 15 a 40\u00b0C<\/li>\n<\/ul>","protected":false},"excerpt":{"rendered":"<p>Szybka i skuteczna ochrona powierzchni, takich jak blaty ze stali nierdzewnej. Nak\u0142adanie jest bezproblemowe i nie wymaga podgrzewania. Folia dobrze przylega zar\u00f3wno do g\u0142adkich, jak i chropowatych powierzchni, a jednocze\u015bnie mo\u017cna j\u0105 \u0142atwo zdj\u0105\u0107 po u\u017cyciu. Foli\u0119 mo\u017cna nak\u0142ada\u0107 bezpo\u015brednio z rolki, jednak dla jeszcze wi\u0119kszego komfortu zaleca si\u0119 u\u017cycie podajnika do folii. Cechy i&hellip;&nbsp;<a href=\"https:\/\/liquidmaster.pl\/en\/colad-stickgo-60cm-x-25m-folia-ochronna\/\" rel=\"bookmark\">Read More \u00bb<span class=\"screen-reader-text\">Colad Stick&amp;Go 60cm x 25m \u2013 protective foil<\/span><\/a><\/p>","protected":false},"featured_media":1905615,"comment_status":"open","ping_status":"open","template":"","meta":{"neve_meta_sidebar":"","neve_meta_container":"","neve_meta_enable_content_width":"","neve_meta_content_width":0,"neve_meta_title_alignment":"","neve_meta_author_avatar":"","neve_post_elements_order":"","neve_meta_disable_header":"","neve_meta_disable_footer":"","neve_meta_disable_title":"","_themeisle_gutenberg_block_has_review":false},"product_brand":[],"product_cat":[757,893,846],"product_tag":[281],"class_list":{"0":"post-1905613","1":"product","2":"type-product","3":"status-publish","4":"has-post-thumbnail","6":"product_cat-akcesoria","7":"product_cat-inne","8":"product_cat-reszta","9":"product_tag-colad","11":"first","12":"instock","13":"taxable","14":"shipping-taxable","15":"purchasable","16":"product-type-simple"},"_links":{"self":[{"href":"https:\/\/liquidmaster.pl\/en\/wp-json\/wp\/v2\/product\/1905613","targetHints":{"allow":["GET"]}}],"collection":[{"href":"https:\/\/liquidmaster.pl\/en\/wp-json\/wp\/v2\/product"}],"about":[{"href":"https:\/\/liquidmaster.pl\/en\/wp-json\/wp\/v2\/types\/product"}],"replies":[{"embeddable":true,"href":"https:\/\/liquidmaster.pl\/en\/wp-json\/wp\/v2\/comments?post=1905613"}],"wp:featuredmedia":[{"embeddable":true,"href":"https:\/\/liquidmaster.pl\/en\/wp-json\/wp\/v2\/media\/1905615"}],"wp:attachment":[{"href":"https:\/\/liquidmaster.pl\/en\/wp-json\/wp\/v2\/media?parent=1905613"}],"wp:term":[{"taxonomy":"product_brand","embeddable":true,"href":"https:\/\/liquidmaster.pl\/en\/wp-json\/wp\/v2\/product_brand?post=1905613"},{"taxonomy":"product_cat","embeddable":true,"href":"https:\/\/liquidmaster.pl\/en\/wp-json\/wp\/v2\/product_cat?post=1905613"},{"taxonomy":"product_tag","embeddable":true,"href":"https:\/\/liquidmaster.pl\/en\/wp-json\/wp\/v2\/product_tag?post=1905613"}],"curies":[{"name":"wp","href":"https:\/\/api.w.org\/{rel}","templated":true}]}}