{"id":1905534,"date":"2025-07-12T11:02:05","date_gmt":"2025-07-12T09:02:05","guid":{"rendered":"https:\/\/liquidmaster.pl\/sonax-beast-do-czyszczenia-felg-1l\/"},"modified":"2026-04-18T04:42:23","modified_gmt":"2026-04-18T02:42:23","slug":"sonax-beast-do-czyszczenia-felg-1l","status":"publish","type":"product","link":"https:\/\/liquidmaster.pl\/en\/sonax-beast-do-czyszczenia-felg-1l\/","title":{"rendered":"SONAX Beast Rim Cleaner 1L"},"content":{"rendered":"<p style=\"text-align:left;\">A highly effective, acid-free rim cleaner. For all types of rims: steel, aluminum, painted, chrome, polished, and matte.<\/p>\n<p style=\"text-align:left;\">How to use.<\/p>\n<p style=\"text-align:left;\">Shake the bottle before use. Set the nozzle to the spray position and spray evenly onto the cooled rims from a short distance. Wait 3-5 minutes. The product will turn dark red. Remove stubborn dirt with a rim brush or paintbrush. Rinse thoroughly with a strong jet of water, e.g., using a pressure washer. The product is not aggressive to rim surfaces, bolts, or nuts. Suitable for TPMS (TPMS) systems.<\/p>","protected":false},"excerpt":{"rendered":"<p>Wysoce skuteczny, bezkwasowy preparat do czyszczenia felg. Do wszystkich typ\u00f3w felg: stalowych, aluminiowych, lakierowanych, chromowanych, polerowanych oraz matowych. Spos\u00f3b u\u017cycia. Przed u\u017cyciem wstrz\u0105sn\u0105\u0107 butelk\u0119. Ustawi\u0107 dysz\u0119 w pozycji do spryskiwania i z niewielkiej odleg\u0142o\u015bci r\u00f3wnomiernie rozpyli\u0107 \u015brodek na sch\u0142odzone felgi. Odczeka\u0107 3-5 minut. Kolor preparatu zmieni si\u0119 na ciemnoczerwony. Silne i uporczywe zabrudzenia usun\u0105\u0107 za&hellip;&nbsp;<a href=\"https:\/\/liquidmaster.pl\/en\/sonax-beast-do-czyszczenia-felg-1l\/\" rel=\"bookmark\">Read More \u00bb<span class=\"screen-reader-text\">SONAX Beast Rim Cleaner 1L<\/span><\/a><\/p>","protected":false},"featured_media":1848508,"comment_status":"open","ping_status":"open","template":"","meta":{"neve_meta_sidebar":"","neve_meta_container":"","neve_meta_enable_content_width":"","neve_meta_content_width":0,"neve_meta_title_alignment":"","neve_meta_author_avatar":"","neve_post_elements_order":"","neve_meta_disable_header":"","neve_meta_disable_footer":"","neve_meta_disable_title":"","_themeisle_gutenberg_block_has_review":false},"product_brand":[],"product_cat":[746,745,733],"product_tag":[363],"class_list":{"0":"post-1905534","1":"product","2":"type-product","3":"status-publish","4":"has-post-thumbnail","6":"product_cat-czyszczenie-felg","7":"product_cat-kola-i-opony","8":"product_cat-na-zewnatrz","9":"product_tag-sonax","11":"first","12":"instock","13":"taxable","14":"shipping-taxable","15":"purchasable","16":"product-type-simple"},"_links":{"self":[{"href":"https:\/\/liquidmaster.pl\/en\/wp-json\/wp\/v2\/product\/1905534","targetHints":{"allow":["GET"]}}],"collection":[{"href":"https:\/\/liquidmaster.pl\/en\/wp-json\/wp\/v2\/product"}],"about":[{"href":"https:\/\/liquidmaster.pl\/en\/wp-json\/wp\/v2\/types\/product"}],"replies":[{"embeddable":true,"href":"https:\/\/liquidmaster.pl\/en\/wp-json\/wp\/v2\/comments?post=1905534"}],"wp:featuredmedia":[{"embeddable":true,"href":"https:\/\/liquidmaster.pl\/en\/wp-json\/wp\/v2\/media\/1848508"}],"wp:attachment":[{"href":"https:\/\/liquidmaster.pl\/en\/wp-json\/wp\/v2\/media?parent=1905534"}],"wp:term":[{"taxonomy":"product_brand","embeddable":true,"href":"https:\/\/liquidmaster.pl\/en\/wp-json\/wp\/v2\/product_brand?post=1905534"},{"taxonomy":"product_cat","embeddable":true,"href":"https:\/\/liquidmaster.pl\/en\/wp-json\/wp\/v2\/product_cat?post=1905534"},{"taxonomy":"product_tag","embeddable":true,"href":"https:\/\/liquidmaster.pl\/en\/wp-json\/wp\/v2\/product_tag?post=1905534"}],"curies":[{"name":"wp","href":"https:\/\/api.w.org\/{rel}","templated":true}]}}