{"id":1905530,"date":"2025-07-12T10:58:54","date_gmt":"2025-07-12T08:58:54","guid":{"rendered":"https:\/\/liquidmaster.pl\/poka-stojak-na-maszyne-typu-ibrid\/"},"modified":"2026-02-19T05:17:53","modified_gmt":"2026-02-19T03:17:53","slug":"poka-stojak-na-maszyne-typu-ibrid","status":"publish","type":"product","link":"https:\/\/liquidmaster.pl\/en\/poka-stojak-na-maszyne-typu-ibrid\/","title":{"rendered":"POKA iBrid Machine Stand"},"content":{"rendered":"<p>Wysokiej jako\u015bci, metalowy stojak na maszyn\u0119 polersk\u0105 typu Rupes HLR75 Mini iBrid. Wykonany z najlepszych jako\u015bciowo i technologicznie stali konstrukcyjnych pokrytych grub\u0105 warstw\u0105 cynku, chroni\u0105c\u0105 przed rdz\u0105 oraz korozj\u0105. Stojak finalnie zosta\u0142 dwustronnie polakierowany wysokiej jako\u015bci farb\u0105 proszkow\u0105 o drobniej strukturze zapewniaj\u0105cej ochron\u0119 przed zarysowaniami oraz p\u0142owieniem. Tak zabezpieczony wieszak pos\u0142u\u017cy nam przez wiele lat nawet w najtrudniejszych warunkach.<\/p>\n<p>\u00a0<\/p>\n<p>Precyzyjnie wykonany, dzi\u0119ki zaawansowanej technologii CNC, nie posiada ostrych kraw\u0119dzi oraz zako\u0144cze\u0144. Stojak jest bezpieczny w u\u017cytkowaniu, a miejsca odk\u0142adania maszyny s\u0105 dodatkowo zabezpieczone stabilnymi, gumowymi uszczelkami. Dla zapewnienia stabilno\u015bci stojak ustawiony jest na 4 transparentnych, gumowych n\u00f3\u017ckach.<\/p>\n<p>\u00a0<\/p>\n<p>\u00a0<\/p>\n<p>Characteristic:<\/p>\n<li>Wykonany z blachy o grubo\u015bci 1,5 mm<\/li>\n<li>Galvanized layer - protects against rust and corrosion<\/li>\n<li>Powder coated - protection against scratches and fading<\/li>\n<li>Dostosowany do maszyn typu Rupes HLR75 Mini iBrid<\/li>\n<li>Miejsce dla 1 maszyny polerskiej \u2013 dodatkowo zabezpieczone stabilnymi, gumowymi uszczelkami<\/li>\n<li>Gumowe n\u00f3\u017cki dla wi\u0119kszej stabilno\u015bci<\/li>\n<p>\u00a0<\/p>\n<p>Black colour<\/p>\n<p>\u00a0<\/p>\n<p>Dimensions:<\/p>\n<p>Length: 20 cm<\/p>\n<p>Height: 18 cm<\/p>","protected":false},"excerpt":{"rendered":"<p>Wysokiej jako\u015bci, metalowy stojak na maszyn\u0119 polersk\u0105 typu Rupes HLR75 Mini iBrid. Wykonany z najlepszych jako\u015bciowo i technologicznie stali konstrukcyjnych pokrytych grub\u0105 warstw\u0105 cynku, chroni\u0105c\u0105 przed rdz\u0105 oraz korozj\u0105. Stojak finalnie zosta\u0142 dwustronnie polakierowany wysokiej jako\u015bci farb\u0105 proszkow\u0105 o drobniej strukturze zapewniaj\u0105cej ochron\u0119 przed zarysowaniami oraz p\u0142owieniem. Tak zabezpieczony wieszak pos\u0142u\u017cy nam przez wiele lat&hellip;&nbsp;<a href=\"https:\/\/liquidmaster.pl\/en\/poka-stojak-na-maszyne-typu-ibrid\/\" rel=\"bookmark\">Read More \u00bb<span class=\"screen-reader-text\">POKA iBrid Machine Stand<\/span><\/a><\/p>","protected":false},"featured_media":1848500,"comment_status":"open","ping_status":"open","template":"","meta":{"neve_meta_sidebar":"","neve_meta_container":"","neve_meta_enable_content_width":"","neve_meta_content_width":0,"neve_meta_title_alignment":"","neve_meta_author_avatar":"","neve_post_elements_order":"","neve_meta_disable_header":"","neve_meta_disable_footer":"","neve_meta_disable_title":"","_themeisle_gutenberg_block_has_review":false},"product_brand":[],"product_cat":[757,862,811],"product_tag":[343],"class_list":{"0":"post-1905530","1":"product","2":"type-product","3":"status-publish","4":"has-post-thumbnail","6":"product_cat-akcesoria","7":"product_cat-gadzety","8":"product_cat-pozostale-akcesoria","9":"product_tag-poka-premium","11":"first","12":"instock","13":"taxable","14":"shipping-taxable","15":"purchasable","16":"product-type-simple"},"_links":{"self":[{"href":"https:\/\/liquidmaster.pl\/en\/wp-json\/wp\/v2\/product\/1905530","targetHints":{"allow":["GET"]}}],"collection":[{"href":"https:\/\/liquidmaster.pl\/en\/wp-json\/wp\/v2\/product"}],"about":[{"href":"https:\/\/liquidmaster.pl\/en\/wp-json\/wp\/v2\/types\/product"}],"replies":[{"embeddable":true,"href":"https:\/\/liquidmaster.pl\/en\/wp-json\/wp\/v2\/comments?post=1905530"}],"wp:featuredmedia":[{"embeddable":true,"href":"https:\/\/liquidmaster.pl\/en\/wp-json\/wp\/v2\/media\/1848500"}],"wp:attachment":[{"href":"https:\/\/liquidmaster.pl\/en\/wp-json\/wp\/v2\/media?parent=1905530"}],"wp:term":[{"taxonomy":"product_brand","embeddable":true,"href":"https:\/\/liquidmaster.pl\/en\/wp-json\/wp\/v2\/product_brand?post=1905530"},{"taxonomy":"product_cat","embeddable":true,"href":"https:\/\/liquidmaster.pl\/en\/wp-json\/wp\/v2\/product_cat?post=1905530"},{"taxonomy":"product_tag","embeddable":true,"href":"https:\/\/liquidmaster.pl\/en\/wp-json\/wp\/v2\/product_tag?post=1905530"}],"curies":[{"name":"wp","href":"https:\/\/api.w.org\/{rel}","templated":true}]}}