{"id":1905522,"date":"2025-07-12T10:54:51","date_gmt":"2025-07-12T08:54:51","guid":{"rendered":"https:\/\/liquidmaster.pl\/gyeon-q2m-silkmitt-evo\/"},"modified":"2026-04-18T04:42:20","modified_gmt":"2026-04-18T02:42:20","slug":"gyeon-q2m-silkmitt-evo","status":"publish","type":"product","link":"https:\/\/liquidmaster.pl\/en\/gyeon-q2m-silkmitt-evo\/","title":{"rendered":"GYEON Q2M SilkMitt EVO"},"content":{"rendered":"<p>Podw\u00f3jne zastosowanie: innowacyjna w osuszaniu trudno dostepnych miejsc samochodu i idealna do dekontaminacji. \u015awietna do osuszania felg, wlot\u00f3w powietrza i zakamark\u00f3w, idealnie sprawdza si\u0119 te\u017c w z\u0142o\u017conej dekontaminacji gdy u\u017cywa si\u0119 jej ze specjalistycznymi produktami Gyeon.<\/p>\n<p>IDEALNE ROZWI\u0104ZANIE DLA TRUDNO DOST\u0118PNYCH MIEJSC<\/p>\n<p>Gyeon Q\u00b2M SilkMitt EVO jest perfekcyjnym rozwi\u0105zaniem dla osuszania trudno dost\u0119pnych i nisko po\u0142o\u017conych miejsc samochodu. Idealnie uzupe\u0142nia du\u017cy r\u0119cznik Q\u00b2M SilkDryer EVO. Wykonana jest z tej samej super wytrzyma\u0142ej, bardzo mi\u0119kkiej mikrofibry. Uformowana w r\u0119kawic\u0119 z dodatkiem super ch\u0142onnego wype\u0142nienia, Q\u00b2M SilkMitt EVO ch\u0142onie bardzo du\u017ce ilo\u015bci wody.<\/p>\n<p>Dodatkowo, elastyczne mikrow\u0142\u00f3kno z \u0142atwo\u015bci\u0105 prze\u015blizguje si\u0119 po lakierze i mo\u017ce by\u0107 u\u017cyte jako bezpieczna pomoc podczas usuwania smo\u0142y, sok\u00f3w z drzew i innych zanieczyszcze\u0144 podczas etapu czyszczenia.<\/p>\n<p>Mo\u017cna pra\u0107 w pralce w maksymalnej temperaturze 30&#8217;C. Nie suszy\u0107 w suszarkach. Nie prasowa\u0107. Nie wybiela\u0107.<\/p>","protected":false},"excerpt":{"rendered":"<p>Podw\u00f3jne zastosowanie: innowacyjna w osuszaniu trudno dostepnych miejsc samochodu i idealna do dekontaminacji. \u015awietna do osuszania felg, wlot\u00f3w powietrza i zakamark\u00f3w, idealnie sprawdza si\u0119 te\u017c w z\u0142o\u017conej dekontaminacji gdy u\u017cywa si\u0119 jej ze specjalistycznymi produktami Gyeon. IDEALNE ROZWI\u0104ZANIE DLA TRUDNO DOST\u0118PNYCH MIEJSC Gyeon Q\u00b2M SilkMitt EVO jest perfekcyjnym rozwi\u0105zaniem dla osuszania trudno dost\u0119pnych i nisko&hellip;&nbsp;<a href=\"https:\/\/liquidmaster.pl\/en\/gyeon-q2m-silkmitt-evo\/\" rel=\"bookmark\">Read More \u00bb<span class=\"screen-reader-text\">GYEON Q2M SilkMitt EVO<\/span><\/a><\/p>","protected":false},"featured_media":1848484,"comment_status":"open","ping_status":"open","template":"","meta":{"neve_meta_sidebar":"","neve_meta_container":"","neve_meta_enable_content_width":"","neve_meta_content_width":0,"neve_meta_title_alignment":"","neve_meta_author_avatar":"","neve_post_elements_order":"","neve_meta_disable_header":"","neve_meta_disable_footer":"","neve_meta_disable_title":"","_themeisle_gutenberg_block_has_review":false},"product_brand":[],"product_cat":[734,733,821],"product_tag":[302],"class_list":{"0":"post-1905522","1":"product","2":"type-product","3":"status-publish","4":"has-post-thumbnail","6":"product_cat-mycie-i-osuszanie","7":"product_cat-na-zewnatrz","8":"product_cat-wspomaganie-osuszania","9":"product_tag-gyeon","11":"first","12":"instock","13":"taxable","14":"shipping-taxable","15":"purchasable","16":"product-type-simple"},"_links":{"self":[{"href":"https:\/\/liquidmaster.pl\/en\/wp-json\/wp\/v2\/product\/1905522","targetHints":{"allow":["GET"]}}],"collection":[{"href":"https:\/\/liquidmaster.pl\/en\/wp-json\/wp\/v2\/product"}],"about":[{"href":"https:\/\/liquidmaster.pl\/en\/wp-json\/wp\/v2\/types\/product"}],"replies":[{"embeddable":true,"href":"https:\/\/liquidmaster.pl\/en\/wp-json\/wp\/v2\/comments?post=1905522"}],"wp:featuredmedia":[{"embeddable":true,"href":"https:\/\/liquidmaster.pl\/en\/wp-json\/wp\/v2\/media\/1848484"}],"wp:attachment":[{"href":"https:\/\/liquidmaster.pl\/en\/wp-json\/wp\/v2\/media?parent=1905522"}],"wp:term":[{"taxonomy":"product_brand","embeddable":true,"href":"https:\/\/liquidmaster.pl\/en\/wp-json\/wp\/v2\/product_brand?post=1905522"},{"taxonomy":"product_cat","embeddable":true,"href":"https:\/\/liquidmaster.pl\/en\/wp-json\/wp\/v2\/product_cat?post=1905522"},{"taxonomy":"product_tag","embeddable":true,"href":"https:\/\/liquidmaster.pl\/en\/wp-json\/wp\/v2\/product_tag?post=1905522"}],"curies":[{"name":"wp","href":"https:\/\/api.w.org\/{rel}","templated":true}]}}