{"id":1905520,"date":"2025-07-12T10:54:06","date_gmt":"2025-07-12T08:54:06","guid":{"rendered":"https:\/\/liquidmaster.pl\/gyeon-q2m-restartwash-500ml\/"},"modified":"2026-04-19T03:29:55","modified_gmt":"2026-04-19T01:29:55","slug":"gyeon-q2m-restartwash-500ml","status":"publish","type":"product","link":"https:\/\/liquidmaster.pl\/en\/gyeon-q2m-restartwash-500ml\/","title":{"rendered":"GYEON Q2M RestartWash 500ml"},"content":{"rendered":"<p>Szampon przywracaj\u0105cy pow\u0142okom ich pierwotne w\u0142a\u015bciwo\u015bci.<\/p>\n<p>\u00a0<\/p>\n<p>Teraz w nowym opakowaniu i pojemno\u015bci! Posiada pH 6, potrafi odetka\u0107 pow\u0142ok\u0119 oraz jednocze\u015bnie usun\u0105\u0107 osady metaliczne z zabezpieczonych powierzchni. Wraz z up\u0142ywem czasu lub brakiem odpowiedniej piel\u0119gnacji, zanieczyszczenia narastaj\u0105 na powierzchni pow\u0142ok, ograniczaj\u0105c ich w\u0142a\u015bciwo\u015bci.\u00a0<\/p>\n<p>Q\u00b2M\u00a0RestartWash to skoncentrowany i \u015bliski szampon przeznaczony do \u0142atwego oczyszczenia zabezpieczonej powierzchni z nagromadzonych zanieczyszcze\u0144. W przeciwie\u0144stwie do\u00a0Q\u00b2M\u00a0Bathe+ nie dodaje hydrofobowo\u015bci, ale odbudowuje dzia\u0142anie pow\u0142oki.<\/p>\n<p>\u00a0<\/p>\n<p>Mo\u017ce by\u0107 stosowany jako piana aktywna lub tradycyjny szampon \u2013 jest wszechstronnym \u015brodkiem do piel\u0119gnacji pojazd\u00f3w zabezpieczonych pow\u0142okami ceramicznymi.<\/p>","protected":false},"excerpt":{"rendered":"<p>Szampon przywracaj\u0105cy pow\u0142okom ich pierwotne w\u0142a\u015bciwo\u015bci. \u00a0 Teraz w nowym opakowaniu i pojemno\u015bci! Posiada pH 6, potrafi odetka\u0107 pow\u0142ok\u0119 oraz jednocze\u015bnie usun\u0105\u0107 osady metaliczne z zabezpieczonych powierzchni. Wraz z up\u0142ywem czasu lub brakiem odpowiedniej piel\u0119gnacji, zanieczyszczenia narastaj\u0105 na powierzchni pow\u0142ok, ograniczaj\u0105c ich w\u0142a\u015bciwo\u015bci.\u00a0 Q\u00b2M\u00a0RestartWash to skoncentrowany i \u015bliski szampon przeznaczony do \u0142atwego oczyszczenia zabezpieczonej powierzchni&hellip;&nbsp;<a href=\"https:\/\/liquidmaster.pl\/en\/gyeon-q2m-restartwash-500ml\/\" rel=\"bookmark\">Read More \u00bb<span class=\"screen-reader-text\">GYEON Q2M RestartWash 500ml<\/span><\/a><\/p>","protected":false},"featured_media":1848479,"comment_status":"open","ping_status":"open","template":"","meta":{"neve_meta_sidebar":"","neve_meta_container":"","neve_meta_enable_content_width":"","neve_meta_content_width":0,"neve_meta_title_alignment":"","neve_meta_author_avatar":"","neve_post_elements_order":"","neve_meta_disable_header":"","neve_meta_disable_footer":"","neve_meta_disable_title":"","_themeisle_gutenberg_block_has_review":false},"product_brand":[],"product_cat":[734,733,740],"product_tag":[302],"class_list":{"0":"post-1905520","1":"product","2":"type-product","3":"status-publish","4":"has-post-thumbnail","6":"product_cat-mycie-i-osuszanie","7":"product_cat-na-zewnatrz","8":"product_cat-szampony-mycie-i-osuszanie","9":"product_tag-gyeon","11":"first","12":"instock","13":"taxable","14":"shipping-taxable","15":"purchasable","16":"product-type-simple"},"_links":{"self":[{"href":"https:\/\/liquidmaster.pl\/en\/wp-json\/wp\/v2\/product\/1905520","targetHints":{"allow":["GET"]}}],"collection":[{"href":"https:\/\/liquidmaster.pl\/en\/wp-json\/wp\/v2\/product"}],"about":[{"href":"https:\/\/liquidmaster.pl\/en\/wp-json\/wp\/v2\/types\/product"}],"replies":[{"embeddable":true,"href":"https:\/\/liquidmaster.pl\/en\/wp-json\/wp\/v2\/comments?post=1905520"}],"wp:featuredmedia":[{"embeddable":true,"href":"https:\/\/liquidmaster.pl\/en\/wp-json\/wp\/v2\/media\/1848479"}],"wp:attachment":[{"href":"https:\/\/liquidmaster.pl\/en\/wp-json\/wp\/v2\/media?parent=1905520"}],"wp:term":[{"taxonomy":"product_brand","embeddable":true,"href":"https:\/\/liquidmaster.pl\/en\/wp-json\/wp\/v2\/product_brand?post=1905520"},{"taxonomy":"product_cat","embeddable":true,"href":"https:\/\/liquidmaster.pl\/en\/wp-json\/wp\/v2\/product_cat?post=1905520"},{"taxonomy":"product_tag","embeddable":true,"href":"https:\/\/liquidmaster.pl\/en\/wp-json\/wp\/v2\/product_tag?post=1905520"}],"curies":[{"name":"wp","href":"https:\/\/api.w.org\/{rel}","templated":true}]}}