{"id":1905504,"date":"2025-07-12T10:46:07","date_gmt":"2025-07-12T08:46:07","guid":{"rendered":"https:\/\/liquidmaster.pl\/flexipads-dysk-polerski-rayon-do-szkla-160mm\/"},"modified":"2026-04-20T08:22:39","modified_gmt":"2026-04-20T06:22:39","slug":"flexipads-dysk-polerski-rayon-do-szkla-160mm","status":"publish","type":"product","link":"https:\/\/liquidmaster.pl\/en\/flexipads-dysk-polerski-rayon-do-szkla-160mm\/","title":{"rendered":"Flexipads Dysk Polerski Rayon Do Szk\u0142a 160mm"},"content":{"rendered":"<p>Dysk polerski 160 mm do szk\u0142a, na rzep. Idealny do polerowania powierzchni szklanych na przyk\u0142ad- szyb samochodowych. Usuwa ci\u0119\u017cko zmywalne \u015blady i pozsotawia czysto\u015b\u0107\u00a0oraz wysoki po\u0142ysk. Do tego dysku polecamy talerze mocuj\u0105ce o numerach 10400 (M14) i 32315 (5\/16).<\/p>","protected":false},"excerpt":{"rendered":"<p>Dysk polerski 160 mm do szk\u0142a, na rzep. Idealny do polerowania powierzchni szklanych na przyk\u0142ad- szyb samochodowych. Usuwa ci\u0119\u017cko zmywalne \u015blady i pozsotawia czysto\u015b\u0107\u00a0oraz wysoki po\u0142ysk. Do tego dysku polecamy talerze mocuj\u0105ce o numerach 10400 (M14) i 32315 (5\/16).<\/p>","protected":false},"featured_media":1848448,"comment_status":"open","ping_status":"open","template":"","meta":{"neve_meta_sidebar":"","neve_meta_container":"","neve_meta_enable_content_width":"","neve_meta_content_width":0,"neve_meta_title_alignment":"","neve_meta_author_avatar":"","neve_post_elements_order":"","neve_meta_disable_header":"","neve_meta_disable_footer":"","neve_meta_disable_title":"","_themeisle_gutenberg_block_has_review":false},"product_brand":[],"product_cat":[733,844,773],"product_tag":[293],"class_list":{"0":"post-1905504","1":"product","2":"type-product","3":"status-publish","4":"has-post-thumbnail","6":"product_cat-na-zewnatrz","7":"product_cat-polerowanie-szyb","8":"product_cat-szyby","9":"product_tag-flexipads","11":"first","12":"instock","13":"taxable","14":"shipping-taxable","15":"purchasable","16":"product-type-simple"},"_links":{"self":[{"href":"https:\/\/liquidmaster.pl\/en\/wp-json\/wp\/v2\/product\/1905504","targetHints":{"allow":["GET"]}}],"collection":[{"href":"https:\/\/liquidmaster.pl\/en\/wp-json\/wp\/v2\/product"}],"about":[{"href":"https:\/\/liquidmaster.pl\/en\/wp-json\/wp\/v2\/types\/product"}],"replies":[{"embeddable":true,"href":"https:\/\/liquidmaster.pl\/en\/wp-json\/wp\/v2\/comments?post=1905504"}],"wp:featuredmedia":[{"embeddable":true,"href":"https:\/\/liquidmaster.pl\/en\/wp-json\/wp\/v2\/media\/1848448"}],"wp:attachment":[{"href":"https:\/\/liquidmaster.pl\/en\/wp-json\/wp\/v2\/media?parent=1905504"}],"wp:term":[{"taxonomy":"product_brand","embeddable":true,"href":"https:\/\/liquidmaster.pl\/en\/wp-json\/wp\/v2\/product_brand?post=1905504"},{"taxonomy":"product_cat","embeddable":true,"href":"https:\/\/liquidmaster.pl\/en\/wp-json\/wp\/v2\/product_cat?post=1905504"},{"taxonomy":"product_tag","embeddable":true,"href":"https:\/\/liquidmaster.pl\/en\/wp-json\/wp\/v2\/product_tag?post=1905504"}],"curies":[{"name":"wp","href":"https:\/\/api.w.org\/{rel}","templated":true}]}}