{"id":1905500,"date":"2025-07-12T10:44:09","date_gmt":"2025-07-12T08:44:09","guid":{"rendered":"https:\/\/liquidmaster.pl\/flexipads-dysk-polerski-denim-150mm\/"},"modified":"2026-04-15T01:31:33","modified_gmt":"2026-04-14T23:31:33","slug":"flexipads-dysk-polerski-denim-150mm","status":"publish","type":"product","link":"https:\/\/liquidmaster.pl\/en\/flexipads-dysk-polerski-denim-150mm\/","title":{"rendered":"Flexipads Dysk Polerski DENIM 150mm"},"content":{"rendered":"<ul>\n<li>aggressive Velcro polishing pad, an innovative product from specialists in the detailing industry<\/li>\n<li>Made of denim, it is ideal for removing the so-called &quot;orange peel&quot; and regenerating deep paint damage without the need to use sandpaper, which leaves behind difficult-to-remove marks from the abrasive grain.<\/li>\n<li>equivalent to P 2000 grit sandpaper<\/li>\n<li>pads can be used with polishing agents<\/li>\n<\/ul>","protected":false},"excerpt":{"rendered":"<p>agresywny pad polerski na rzep,\u00a0innowacyjny produkt specjalist\u00f3w zwi\u0105zanych z bran\u017c\u0105 detailingu wykonany z jeansu dzi\u0119ki czemu jest idealny do \u015bci\u0105gania tzw. \u201cpomara\u0144czowej sk\u00f3rki\u201d i regeneracji g\u0142\u0119bokich uszkodze\u0144 lakieru bez potrzeby stosowania papieru \u015bciernego, kt\u00f3ry pozostawia po sobie trudne do usuni\u0119cia \u015blady po ziarnie \u015bciernym odpowiednik papieru \u015bciernego o granulacji P 2000 pady mo\u017cna stosowa\u0107 z&hellip;&nbsp;<a href=\"https:\/\/liquidmaster.pl\/en\/flexipads-dysk-polerski-denim-150mm\/\" rel=\"bookmark\">Read More \u00bb<span class=\"screen-reader-text\">Flexipads Dysk Polerski DENIM 150mm<\/span><\/a><\/p>","protected":false},"featured_media":1848440,"comment_status":"open","ping_status":"open","template":"","meta":{"neve_meta_sidebar":"","neve_meta_container":"","neve_meta_enable_content_width":"","neve_meta_content_width":0,"neve_meta_title_alignment":"","neve_meta_author_avatar":"","neve_post_elements_order":"","neve_meta_disable_header":"","neve_meta_disable_footer":"","neve_meta_disable_title":"","_themeisle_gutenberg_block_has_review":false},"product_brand":[],"product_cat":[840,822,748],"product_tag":[293],"class_list":{"0":"post-1905500","1":"product","2":"type-product","3":"status-publish","4":"has-post-thumbnail","6":"product_cat-futra-polerskie","7":"product_cat-pady-polerskie","8":"product_cat-polerowanie","9":"product_tag-flexipads","11":"first","12":"outofstock","13":"taxable","14":"shipping-taxable","15":"purchasable","16":"product-type-simple"},"_links":{"self":[{"href":"https:\/\/liquidmaster.pl\/en\/wp-json\/wp\/v2\/product\/1905500","targetHints":{"allow":["GET"]}}],"collection":[{"href":"https:\/\/liquidmaster.pl\/en\/wp-json\/wp\/v2\/product"}],"about":[{"href":"https:\/\/liquidmaster.pl\/en\/wp-json\/wp\/v2\/types\/product"}],"replies":[{"embeddable":true,"href":"https:\/\/liquidmaster.pl\/en\/wp-json\/wp\/v2\/comments?post=1905500"}],"wp:featuredmedia":[{"embeddable":true,"href":"https:\/\/liquidmaster.pl\/en\/wp-json\/wp\/v2\/media\/1848440"}],"wp:attachment":[{"href":"https:\/\/liquidmaster.pl\/en\/wp-json\/wp\/v2\/media?parent=1905500"}],"wp:term":[{"taxonomy":"product_brand","embeddable":true,"href":"https:\/\/liquidmaster.pl\/en\/wp-json\/wp\/v2\/product_brand?post=1905500"},{"taxonomy":"product_cat","embeddable":true,"href":"https:\/\/liquidmaster.pl\/en\/wp-json\/wp\/v2\/product_cat?post=1905500"},{"taxonomy":"product_tag","embeddable":true,"href":"https:\/\/liquidmaster.pl\/en\/wp-json\/wp\/v2\/product_tag?post=1905500"}],"curies":[{"name":"wp","href":"https:\/\/api.w.org\/{rel}","templated":true}]}}