{"id":1905492,"date":"2025-07-12T10:40:07","date_gmt":"2025-07-12T08:40:07","guid":{"rendered":"https:\/\/liquidmaster.pl\/detailing-house-butelka-250ml-pet-z-triggerem\/"},"modified":"2026-04-21T08:24:00","modified_gmt":"2026-04-21T06:24:00","slug":"detailing-house-butelka-250ml-pet-z-triggerem","status":"publish","type":"product","link":"https:\/\/liquidmaster.pl\/en\/detailing-house-butelka-250ml-pet-z-triggerem\/","title":{"rendered":"Detailing House 250ml PET bottle with trigger"},"content":{"rendered":"<p>A high-quality PET bottle equipped with a professional mini trigger and sprayer. It&#039;s the perfect tool for applying car care products, such as cleaning fluids and other car detailing products. Made of durable and resistant PET, it guarantees long-lasting use without the risk of damage.<\/p>\n<p>Capacity: 250 ml<\/p>","protected":false},"excerpt":{"rendered":"<p>Wysokiej jako\u015bci butelka z tworzywa PET, wyposa\u017cona w profesjonalny mini trigger, rozpylacz. To idealne narz\u0119dzie do aplikacji kosmetyk\u00f3w samochodowych, takich jak p\u0142yny czyszcz\u0105ce oraz inne preparaty do auto detailingu. Wykonana z wytrzyma\u0142ego i odpornego tworzywa PET, co gwarantuje d\u0142ugotrwa\u0142e u\u017cytkowanie bez obawy o uszkodzenia. Pojemno\u015b\u0107: 250 ml<\/p>","protected":false},"featured_media":1848425,"comment_status":"open","ping_status":"open","template":"","meta":{"neve_meta_sidebar":"","neve_meta_container":"","neve_meta_enable_content_width":"","neve_meta_content_width":0,"neve_meta_title_alignment":"","neve_meta_author_avatar":"","neve_post_elements_order":"","neve_meta_disable_header":"","neve_meta_disable_footer":"","neve_meta_disable_title":"","_themeisle_gutenberg_block_has_review":false},"product_brand":[],"product_cat":[757,811],"product_tag":[286],"class_list":{"0":"post-1905492","1":"product","2":"type-product","3":"status-publish","4":"has-post-thumbnail","6":"product_cat-akcesoria","7":"product_cat-pozostale-akcesoria","8":"product_tag-detailing-house","10":"first","11":"instock","12":"taxable","13":"shipping-taxable","14":"purchasable","15":"product-type-simple"},"_links":{"self":[{"href":"https:\/\/liquidmaster.pl\/en\/wp-json\/wp\/v2\/product\/1905492","targetHints":{"allow":["GET"]}}],"collection":[{"href":"https:\/\/liquidmaster.pl\/en\/wp-json\/wp\/v2\/product"}],"about":[{"href":"https:\/\/liquidmaster.pl\/en\/wp-json\/wp\/v2\/types\/product"}],"replies":[{"embeddable":true,"href":"https:\/\/liquidmaster.pl\/en\/wp-json\/wp\/v2\/comments?post=1905492"}],"wp:featuredmedia":[{"embeddable":true,"href":"https:\/\/liquidmaster.pl\/en\/wp-json\/wp\/v2\/media\/1848425"}],"wp:attachment":[{"href":"https:\/\/liquidmaster.pl\/en\/wp-json\/wp\/v2\/media?parent=1905492"}],"wp:term":[{"taxonomy":"product_brand","embeddable":true,"href":"https:\/\/liquidmaster.pl\/en\/wp-json\/wp\/v2\/product_brand?post=1905492"},{"taxonomy":"product_cat","embeddable":true,"href":"https:\/\/liquidmaster.pl\/en\/wp-json\/wp\/v2\/product_cat?post=1905492"},{"taxonomy":"product_tag","embeddable":true,"href":"https:\/\/liquidmaster.pl\/en\/wp-json\/wp\/v2\/product_tag?post=1905492"}],"curies":[{"name":"wp","href":"https:\/\/api.w.org\/{rel}","templated":true}]}}