{"id":1905489,"date":"2025-07-12T10:38:54","date_gmt":"2025-07-12T08:38:54","guid":{"rendered":"https:\/\/liquidmaster.pl\/cleantle-interior-dressing%c2%b2-500ml\/"},"modified":"2026-04-18T04:42:13","modified_gmt":"2026-04-18T02:42:13","slug":"cleantle-interior-dressing%c2%b2-500ml","status":"publish","type":"product","link":"https:\/\/liquidmaster.pl\/en\/cleantle-interior-dressing-500ml\/","title":{"rendered":"Cleantle Interior Dressing\u00b2 500ml"},"content":{"rendered":"<\/p>\n<p>Interior Dressing\u00b2 to produkt do zabezpieczania i piel\u0119gnacji wn\u0119trza auta: ekosk\u00f3ry, gumy i element\u00f3w plastikowych. Nowa formu\u0142a produktu mocno przyciemnia i od\u015bwie\u017ca kolor (lub przywraca czarny kolor) zaaplikowanych powierzchni.<\/p>\n<p>Interior Dressing\u00b2 maskuje mikrorysy i chroni przed szkodliwym dzia\u0142aniem promieniowania UV. Tworzy antystatyczn\u0105 pow\u0142ok\u0119 i posiada lekkie w\u0142a\u015bciwo\u015bci czyszcz\u0105ce.<\/p>\n<ul>\n<li>mocno przyciemnia i od\u017cywia kolor<\/li>\n<li>wyko\u0144czenie b\u0142yszcz\u0105ce, satynowe lub matowe<\/li>\n<li>maskuje mikrorysy<\/li>\n<li>zawiera filtr UV, kt\u00f3rych chroni przed blakni\u0119ciem element\u00f3w<\/li>\n<li>pozostawia antystatyczn\u0105 pow\u0142ok\u0119, dzi\u0119ki kt\u00f3rej mniej kurzu osiada na wn\u0119trzu auta<\/li>\n<li>easily biodegradable<\/li>\n<li>brak piktogram\u00f3w \u2013 nie podlega pod CLP<\/li>\n<\/ul>\n<p>Smell: Soapy<\/p>","protected":false},"excerpt":{"rendered":"<p>Interior Dressing\u00b2 to produkt do zabezpieczania i piel\u0119gnacji wn\u0119trza auta: ekosk\u00f3ry, gumy i element\u00f3w plastikowych. Nowa formu\u0142a produktu mocno przyciemnia i od\u015bwie\u017ca kolor (lub przywraca czarny kolor) zaaplikowanych powierzchni. Interior Dressing\u00b2 maskuje mikrorysy i chroni przed szkodliwym dzia\u0142aniem promieniowania UV. Tworzy antystatyczn\u0105 pow\u0142ok\u0119 i posiada lekkie w\u0142a\u015bciwo\u015bci czyszcz\u0105ce. mocno przyciemnia i od\u017cywia kolor wyko\u0144czenie b\u0142yszcz\u0105ce,&hellip;&nbsp;<a href=\"https:\/\/liquidmaster.pl\/en\/cleantle-interior-dressing-500ml\/\" rel=\"bookmark\">Read More \u00bb<span class=\"screen-reader-text\">Cleantle Interior Dressing\u00b2 500ml<\/span><\/a><\/p>","protected":false},"featured_media":1905491,"comment_status":"open","ping_status":"open","template":"","meta":{"neve_meta_sidebar":"","neve_meta_container":"","neve_meta_enable_content_width":"","neve_meta_content_width":0,"neve_meta_title_alignment":"","neve_meta_author_avatar":"","neve_post_elements_order":"","neve_meta_disable_header":"","neve_meta_disable_footer":"","neve_meta_disable_title":"","_themeisle_gutenberg_block_has_review":false},"product_brand":[],"product_cat":[796,795,768],"product_tag":[280],"class_list":{"0":"post-1905489","1":"product","2":"type-product","3":"status-publish","4":"has-post-thumbnail","6":"product_cat-ochrona-plastikow-wewnetrznych","7":"product_cat-plastiki-wewnetrzne","8":"product_cat-wnetrze-auta","9":"product_tag-cleantech-cleantle","10":"pa_promocja-promocje","12":"first","13":"instock","14":"taxable","15":"shipping-taxable","16":"purchasable","17":"product-type-simple"},"_links":{"self":[{"href":"https:\/\/liquidmaster.pl\/en\/wp-json\/wp\/v2\/product\/1905489","targetHints":{"allow":["GET"]}}],"collection":[{"href":"https:\/\/liquidmaster.pl\/en\/wp-json\/wp\/v2\/product"}],"about":[{"href":"https:\/\/liquidmaster.pl\/en\/wp-json\/wp\/v2\/types\/product"}],"replies":[{"embeddable":true,"href":"https:\/\/liquidmaster.pl\/en\/wp-json\/wp\/v2\/comments?post=1905489"}],"wp:featuredmedia":[{"embeddable":true,"href":"https:\/\/liquidmaster.pl\/en\/wp-json\/wp\/v2\/media\/1905491"}],"wp:attachment":[{"href":"https:\/\/liquidmaster.pl\/en\/wp-json\/wp\/v2\/media?parent=1905489"}],"wp:term":[{"taxonomy":"product_brand","embeddable":true,"href":"https:\/\/liquidmaster.pl\/en\/wp-json\/wp\/v2\/product_brand?post=1905489"},{"taxonomy":"product_cat","embeddable":true,"href":"https:\/\/liquidmaster.pl\/en\/wp-json\/wp\/v2\/product_cat?post=1905489"},{"taxonomy":"product_tag","embeddable":true,"href":"https:\/\/liquidmaster.pl\/en\/wp-json\/wp\/v2\/product_tag?post=1905489"}],"curies":[{"name":"wp","href":"https:\/\/api.w.org\/{rel}","templated":true}]}}