{"id":1905483,"date":"2025-07-12T10:36:54","date_gmt":"2025-07-12T08:36:54","guid":{"rendered":"https:\/\/liquidmaster.pl\/benbow-000041-classic-dg10-pistolet-pneumatyczny-do-przedmuchiwania\/"},"modified":"2026-04-20T08:22:35","modified_gmt":"2026-04-20T06:22:35","slug":"benbow-000041-classic-dg10-pistolet-pneumatyczny-do-przedmuchiwania","status":"publish","type":"product","link":"https:\/\/liquidmaster.pl\/en\/benbow-000041-classic-dg10-pistolet-pneumatyczny-do-przedmuchiwania\/","title":{"rendered":"Benbow 000041 Classic \u2013 DG10 Air Blow Gun"},"content":{"rendered":"<p>Benbow DG10 blowing gun.<\/p>\n<ul>\n<li>2 nozzles of different lengths to remove dust and droplets<\/li>\n<li>Suitable for drying paintwork and all recesses around headlights.<\/li>\n<li>High quality workmanship of Benbow<\/li>\n<\/ul>\n<p>Set:<\/p>\n<ul>\n<li>DG-10 air pistol<\/li>\n<li>80 mm nozzle<\/li>\n<li>140 mm nozzle<\/li>\n<\/ul>","protected":false},"excerpt":{"rendered":"<p>Pistolet Benbow DG10 do wydmuchiwania. 2 dysze o r\u00f3\u017cnej d\u0142ugo\u015bci do usuwania kurzu i kropel Nadaje si\u0119 do osuszenia lakieru i wszystkich wn\u0119k wok\u00f3\u0142 reflektor\u00f3w Wysoka jako\u015b\u0107 wykonania Benbow Zestaw: Pistolet pneumatyczny DG-10 Dysza 80 mm Dysza 140 mm<\/p>","protected":false},"featured_media":1905485,"comment_status":"open","ping_status":"open","template":"","meta":{"neve_meta_sidebar":"","neve_meta_container":"","neve_meta_enable_content_width":"","neve_meta_content_width":0,"neve_meta_title_alignment":"","neve_meta_author_avatar":"","neve_post_elements_order":"","neve_meta_disable_header":"","neve_meta_disable_footer":"","neve_meta_disable_title":"","_themeisle_gutenberg_block_has_review":false},"product_brand":[],"product_cat":[757,942,846],"product_tag":[268],"class_list":{"0":"post-1905483","1":"product","2":"type-product","3":"status-publish","4":"has-post-thumbnail","6":"product_cat-akcesoria","7":"product_cat-pneumatyczne-pistolety-czyszczace","8":"product_cat-reszta","9":"product_tag-benbow","11":"first","12":"outofstock","13":"taxable","14":"shipping-taxable","15":"purchasable","16":"product-type-simple"},"_links":{"self":[{"href":"https:\/\/liquidmaster.pl\/en\/wp-json\/wp\/v2\/product\/1905483","targetHints":{"allow":["GET"]}}],"collection":[{"href":"https:\/\/liquidmaster.pl\/en\/wp-json\/wp\/v2\/product"}],"about":[{"href":"https:\/\/liquidmaster.pl\/en\/wp-json\/wp\/v2\/types\/product"}],"replies":[{"embeddable":true,"href":"https:\/\/liquidmaster.pl\/en\/wp-json\/wp\/v2\/comments?post=1905483"}],"wp:featuredmedia":[{"embeddable":true,"href":"https:\/\/liquidmaster.pl\/en\/wp-json\/wp\/v2\/media\/1905485"}],"wp:attachment":[{"href":"https:\/\/liquidmaster.pl\/en\/wp-json\/wp\/v2\/media?parent=1905483"}],"wp:term":[{"taxonomy":"product_brand","embeddable":true,"href":"https:\/\/liquidmaster.pl\/en\/wp-json\/wp\/v2\/product_brand?post=1905483"},{"taxonomy":"product_cat","embeddable":true,"href":"https:\/\/liquidmaster.pl\/en\/wp-json\/wp\/v2\/product_cat?post=1905483"},{"taxonomy":"product_tag","embeddable":true,"href":"https:\/\/liquidmaster.pl\/en\/wp-json\/wp\/v2\/product_tag?post=1905483"}],"curies":[{"name":"wp","href":"https:\/\/api.w.org\/{rel}","templated":true}]}}