{"id":1905480,"date":"2025-07-12T10:36:06","date_gmt":"2025-07-12T08:36:06","guid":{"rendered":"https:\/\/liquidmaster.pl\/benbow-classic-000013-yellow-pianownica-pneumatyczna\/"},"modified":"2026-04-19T03:29:45","modified_gmt":"2026-04-19T01:29:45","slug":"benbow-classic-000013-yellow-pianownica-pneumatyczna","status":"publish","type":"product","link":"https:\/\/liquidmaster.pl\/en\/benbow-classic-000013-yellow-pianownica-pneumatyczna\/","title":{"rendered":"BenBow Classic 000013 Yellow \u2013 pneumatic foam gun"},"content":{"rendered":"<p data-end=\"89\" data-start=\"44\">Pistolet piankowy BenBow Classic &#8211; 000013<\/p>\n<p data-end=\"516\" data-start=\"91\">Pistolet BenBow Classic zamienia detergent w aktywn\u0105 pian\u0119, idealn\u0105 do piel\u0119gnacji lakieru Twojego auta. Dzi\u0119ki temu \u015brodek czyszcz\u0105cy ma d\u0142u\u017cszy czas reakcji z zabrudzeniami, skutecznie je rozpuszczaj\u0105c. Dysza generuje g\u0119st\u0105, such\u0105 pian\u0119, kt\u00f3ra przez d\u0142u\u017cszy czas pozostaje na czyszczonej powierzchni. Wystarczy sp\u0142uka\u0107 wod\u0105, a lakier b\u0119dzie dok\u0142adnie oczyszczony. Tego typu czyszczenie jest wyj\u0105tkowo delikatne dla lakieru.<\/p>\n<p data-end=\"860\" data-start=\"518\">Wersja Classic stanowi alternatyw\u0119 dla pistoletu BenBow Premium. Tworzy nieco g\u0119stsz\u0105 i ci\u0119\u017csz\u0105 pian\u0119, co skutkuje kr\u00f3tszym czasem dzia\u0142ania. Polecamy ten produkt ze wzgl\u0119du na doskona\u0142y stosunek jako\u015bci do ceny. Pistolet do piany BenBow Premium wymaga pod\u0142\u0105czenia do spr\u0119\u017carki, ale jest bardzo \u0142atwy w obs\u0142udze, idealny do u\u017cytku prywatnego.<\/p>","protected":false},"excerpt":{"rendered":"<p>Pistolet piankowy BenBow Classic &#8211; 000013 Pistolet BenBow Classic zamienia detergent w aktywn\u0105 pian\u0119, idealn\u0105 do piel\u0119gnacji lakieru Twojego auta. Dzi\u0119ki temu \u015brodek czyszcz\u0105cy ma d\u0142u\u017cszy czas reakcji z zabrudzeniami, skutecznie je rozpuszczaj\u0105c. Dysza generuje g\u0119st\u0105, such\u0105 pian\u0119, kt\u00f3ra przez d\u0142u\u017cszy czas pozostaje na czyszczonej powierzchni. Wystarczy sp\u0142uka\u0107 wod\u0105, a lakier b\u0119dzie dok\u0142adnie oczyszczony. Tego&hellip;&nbsp;<a href=\"https:\/\/liquidmaster.pl\/en\/benbow-classic-000013-yellow-pianownica-pneumatyczna\/\" rel=\"bookmark\">Read More \u00bb<span class=\"screen-reader-text\">BenBow Classic 000013 Yellow \u2013 pneumatic foam gun<\/span><\/a><\/p>","protected":false},"featured_media":1905482,"comment_status":"open","ping_status":"open","template":"","meta":{"neve_meta_sidebar":"","neve_meta_container":"","neve_meta_enable_content_width":"","neve_meta_content_width":0,"neve_meta_title_alignment":"","neve_meta_author_avatar":"","neve_post_elements_order":"","neve_meta_disable_header":"","neve_meta_disable_footer":"","neve_meta_disable_title":"","_themeisle_gutenberg_block_has_review":false},"product_brand":[],"product_cat":[757,942,846],"product_tag":[268],"class_list":{"0":"post-1905480","1":"product","2":"type-product","3":"status-publish","4":"has-post-thumbnail","6":"product_cat-akcesoria","7":"product_cat-pneumatyczne-pistolety-czyszczace","8":"product_cat-reszta","9":"product_tag-benbow","11":"first","12":"instock","13":"taxable","14":"shipping-taxable","15":"purchasable","16":"product-type-simple"},"_links":{"self":[{"href":"https:\/\/liquidmaster.pl\/en\/wp-json\/wp\/v2\/product\/1905480","targetHints":{"allow":["GET"]}}],"collection":[{"href":"https:\/\/liquidmaster.pl\/en\/wp-json\/wp\/v2\/product"}],"about":[{"href":"https:\/\/liquidmaster.pl\/en\/wp-json\/wp\/v2\/types\/product"}],"replies":[{"embeddable":true,"href":"https:\/\/liquidmaster.pl\/en\/wp-json\/wp\/v2\/comments?post=1905480"}],"wp:featuredmedia":[{"embeddable":true,"href":"https:\/\/liquidmaster.pl\/en\/wp-json\/wp\/v2\/media\/1905482"}],"wp:attachment":[{"href":"https:\/\/liquidmaster.pl\/en\/wp-json\/wp\/v2\/media?parent=1905480"}],"wp:term":[{"taxonomy":"product_brand","embeddable":true,"href":"https:\/\/liquidmaster.pl\/en\/wp-json\/wp\/v2\/product_brand?post=1905480"},{"taxonomy":"product_cat","embeddable":true,"href":"https:\/\/liquidmaster.pl\/en\/wp-json\/wp\/v2\/product_cat?post=1905480"},{"taxonomy":"product_tag","embeddable":true,"href":"https:\/\/liquidmaster.pl\/en\/wp-json\/wp\/v2\/product_tag?post=1905480"}],"curies":[{"name":"wp","href":"https:\/\/api.w.org\/{rel}","templated":true}]}}