{"id":1905477,"date":"2025-07-12T10:34:50","date_gmt":"2025-07-12T08:34:50","guid":{"rendered":"https:\/\/liquidmaster.pl\/adbl-leather-mist-200ml\/"},"modified":"2026-04-21T08:23:57","modified_gmt":"2026-04-21T06:23:57","slug":"adbl-leather-mist-200ml","status":"publish","type":"product","link":"https:\/\/liquidmaster.pl\/en\/adbl-leather-mist-200ml\/","title":{"rendered":"ADBL Leather Mist 200ml"},"content":{"rendered":"<p>Od\u015bwie\u017cacz o zapachu sk\u00f3ry zaprojektowany do wn\u0119trz samochodowych. Efektywnie poprawia nastr\u00f3j i\u00a0samopoczucie. Mo\u017cna go rozpyla\u0107 na dywaniki, tapicerk\u0119 materia\u0142ow\u0105 oraz pod siedzeniami. Idealny do samochodu, jak r\u00f3wnie\u017c do domu czy biura.<\/p>","protected":false},"excerpt":{"rendered":"<p>Od\u015bwie\u017cacz o zapachu sk\u00f3ry zaprojektowany do wn\u0119trz samochodowych. Efektywnie poprawia nastr\u00f3j i\u00a0samopoczucie. Mo\u017cna go rozpyla\u0107 na dywaniki, tapicerk\u0119 materia\u0142ow\u0105 oraz pod siedzeniami. Idealny do samochodu, jak r\u00f3wnie\u017c do domu czy biura.<\/p>","protected":false},"featured_media":1905479,"comment_status":"open","ping_status":"open","template":"","meta":{"neve_meta_sidebar":"","neve_meta_container":"","neve_meta_enable_content_width":"","neve_meta_content_width":0,"neve_meta_title_alignment":"","neve_meta_author_avatar":"","neve_post_elements_order":"","neve_meta_disable_header":"","neve_meta_disable_footer":"","neve_meta_disable_title":"","_themeisle_gutenberg_block_has_review":false},"product_brand":[],"product_cat":[801,802,768],"product_tag":[258],"class_list":{"0":"post-1905477","1":"product","2":"type-product","3":"status-publish","4":"has-post-thumbnail","6":"product_cat-odswiezacze-powietrza","7":"product_cat-perfumy-i-spraye","8":"product_cat-wnetrze-auta","9":"product_tag-adbl","11":"first","12":"instock","13":"taxable","14":"shipping-taxable","15":"purchasable","16":"product-type-simple"},"_links":{"self":[{"href":"https:\/\/liquidmaster.pl\/en\/wp-json\/wp\/v2\/product\/1905477","targetHints":{"allow":["GET"]}}],"collection":[{"href":"https:\/\/liquidmaster.pl\/en\/wp-json\/wp\/v2\/product"}],"about":[{"href":"https:\/\/liquidmaster.pl\/en\/wp-json\/wp\/v2\/types\/product"}],"replies":[{"embeddable":true,"href":"https:\/\/liquidmaster.pl\/en\/wp-json\/wp\/v2\/comments?post=1905477"}],"wp:featuredmedia":[{"embeddable":true,"href":"https:\/\/liquidmaster.pl\/en\/wp-json\/wp\/v2\/media\/1905479"}],"wp:attachment":[{"href":"https:\/\/liquidmaster.pl\/en\/wp-json\/wp\/v2\/media?parent=1905477"}],"wp:term":[{"taxonomy":"product_brand","embeddable":true,"href":"https:\/\/liquidmaster.pl\/en\/wp-json\/wp\/v2\/product_brand?post=1905477"},{"taxonomy":"product_cat","embeddable":true,"href":"https:\/\/liquidmaster.pl\/en\/wp-json\/wp\/v2\/product_cat?post=1905477"},{"taxonomy":"product_tag","embeddable":true,"href":"https:\/\/liquidmaster.pl\/en\/wp-json\/wp\/v2\/product_tag?post=1905477"}],"curies":[{"name":"wp","href":"https:\/\/api.w.org\/{rel}","templated":true}]}}