{"id":1905465,"date":"2025-07-12T10:28:54","date_gmt":"2025-07-12T08:28:54","guid":{"rendered":"https:\/\/liquidmaster.pl\/seven-keep-things-clean-black-m-koszulka-z-logo\/"},"modified":"2026-04-18T04:42:09","modified_gmt":"2026-04-18T02:42:09","slug":"seven-keep-things-clean-black-m-koszulka-z-logo","status":"publish","type":"product","link":"https:\/\/liquidmaster.pl\/en\/seven-keep-things-clean-black-m-koszulka-z-logo\/","title":{"rendered":"Seven Keep Things Clean Black M \u2013 logo t-shirt"},"content":{"rendered":"<p>Koszulka SEVEN z logiem KEEP THINGS CLEAN. Wykonana w 100 % z bawe\u0142ny.<\/p>\n<p>Wymiary (rozm. M):<\/p>\n<li>Obw\u00f3d klatki piersiowej \u2013 62 cm<\/li>\n<li>D\u0142ugo\u015b\u0107 mierzona przez \u015brodek ty\u0142u (bez st\u00f3jki) \u2013 71 cm<\/li>\n<li>D\u0142ugo\u015b\u0107 r\u0119kawa \u2013 21,5 cm<\/li>\n<p>Rozmiar\u00f3wka jest zawy\u017cona \u2013 zalecamy wyb\u00f3r mniejszego rozmiaru (oversize).<\/p>\n<ul>\n<li>100 % bawe\u0142na.<\/li>\n<li>Zaleca si\u0119 pranie w 30 stopniach.<\/li>\n<li>Wyprodukowano w Polsce.<\/li>\n<\/ul>","protected":false},"excerpt":{"rendered":"<p>Koszulka SEVEN z logiem KEEP THINGS CLEAN. Wykonana w 100 % z bawe\u0142ny. Wymiary (rozm. M): Obw\u00f3d klatki piersiowej \u2013 62 cm D\u0142ugo\u015b\u0107 mierzona przez \u015brodek ty\u0142u (bez st\u00f3jki) \u2013 71 cm D\u0142ugo\u015b\u0107 r\u0119kawa \u2013 21,5 cm Rozmiar\u00f3wka jest zawy\u017cona \u2013 zalecamy wyb\u00f3r mniejszego rozmiaru (oversize). 100 % bawe\u0142na. Zaleca si\u0119 pranie w 30 stopniach.&hellip;&nbsp;<a href=\"https:\/\/liquidmaster.pl\/en\/seven-keep-things-clean-black-m-koszulka-z-logo\/\" rel=\"bookmark\">Read More \u00bb<span class=\"screen-reader-text\">Seven Keep Things Clean Black M \u2013 logo t-shirt<\/span><\/a><\/p>","protected":false},"featured_media":1848384,"comment_status":"open","ping_status":"open","template":"","meta":{"neve_meta_sidebar":"","neve_meta_container":"","neve_meta_enable_content_width":"","neve_meta_content_width":0,"neve_meta_title_alignment":"","neve_meta_author_avatar":"","neve_post_elements_order":"","neve_meta_disable_header":"","neve_meta_disable_footer":"","neve_meta_disable_title":"","_themeisle_gutenberg_block_has_review":false},"product_brand":[],"product_cat":[757,862,811],"product_tag":[1105],"class_list":{"0":"post-1905465","1":"product","2":"type-product","3":"status-publish","4":"has-post-thumbnail","6":"product_cat-akcesoria","7":"product_cat-gadzety","8":"product_cat-pozostale-akcesoria","9":"product_tag-seven-by-han-budda","10":"pa_promocja-promocje","12":"first","13":"outofstock","14":"sale","15":"taxable","16":"shipping-taxable","17":"purchasable","18":"product-type-simple"},"_links":{"self":[{"href":"https:\/\/liquidmaster.pl\/en\/wp-json\/wp\/v2\/product\/1905465","targetHints":{"allow":["GET"]}}],"collection":[{"href":"https:\/\/liquidmaster.pl\/en\/wp-json\/wp\/v2\/product"}],"about":[{"href":"https:\/\/liquidmaster.pl\/en\/wp-json\/wp\/v2\/types\/product"}],"replies":[{"embeddable":true,"href":"https:\/\/liquidmaster.pl\/en\/wp-json\/wp\/v2\/comments?post=1905465"}],"wp:featuredmedia":[{"embeddable":true,"href":"https:\/\/liquidmaster.pl\/en\/wp-json\/wp\/v2\/media\/1848384"}],"wp:attachment":[{"href":"https:\/\/liquidmaster.pl\/en\/wp-json\/wp\/v2\/media?parent=1905465"}],"wp:term":[{"taxonomy":"product_brand","embeddable":true,"href":"https:\/\/liquidmaster.pl\/en\/wp-json\/wp\/v2\/product_brand?post=1905465"},{"taxonomy":"product_cat","embeddable":true,"href":"https:\/\/liquidmaster.pl\/en\/wp-json\/wp\/v2\/product_cat?post=1905465"},{"taxonomy":"product_tag","embeddable":true,"href":"https:\/\/liquidmaster.pl\/en\/wp-json\/wp\/v2\/product_tag?post=1905465"}],"curies":[{"name":"wp","href":"https:\/\/api.w.org\/{rel}","templated":true}]}}