{"id":1905459,"date":"2025-07-12T05:58:52","date_gmt":"2025-07-12T03:58:52","guid":{"rendered":"https:\/\/liquidmaster.pl\/proxxon-pr23800-zestaw-kluczy-plaskich-8-czesci\/"},"modified":"2026-04-20T08:20:05","modified_gmt":"2026-04-20T06:20:05","slug":"proxxon-pr23800-zestaw-kluczy-plaskich-8-czesci","status":"publish","type":"product","link":"https:\/\/liquidmaster.pl\/en\/proxxon-pr23800-zestaw-kluczy-plaskich-8-czesci\/","title":{"rendered":"Proxxon PR23800 Zestaw Kluczy P\u0142askich 8 Cz\u0119\u015bci"},"content":{"rendered":"<p>Why is it worth choosing PROXXON products?<\/p>\n<ul>\n<li>Proxxon, based in Germany, is a leading manufacturer of premium wrenches and professional micropower tools. This experienced company&#039;s offerings include high-quality lathes, jigsaws, drilling and milling machines, and micromilling machines.<\/li>\n<li>Proxxon&#039;s technologically advanced tools are used in mechanics, electronics, prosthetics, and jewelry. They are valued by professionals, modelers, and home DIY enthusiasts alike.<\/li>\n<\/ul>\n<p>Product description:<\/p>\n<ul>\n<li>Zestaw profesjonalnych kluczy p\u0142askich PROXXON SlimLine. Wykonany zgodnie z nor mmi DIN 3110 oraz ISO 3318.<\/li>\n<li>Rozmiary: 6 x 7, 8 x 9, 10 x 11, 12 x 13, 14 x 15, 16 x 17, 18 x 19 oraz 20 x 22 mm.<\/li>\n<li>PROXXON SlimLine, to idealne klucze dla ka\u017cdego warsztatu.<\/li>\n<li>Wykonane ze stali CrV, precyzyjne (bez ostrych kraw\u0119dzi i kant\u00f3w), hartowane i wci\u0105\u017c ulepszane. Z czytelnym oznaczeniem ka\u017cdego klucza.<\/li>\n<li>Optymalne zabezpieczenie przeciw korozji (2x nikowane, 1x chromowane)<\/li>\n<li>Klucz jest oddzielnie sprawdzany<\/li>\n<\/ul>\n<p>\u00a0<\/p>","protected":false},"excerpt":{"rendered":"<p>Dlaczego warto wybra\u0107 produkty marki PROXXON? Wywodz\u0105cy si\u0119 z Niemiec Proxxon to czo\u0142owy producent doskona\u0142ych kluczy i profesjonalnych mikroelektronarz\u0119dzi. W ofercie do\u015bwiadczonej firmy znajduj\u0105 si\u0119 m.in. wysokiej jako\u015bci tokarki, wyrzynarki, wiertarko-frezarki czy micro frezarki. Zaawansowane technologicznie narz\u0119dzia Proxxon znajduj\u0105 zastosowanie w mechanice, elektronice, protetyce czy jubilerstwie. Ceni\u0105 je tak profesjonali\u015bci, jak i modelarze czy pracuj\u0105cy&hellip;&nbsp;<a href=\"https:\/\/liquidmaster.pl\/en\/proxxon-pr23800-zestaw-kluczy-plaskich-8-czesci\/\" rel=\"bookmark\">Read More \u00bb<span class=\"screen-reader-text\">Proxxon PR23800 Zestaw Kluczy P\u0142askich 8 Cz\u0119\u015bci<\/span><\/a><\/p>","protected":false},"featured_media":1905461,"comment_status":"open","ping_status":"open","template":"","meta":{"neve_meta_sidebar":"","neve_meta_container":"","neve_meta_enable_content_width":"","neve_meta_content_width":0,"neve_meta_title_alignment":"","neve_meta_author_avatar":"","neve_post_elements_order":"","neve_meta_disable_header":"","neve_meta_disable_footer":"","neve_meta_disable_title":"","_themeisle_gutenberg_block_has_review":false},"product_brand":[],"product_cat":[757,908,846],"product_tag":[],"class_list":{"0":"post-1905459","1":"product","2":"type-product","3":"status-publish","4":"has-post-thumbnail","6":"product_cat-akcesoria","7":"product_cat-narzedzia","8":"product_cat-reszta","10":"first","11":"outofstock","12":"taxable","13":"shipping-taxable","14":"purchasable","15":"product-type-simple"},"_links":{"self":[{"href":"https:\/\/liquidmaster.pl\/en\/wp-json\/wp\/v2\/product\/1905459","targetHints":{"allow":["GET"]}}],"collection":[{"href":"https:\/\/liquidmaster.pl\/en\/wp-json\/wp\/v2\/product"}],"about":[{"href":"https:\/\/liquidmaster.pl\/en\/wp-json\/wp\/v2\/types\/product"}],"replies":[{"embeddable":true,"href":"https:\/\/liquidmaster.pl\/en\/wp-json\/wp\/v2\/comments?post=1905459"}],"wp:featuredmedia":[{"embeddable":true,"href":"https:\/\/liquidmaster.pl\/en\/wp-json\/wp\/v2\/media\/1905461"}],"wp:attachment":[{"href":"https:\/\/liquidmaster.pl\/en\/wp-json\/wp\/v2\/media?parent=1905459"}],"wp:term":[{"taxonomy":"product_brand","embeddable":true,"href":"https:\/\/liquidmaster.pl\/en\/wp-json\/wp\/v2\/product_brand?post=1905459"},{"taxonomy":"product_cat","embeddable":true,"href":"https:\/\/liquidmaster.pl\/en\/wp-json\/wp\/v2\/product_cat?post=1905459"},{"taxonomy":"product_tag","embeddable":true,"href":"https:\/\/liquidmaster.pl\/en\/wp-json\/wp\/v2\/product_tag?post=1905459"}],"curies":[{"name":"wp","href":"https:\/\/api.w.org\/{rel}","templated":true}]}}