{"id":1905068,"date":"2025-07-10T11:15:00","date_gmt":"2025-07-10T09:15:00","guid":{"rendered":"https:\/\/liquidmaster.pl\/innovacar-foam-app-block-aplikator-do-powlok-ceramicznych\/"},"modified":"2026-04-20T08:09:28","modified_gmt":"2026-04-20T06:09:28","slug":"innovacar-foam-app-block-aplikator-do-powlok-ceramicznych","status":"publish","type":"product","link":"https:\/\/liquidmaster.pl\/en\/innovacar-foam-app-block-aplikator-do-powlok-ceramicznych\/","title":{"rendered":"Innovacar Foam App Block - applicator for ceramic coatings"},"content":{"rendered":"<p>Innovacar Foam App Block \u2013 is a manual applicator for ceramic coatings created especially for easy application of nanotechnology treatments. It is usually used by wrapping a Micron Suede cloth around it.<\/p>\n<p>Main features:<\/p>\n<ul>\n<li>Dimensions: 9 x 4 x 2.5 cm.<\/li>\n<li>Dual density: the applicator is designed and developed with double foam; a denser, non-marking backing for better grip and a soft bottom to precisely and evenly distribute the product over the surface.<\/li>\n<li>Black color: perfect color contrast with Micron Suede.<\/li>\n<\/ul>","protected":false},"excerpt":{"rendered":"<p>Innovacar Foam App Block \u2013 to r\u0119czny aplikator do pow\u0142ok ceramicznych stworzony specjalnie z my\u015bl\u0105 o \u0142atwej aplikacji zabieg\u00f3w nanotechnologicznych. Zwykle u\u017cywa si\u0119 go, owijaj\u0105c wok\u00f3\u0142 niego \u015bciereczk\u0119 Micron Suede. G\u0142\u00f3wne cechy: Wymiary: 9 x 4 x 2,5 cm. Podw\u00f3jna g\u0119sto\u015b\u0107: aplikator zosta\u0142 zaprojektowany i opracowany z podw\u00f3jnej pianki; g\u0119stszy, niebrudz\u0105cy si\u0119 podk\u0142ad dla lepszego&hellip;&nbsp;<a href=\"https:\/\/liquidmaster.pl\/en\/innovacar-foam-app-block-aplikator-do-powlok-ceramicznych\/\" rel=\"bookmark\">Read More \u00bb<span class=\"screen-reader-text\">Innovacar Foam App Block - applicator for ceramic coatings<\/span><\/a><\/p>","protected":false},"featured_media":1847071,"comment_status":"open","ping_status":"open","template":"","meta":{"neve_meta_sidebar":"","neve_meta_container":"","neve_meta_enable_content_width":"","neve_meta_content_width":0,"neve_meta_title_alignment":"","neve_meta_author_avatar":"","neve_post_elements_order":"","neve_meta_disable_header":"","neve_meta_disable_footer":"","neve_meta_disable_title":"","_themeisle_gutenberg_block_has_review":false},"product_brand":[],"product_cat":[757,786,787],"product_tag":[310],"class_list":{"0":"post-1905068","1":"product","2":"type-product","3":"status-publish","4":"has-post-thumbnail","6":"product_cat-akcesoria","7":"product_cat-aplikatory","8":"product_cat-aplikatory-do-ceramiki","9":"product_tag-innovacar","11":"first","12":"instock","13":"taxable","14":"shipping-taxable","15":"purchasable","16":"product-type-simple"},"_links":{"self":[{"href":"https:\/\/liquidmaster.pl\/en\/wp-json\/wp\/v2\/product\/1905068","targetHints":{"allow":["GET"]}}],"collection":[{"href":"https:\/\/liquidmaster.pl\/en\/wp-json\/wp\/v2\/product"}],"about":[{"href":"https:\/\/liquidmaster.pl\/en\/wp-json\/wp\/v2\/types\/product"}],"replies":[{"embeddable":true,"href":"https:\/\/liquidmaster.pl\/en\/wp-json\/wp\/v2\/comments?post=1905068"}],"wp:featuredmedia":[{"embeddable":true,"href":"https:\/\/liquidmaster.pl\/en\/wp-json\/wp\/v2\/media\/1847071"}],"wp:attachment":[{"href":"https:\/\/liquidmaster.pl\/en\/wp-json\/wp\/v2\/media?parent=1905068"}],"wp:term":[{"taxonomy":"product_brand","embeddable":true,"href":"https:\/\/liquidmaster.pl\/en\/wp-json\/wp\/v2\/product_brand?post=1905068"},{"taxonomy":"product_cat","embeddable":true,"href":"https:\/\/liquidmaster.pl\/en\/wp-json\/wp\/v2\/product_cat?post=1905068"},{"taxonomy":"product_tag","embeddable":true,"href":"https:\/\/liquidmaster.pl\/en\/wp-json\/wp\/v2\/product_tag?post=1905068"}],"curies":[{"name":"wp","href":"https:\/\/api.w.org\/{rel}","templated":true}]}}